{"id":10856,"date":"2024-12-16T17:22:20","date_gmt":"2024-12-16T16:22:20","guid":{"rendered":"https:\/\/slubb.de\/gtc\/"},"modified":"2025-01-15T11:38:07","modified_gmt":"2025-01-15T10:38:07","slug":"gtc","status":"publish","type":"page","link":"https:\/\/slubb.de\/en\/gtc\/","title":{"rendered":"GTC"},"content":{"rendered":"\t\t<div data-elementor-type=\"wp-page\" data-elementor-id=\"10856\" class=\"elementor elementor-10856 elementor-112\" data-elementor-post-type=\"page\">\n\t\t\t\t\t\t<section class=\"elementor-section elementor-top-section elementor-element elementor-element-a8e148c elementor-section-boxed elementor-section-height-default elementor-section-height-default\" data-id=\"a8e148c\" data-element_type=\"section\" data-e-type=\"section\" data-settings=\"{&quot;background_background&quot;:&quot;classic&quot;}\">\n\t\t\t\t\t\t<div class=\"elementor-container elementor-column-gap-default\">\n\t\t\t\t\t<div class=\"elementor-column elementor-col-100 elementor-top-column elementor-element elementor-element-358c7d7\" data-id=\"358c7d7\" data-element_type=\"column\" data-e-type=\"column\">\n\t\t\t<div class=\"elementor-widget-wrap elementor-element-populated\">\n\t\t\t\t\t\t<div class=\"elementor-element elementor-element-ef25f97 elementor-widget elementor-widget-heading\" data-id=\"ef25f97\" data-element_type=\"widget\" data-e-type=\"widget\" data-settings=\"{&quot;motion_fx_motion_fx_scrolling&quot;:&quot;yes&quot;,&quot;motion_fx_translateY_effect&quot;:&quot;yes&quot;,&quot;motion_fx_translateY_direction&quot;:&quot;negative&quot;,&quot;motion_fx_translateY_affectedRange&quot;:{&quot;unit&quot;:&quot;%&quot;,&quot;size&quot;:&quot;&quot;,&quot;sizes&quot;:{&quot;start&quot;:0,&quot;end&quot;:50}},&quot;motion_fx_translateY_speed&quot;:{&quot;unit&quot;:&quot;px&quot;,&quot;size&quot;:4,&quot;sizes&quot;:[]},&quot;motion_fx_devices&quot;:[&quot;desktop&quot;,&quot;tablet&quot;,&quot;mobile&quot;]}\" data-widget_type=\"heading.default\">\n\t\t\t\t<div class=\"elementor-widget-container\">\n\t\t\t\t\t<h1 class=\"elementor-heading-title elementor-size-default\">GTC<\/h1>\t\t\t\t<\/div>\n\t\t\t\t<\/div>\n\t\t\t\t<div class=\"elementor-element elementor-element-389fd4f elementor-widget elementor-widget-text-editor\" data-id=\"389fd4f\" data-element_type=\"widget\" data-e-type=\"widget\" data-widget_type=\"text-editor.default\">\n\t\t\t\t<div class=\"elementor-widget-container\">\n\t\t\t\t\t\t\t\t\t<p>General terms and conditions and customer information<\/p>\n<p>I. General Terms and Conditions<\/p>\n<p>\u00a7 1 Basic provisions<\/p>\n<p>(1) The following business terms are applicable to all the contracts, which you conclude with us as a supplier (Michael Strobel) via the <a href=\"http:\/\/www.slubb.store\/\">www.slubb.storeschlie\u00dfen<\/a>website. Unless otherwise agreed, the inclusion of your own terms and conditions, if any, is contradicted. <\/p>\n<p>(2) A consumer within the meaning of the following provisions is any natural person who enters into a legal transaction for purposes that are predominantly outside his trade, business or profession. An entrepreneur is any natural or legal person or a partnership with legal capacity who or which, when entering into a legal transaction, acts in exercise of his or its independent professional or commercial activity. <\/p>\n<p>\u00a7 2 Formation of the contract<\/p>\n<p>(1) The subject of the contract is the sale of goods.<\/p>\n<p>(2) By placing the respective product on our website, we make you a binding offer to conclude a contract under the conditions specified in the item description.  <\/p>\n<p>(3) The contract is concluded via the online shopping cart system as follows:<br \/>The goods intended for purchase are placed in the &#8220;shopping cart&#8221;. You can call up the &#8220;shopping cart&#8221; via the corresponding button in the navigation bar and make changes there at any time.<br \/>After calling up the &#8220;Checkout&#8221; page and entering the personal data as well as the payment and shipping conditions, all order data is finally displayed again on the order overview page.<br \/>If you have selected an instant payment system (e.g. PayPal \/ PayPal Express, Amazon Payments, Sofort Payment) as your payment method, you will be prompted to do so.If you use an instant payment system (e.g. PayPal \/ PayPal Express, Amazon-Payments, Sofort) as your payment method, you will either be redirected to the order overview page in our online store or you will first be redirected to the website of the provider of the instant payment system.<br \/>If you are redirected to the respective instant payment system, make the appropriate selection or enter your data there. Finally, you will be redirected back to our online store on the order overview page.<br \/>Before submitting the order, you have the option of checking all the details again, changing them (also using the &#8220;back&#8221; function of the Internet browser) or canceling the purchase. <br \/>By sending the order via the &#8220;Buy now&#8221; button, you declare your legally binding acceptance of the offer, whereby the contract is concluded.  <\/p>\n<p>(4) Your requests for the preparation of an offer are non-binding for you. We will submit a binding offer to you in text form (e.g. by e-mail), which you can accept within 5 days. <\/p>\n<p>(5) The processing of the order and transmission of all information required in connection with the conclusion of the contract is partly automated by e-mail. You must therefore ensure that the e-mail address you have provided to us is correct, that the receipt of e-mails is technically ensured and, in particular, that it is not prevented by SPAM filters. <\/p>\n<p>\u00a7 3 Special agreements on payment methods offered<\/p>\n<p>(1) SEPA direct debit (basic and\/or company direct debit)<br \/>When paying by SEPA basic direct debit or SEPA company direct debit, you authorize us to collect the invoice amount from the specified account by issuing a corresponding SEPA mandate. <br \/>The direct debit will be collected within 10 days of conclusion of the contract.<br \/>The period for sending the pre-notification is reduced to 5 days before the due date. You are obliged to ensure that your account has sufficient funds on the due date. In the event of a returned direct debit due to your fault, you must bear the bank charges incurred.  <\/p>\n<p>\u00a7 4 Right of retention, retention of title<\/p>\n<p>(1) You may only exercise a right of retention insofar as it concerns claims arising from the same contractual relationship.<\/p>\n<p>(2) The goods shall remain our property until the purchase price has been paid in full.<\/p>\n<p>(3) If you are an entrepreneur, the following also applies:<\/p>\n<p>a) We reserve title to the goods until all claims arising from the current business relationship have been settled in full. Pledging or transfer by way of security is not permitted before the transfer of ownership of the reserved goods. <\/p>\n<p>b) You may resell the goods in the ordinary course of business. In this case, you hereby assign to us all claims in the amount of the invoice amount that accrue to you from the resale; we accept the assignment. You are further authorized to collect the claim. However, if you do not properly meet your payment obligations, we reserve the right to collect the claim ourselves.   <\/p>\n<p>c) If the goods subject to retention of title are combined and mixed, we shall acquire co-ownership of the new item in the ratio of the invoice value of the goods subject to retention of title to the other processed items at the time of processing.<\/p>\n<p>d) We undertake to release the securities to which we are entitled at your request to the extent that the realizable value of our securities exceeds the claim to be secured by more than 10%. We shall be responsible for selecting the securities to be released. <\/p>\n<p>\u00a7 5 Warranty<\/p>\n<p>(1) The statutory liability for defects shall apply.<\/p>\n<p>(2) As a consumer, you are requested to check the goods immediately upon delivery for completeness, obvious defects and transport damage and to notify us and the carrier of any complaints as soon as possible. If you fail to do so, this shall have no effect on your statutory warranty claims. <\/p>\n<p>(3) If you are an entrepreneur, the following shall apply in deviation from the above warranty provisions:<\/p>\n<p>a) Only our own specifications and the manufacturer&#8217;s product description shall be deemed agreed as the quality of the item, but not other advertising, public promotions and statements by the manufacturer.<\/p>\n<p>b) In the event of defects, we shall provide warranty at our discretion by rectification or subsequent delivery. If the rectification of defects fails, you may, at your discretion, demand a reduction in price or withdraw from the contract. The rectification of defects shall be deemed to have failed after the second unsuccessful attempt, unless the nature of the item or the defect or other circumstances indicate otherwise. In the event of rectification of defects, we shall not have to bear the increased costs incurred by moving the goods to a location other than the place of performance, provided that the move does not correspond to the intended use of the goods.   <\/p>\n<p>c) The warranty period is one year from delivery of the goods. The shortening of the period shall not apply: <\/p>\n<p>&#8211; for culpably caused damage attributable to us arising from injury to life, limb or health and for other damage caused intentionally or through gross negligence;<br \/>&#8211; insofar as we have fraudulently concealed the defect or have assumed a guarantee for the quality of the item;<br \/>&#8211; for items that have been used for a building in accordance with their normal use and have caused its defectiveness;<br \/>&#8211; for statutory recourse claims that you have against us in connection with warranty rights.<\/p>\n<p>\u00a7 6 Choice of law<\/p>\n<p>(1) German law shall apply. In the case of consumers, this choice of law shall only apply insofar as the protection afforded by mandatory provisions of the law of the state of the consumer&#8217;s habitual residence is not thereby withdrawn (principle of favorability). <\/p>\n<p>(2) The provisions of the UN Convention on Contracts for the International Sale of Goods shall expressly not apply.<\/p>\n<p>II Customer information<\/p>\n<p>1. identity of the seller<\/p>\n<p>Michael Strobel<br \/>Friedhofstra\u00dfe 10<br \/>42929 Wermelskirchen<br \/>Germany<br \/>Phone: 02196971022<br \/>E-mail: <a href=\"mailto:google@slubb.de\">google@slubb.de<\/a><\/p>\n<p>Alternative dispute resolution:<br \/>The European Commission provides a platform for out-of-court online dispute resolution (ODR platform), available at <a href=\"https:\/\/ec.europa.eu\/odr\">https:\/\/ec.europa.eu\/odr.<\/a><\/p>\n<p>2. information on the conclusion of the contract<\/p>\n<p>The technical steps for the conclusion of the contract, the conclusion of the contract itself and the correction options are carried out in accordance with the provisions &#8220;Conclusion of the contract&#8221; of our General Terms and Conditions (Part I.).<\/p>\n<p>3. contract language, contract text storage<\/p>\n<p>3.1. Vertragssprache ist deutsch . <\/p>\n<p>3.2. Der vollst\u00e4ndige Vertragstext wird von uns nicht gespeichert. Vor Absenden der Bestellung \u00fcber das Online \u2013 Warenkorbsystem k\u00f6nnen die Vertragsdaten \u00fcber die Druckfunktion des Browsers ausgedruckt oder elektronisch gesichert werden. Nach Zugang der Bestellung bei uns werden die Bestelldaten, die gesetzlich vorgeschriebenen Informationen bei Fernabsatzvertr\u00e4gen und die Allgemeinen Gesch\u00e4ftsbedingungen nochmals per E-Mail an Sie \u00fcbersandt.   <\/p>\n<p>3.3. Bei Angebotsanfragen au\u00dferhalb des Online-Warenkorbsystems erhalten Sie alle Vertragsdaten im Rahmen eines verbindlichen Angebotes in Textform \u00fcbersandt, z.B. per E-Mail, welche Sie ausdrucken oder elektronisch sichern k\u00f6nnen. <\/p>\n<p>4. essential characteristics of the goods or services<\/p>\n<p>The essential characteristics of the goods and\/or services can be found in the respective offer.<\/p>\n<p>5.0. Preise und Zahlungsmodalit\u00e4ten <\/p>\n<p>5.1. Die in den jeweiligen Angeboten angef\u00fchrten Preise sowie die Versandkosten stellen Gesamtpreise dar. Sie beinhalten alle Preisbestandteile einschlie\u00dflich aller anfallenden Steuern.  <\/p>\n<p>5.2. Die anfallenden Versandkosten sind nicht im Kaufpreis enthalten. Sie sind \u00fcber eine entsprechend bezeichnete Schaltfl\u00e4che auf unserer Internetpr\u00e4senz oder im jeweiligen Angebot aufrufbar, werden im Laufe des Bestellvorganges gesondert ausgewiesen und sind von Ihnen zus\u00e4tzlich zu tragen, soweit nicht die versandkostenfreie Lieferung zugesagt ist.  <\/p>\n<p>5.3. Entstandene Kosten der Geld\u00fcbermittlung (\u00dcberweisungs- oder Wechselkursgeb\u00fchren der Kreditinstitute) sind von Ihnen in den F\u00e4llen zu tragen, in denen die Lieferung in einen EU-Mitgliedsstaat erfolgt, die Zahlung aber au\u00dferhalb der Europ\u00e4ischen Union veranlasst wurde. <\/p>\n<p>5.4. Die Ihnen zur Verf\u00fcgung stehenden Zahlungsarten sind unter einer entsprechend bezeichneten Schaltfl\u00e4che auf unserer Internetpr\u00e4senz oder im jeweiligen Angebot ausgewiesen. <\/p>\n<p>5.5. Soweit bei den einzelnen Zahlungsarten nicht anders angegeben, sind die Zahlungsanspr\u00fcche aus dem geschlossenen Vertrag sofort zur Zahlung f\u00e4llig. <\/p>\n<p>6. terms of delivery<\/p>\n<p>6.1. Die Lieferbedingungen, der Liefertermin sowie gegebenenfalls bestehende Lieferbeschr\u00e4nkungen finden sich unter einer entsprechend bezeichneten Schaltfl\u00e4che auf unserer Internetpr\u00e4senz oder im jeweiligen Angebot. <\/p>\n<p>6.2. Soweit Sie Verbraucher sind ist gesetzlich geregelt, dass die Gefahr des zuf\u00e4lligen Untergangs und der zuf\u00e4lligen Verschlechterung der verkauften Sache w\u00e4hrend der Versendung erst mit der \u00dcbergabe der Ware an Sie \u00fcbergeht, unabh\u00e4ngig davon, ob die Versendung versichert oder unversichert erfolgt. Dies gilt nicht, wenn Sie eigenst\u00e4ndig ein nicht vom Unternehmer benanntes Transportunternehmen oder eine sonst zur Ausf\u00fchrung der Versendung bestimmte Person beauftragt haben.  <\/p>\n<p>If you are an entrepreneur, delivery and shipment are at your risk.<\/p>\n<p>7. statutory liability for defects<\/p>\n<p>Liability for defects is governed by the &#8220;Warranty&#8221; provision in our General Terms and Conditions (Part I).<\/p>\n<p>Alternative dispute resolution in accordance with Art. 14 para. 1 ODR-VO and \u00a7 36 VSBG: <\/p>\n<p>The European Commission provides a platform for online dispute resolution (OS), which you can find at <a href=\"https:\/\/ec.europa.eu\/consumers\/odr\">https:\/\/ec.europa.eu\/consumers\/odr<\/a>. We are not obliged or willing to participate in a dispute resolution procedure before a consumer arbitration board. <\/p>\n\t\t\t\t\t\t\t\t<\/div>\n\t\t\t\t<\/div>\n\t\t\t\t\t<\/div>\n\t\t<\/div>\n\t\t\t\t\t<\/div>\n\t\t<\/section>\n\t\t\t\t<\/div>\n\t\t","protected":false},"excerpt":{"rendered":"<p>GTC General terms and conditions and customer information I. General Terms and Conditions \u00a7 1 Basic provisions (1) The following business terms are applicable to all the contracts, which you conclude with us as a supplier (Michael Strobel) via the www.slubb.storeschlie\u00dfenwebsite. Unless otherwise agreed, the inclusion of your own terms and conditions, if any, is [&hellip;]<\/p>\n","protected":false},"author":1,"featured_media":0,"parent":0,"menu_order":1002,"comment_status":"closed","ping_status":"closed","template":"elementor_header_footer","meta":{"_acf_changed":false,"footnotes":""},"class_list":["post-10856","page","type-page","status-publish","hentry"],"acf":[],"yoast_head":"<!-- This site is optimized with the Yoast SEO plugin v27.4 - https:\/\/yoast.com\/product\/yoast-seo-wordpress\/ -->\n<title>GTC - Slubb\u00ae<\/title>\n<meta name=\"description\" content=\"GTC General terms and conditions and customer information I. General Terms and Conditions \u00a7 1 Basic provisions (1) The following business terms are\" \/>\n<meta name=\"robots\" content=\"index, follow, max-snippet:-1, max-image-preview:large, max-video-preview:-1\" \/>\n<link rel=\"canonical\" href=\"https:\/\/slubb.de\/en\/gtc\/\" \/>\n<meta property=\"og:locale\" content=\"en_US\" \/>\n<meta property=\"og:type\" content=\"article\" \/>\n<meta property=\"og:title\" content=\"GTC - Slubb\u00ae\" \/>\n<meta property=\"og:description\" content=\"GTC General terms and conditions and customer information I. General Terms and Conditions \u00a7 1 Basic provisions (1) The following business terms are\" \/>\n<meta property=\"og:url\" content=\"https:\/\/slubb.de\/en\/gtc\/\" \/>\n<meta property=\"og:site_name\" content=\"Slubb\u00ae\" \/>\n<meta property=\"article:modified_time\" content=\"2025-01-15T10:38:07+00:00\" \/>\n<meta name=\"twitter:card\" content=\"summary_large_image\" \/>\n<meta name=\"twitter:label1\" content=\"Est. reading time\" \/>\n\t<meta name=\"twitter:data1\" content=\"9 minutes\" \/>\n<script type=\"application\/ld+json\" class=\"yoast-schema-graph\">{\"@context\":\"https:\\\/\\\/schema.org\",\"@graph\":[{\"@type\":\"WebPage\",\"@id\":\"https:\\\/\\\/slubb.de\\\/en\\\/gtc\\\/\",\"url\":\"https:\\\/\\\/slubb.de\\\/en\\\/gtc\\\/\",\"name\":\"GTC - Slubb\u00ae\",\"isPartOf\":{\"@id\":\"https:\\\/\\\/slubb.de\\\/en\\\/#website\"},\"datePublished\":\"2024-12-16T16:22:20+00:00\",\"dateModified\":\"2025-01-15T10:38:07+00:00\",\"description\":\"GTC General terms and conditions and customer information I. General Terms and Conditions \u00a7 1 Basic provisions (1) The following business terms are\",\"breadcrumb\":{\"@id\":\"https:\\\/\\\/slubb.de\\\/en\\\/gtc\\\/#breadcrumb\"},\"inLanguage\":\"en-US\",\"potentialAction\":[{\"@type\":\"ReadAction\",\"target\":[\"https:\\\/\\\/slubb.de\\\/en\\\/gtc\\\/\"]}]},{\"@type\":\"BreadcrumbList\",\"@id\":\"https:\\\/\\\/slubb.de\\\/en\\\/gtc\\\/#breadcrumb\",\"itemListElement\":[{\"@type\":\"ListItem\",\"position\":1,\"name\":\"Startseite\",\"item\":\"https:\\\/\\\/slubb.de\\\/en\\\/home-page\\\/\"},{\"@type\":\"ListItem\",\"position\":2,\"name\":\"GTC\"}]},{\"@type\":\"WebSite\",\"@id\":\"https:\\\/\\\/slubb.de\\\/en\\\/#website\",\"url\":\"https:\\\/\\\/slubb.de\\\/en\\\/\",\"name\":\"Slubb\u00ae\",\"description\":\"\",\"publisher\":{\"@id\":\"https:\\\/\\\/slubb.de\\\/en\\\/#organization\"},\"potentialAction\":[{\"@type\":\"SearchAction\",\"target\":{\"@type\":\"EntryPoint\",\"urlTemplate\":\"https:\\\/\\\/slubb.de\\\/en\\\/?s={search_term_string}\"},\"query-input\":{\"@type\":\"PropertyValueSpecification\",\"valueRequired\":true,\"valueName\":\"search_term_string\"}}],\"inLanguage\":\"en-US\"},{\"@type\":\"Organization\",\"@id\":\"https:\\\/\\\/slubb.de\\\/en\\\/#organization\",\"name\":\"Slubb\u00ae\",\"url\":\"https:\\\/\\\/slubb.de\\\/en\\\/\",\"logo\":{\"@type\":\"ImageObject\",\"inLanguage\":\"en-US\",\"@id\":\"https:\\\/\\\/slubb.de\\\/en\\\/#\\\/schema\\\/logo\\\/image\\\/\",\"url\":\"https:\\\/\\\/slubb.de\\\/wp-content\\\/uploads\\\/2024\\\/12\\\/cropped-Slubb-Logo-Black.png\",\"contentUrl\":\"https:\\\/\\\/slubb.de\\\/wp-content\\\/uploads\\\/2024\\\/12\\\/cropped-Slubb-Logo-Black.png\",\"width\":500,\"height\":205,\"caption\":\"Slubb\u00ae\"},\"image\":{\"@id\":\"https:\\\/\\\/slubb.de\\\/en\\\/#\\\/schema\\\/logo\\\/image\\\/\"}}]}<\/script>\n<!-- \/ Yoast SEO plugin. -->","yoast_head_json":{"title":"GTC - Slubb\u00ae","description":"GTC General terms and conditions and customer information I. General Terms and Conditions \u00a7 1 Basic provisions (1) The following business terms are","robots":{"index":"index","follow":"follow","max-snippet":"max-snippet:-1","max-image-preview":"max-image-preview:large","max-video-preview":"max-video-preview:-1"},"canonical":"https:\/\/slubb.de\/en\/gtc\/","og_locale":"en_US","og_type":"article","og_title":"GTC - Slubb\u00ae","og_description":"GTC General terms and conditions and customer information I. General Terms and Conditions \u00a7 1 Basic provisions (1) The following business terms are","og_url":"https:\/\/slubb.de\/en\/gtc\/","og_site_name":"Slubb\u00ae","article_modified_time":"2025-01-15T10:38:07+00:00","twitter_card":"summary_large_image","twitter_misc":{"Est. reading time":"9 minutes"},"schema":{"@context":"https:\/\/schema.org","@graph":[{"@type":"WebPage","@id":"https:\/\/slubb.de\/en\/gtc\/","url":"https:\/\/slubb.de\/en\/gtc\/","name":"GTC - Slubb\u00ae","isPartOf":{"@id":"https:\/\/slubb.de\/en\/#website"},"datePublished":"2024-12-16T16:22:20+00:00","dateModified":"2025-01-15T10:38:07+00:00","description":"GTC General terms and conditions and customer information I. General Terms and Conditions \u00a7 1 Basic provisions (1) The following business terms are","breadcrumb":{"@id":"https:\/\/slubb.de\/en\/gtc\/#breadcrumb"},"inLanguage":"en-US","potentialAction":[{"@type":"ReadAction","target":["https:\/\/slubb.de\/en\/gtc\/"]}]},{"@type":"BreadcrumbList","@id":"https:\/\/slubb.de\/en\/gtc\/#breadcrumb","itemListElement":[{"@type":"ListItem","position":1,"name":"Startseite","item":"https:\/\/slubb.de\/en\/home-page\/"},{"@type":"ListItem","position":2,"name":"GTC"}]},{"@type":"WebSite","@id":"https:\/\/slubb.de\/en\/#website","url":"https:\/\/slubb.de\/en\/","name":"Slubb\u00ae","description":"","publisher":{"@id":"https:\/\/slubb.de\/en\/#organization"},"potentialAction":[{"@type":"SearchAction","target":{"@type":"EntryPoint","urlTemplate":"https:\/\/slubb.de\/en\/?s={search_term_string}"},"query-input":{"@type":"PropertyValueSpecification","valueRequired":true,"valueName":"search_term_string"}}],"inLanguage":"en-US"},{"@type":"Organization","@id":"https:\/\/slubb.de\/en\/#organization","name":"Slubb\u00ae","url":"https:\/\/slubb.de\/en\/","logo":{"@type":"ImageObject","inLanguage":"en-US","@id":"https:\/\/slubb.de\/en\/#\/schema\/logo\/image\/","url":"https:\/\/slubb.de\/wp-content\/uploads\/2024\/12\/cropped-Slubb-Logo-Black.png","contentUrl":"https:\/\/slubb.de\/wp-content\/uploads\/2024\/12\/cropped-Slubb-Logo-Black.png","width":500,"height":205,"caption":"Slubb\u00ae"},"image":{"@id":"https:\/\/slubb.de\/en\/#\/schema\/logo\/image\/"}}]}},"jetpack_sharing_enabled":true,"_links":{"self":[{"href":"https:\/\/slubb.de\/en\/wp-json\/wp\/v2\/pages\/10856","targetHints":{"allow":["GET"]}}],"collection":[{"href":"https:\/\/slubb.de\/en\/wp-json\/wp\/v2\/pages"}],"about":[{"href":"https:\/\/slubb.de\/en\/wp-json\/wp\/v2\/types\/page"}],"author":[{"embeddable":true,"href":"https:\/\/slubb.de\/en\/wp-json\/wp\/v2\/users\/1"}],"replies":[{"embeddable":true,"href":"https:\/\/slubb.de\/en\/wp-json\/wp\/v2\/comments?post=10856"}],"version-history":[{"count":1,"href":"https:\/\/slubb.de\/en\/wp-json\/wp\/v2\/pages\/10856\/revisions"}],"predecessor-version":[{"id":10858,"href":"https:\/\/slubb.de\/en\/wp-json\/wp\/v2\/pages\/10856\/revisions\/10858"}],"wp:attachment":[{"href":"https:\/\/slubb.de\/en\/wp-json\/wp\/v2\/media?parent=10856"}],"curies":[{"name":"wp","href":"https:\/\/api.w.org\/{rel}","templated":true}]}}