{"id":10827,"date":"2024-12-16T17:48:10","date_gmt":"2024-12-16T16:48:10","guid":{"rendered":"https:\/\/slubb.de\/trouble-de-lerection\/"},"modified":"2025-03-07T19:59:01","modified_gmt":"2025-03-07T18:59:01","slug":"trouble-de-lerection","status":"publish","type":"page","link":"https:\/\/slubb.de\/fr\/trouble-de-lerection\/","title":{"rendered":"Trouble de l&rsquo;\u00e9rection"},"content":{"rendered":"\t\t<div data-elementor-type=\"wp-page\" data-elementor-id=\"10827\" class=\"elementor elementor-10827 elementor-9966\" data-elementor-post-type=\"page\">\n\t\t\t\t\t\t<section class=\"elementor-section elementor-top-section elementor-element elementor-element-13d1f1f elementor-section-boxed elementor-section-height-default elementor-section-height-default\" data-id=\"13d1f1f\" data-element_type=\"section\" data-e-type=\"section\" data-settings=\"{&quot;background_background&quot;:&quot;classic&quot;}\">\n\t\t\t\t\t\t<div class=\"elementor-container elementor-column-gap-default\">\n\t\t\t\t\t<div class=\"elementor-column elementor-col-100 elementor-top-column elementor-element elementor-element-3b5dcf6\" data-id=\"3b5dcf6\" data-element_type=\"column\" data-e-type=\"column\">\n\t\t\t<div class=\"elementor-widget-wrap elementor-element-populated\">\n\t\t\t\t\t\t<div class=\"elementor-element elementor-element-42ac803 elementor-widget elementor-widget-heading\" data-id=\"42ac803\" data-element_type=\"widget\" data-e-type=\"widget\" data-settings=\"{&quot;motion_fx_motion_fx_scrolling&quot;:&quot;yes&quot;,&quot;motion_fx_translateY_effect&quot;:&quot;yes&quot;,&quot;motion_fx_translateY_direction&quot;:&quot;negative&quot;,&quot;motion_fx_translateY_affectedRange&quot;:{&quot;unit&quot;:&quot;%&quot;,&quot;size&quot;:&quot;&quot;,&quot;sizes&quot;:{&quot;start&quot;:0,&quot;end&quot;:50}},&quot;motion_fx_translateY_speed&quot;:{&quot;unit&quot;:&quot;px&quot;,&quot;size&quot;:4,&quot;sizes&quot;:[]},&quot;motion_fx_devices&quot;:[&quot;desktop&quot;,&quot;tablet&quot;,&quot;mobile&quot;]}\" data-widget_type=\"heading.default\">\n\t\t\t\t<div class=\"elementor-widget-container\">\n\t\t\t\t\t<h1 class=\"elementor-heading-title elementor-size-default\">Entra\u00eenement de l'\u00e9rection m\u00eame en cas de dysfonctionnement \u00e9rectile<\/h1>\t\t\t\t<\/div>\n\t\t\t\t<\/div>\n\t\t\t\t<div class=\"elementor-element elementor-element-5291c03 elementor-widget elementor-widget-image\" data-id=\"5291c03\" data-element_type=\"widget\" data-e-type=\"widget\" data-widget_type=\"image.default\">\n\t\t\t\t<div class=\"elementor-widget-container\">\n\t\t\t\t\t\t\t\t\t\t\t\t\t\t\t<img fetchpriority=\"high\" decoding=\"async\" width=\"800\" height=\"296\" src=\"https:\/\/slubb.de\/wp-content\/uploads\/2024\/12\/slubb-masturbator-e1617778685235-1024x379.jpg\" class=\"attachment-large size-large wp-image-10576\" alt=\"\" srcset=\"https:\/\/slubb.de\/wp-content\/uploads\/2024\/12\/slubb-masturbator-e1617778685235-1024x379.jpg 1024w, https:\/\/slubb.de\/wp-content\/uploads\/2024\/12\/slubb-masturbator-e1617778685235-300x111.jpg 300w, https:\/\/slubb.de\/wp-content\/uploads\/2024\/12\/slubb-masturbator-e1617778685235-768x284.jpg 768w, https:\/\/slubb.de\/wp-content\/uploads\/2024\/12\/slubb-masturbator-e1617778685235-1536x568.jpg 1536w, https:\/\/slubb.de\/wp-content\/uploads\/2024\/12\/slubb-masturbator-e1617778685235-600x222.jpg 600w, https:\/\/slubb.de\/wp-content\/uploads\/2024\/12\/slubb-masturbator-e1617778685235.jpg 1600w\" sizes=\"(max-width: 800px) 100vw, 800px\" \/>\t\t\t\t\t\t\t\t\t\t\t\t\t\t\t<\/div>\n\t\t\t\t<\/div>\n\t\t\t\t<div class=\"elementor-element elementor-element-9fd0116 elementor-align-center elementor-widget elementor-widget-button\" data-id=\"9fd0116\" data-element_type=\"widget\" data-e-type=\"widget\" data-widget_type=\"button.default\">\n\t\t\t\t<div class=\"elementor-widget-container\">\n\t\t\t\t\t\t\t\t\t<div class=\"elementor-button-wrapper\">\n\t\t\t\t\t<a class=\"elementor-button elementor-button-link elementor-size-sm\" href=\"https:\/\/slubb.de\/shop\/\">\n\t\t\t\t\t\t<span class=\"elementor-button-content-wrapper\">\n\t\t\t\t\t\t<span class=\"elementor-button-icon\">\n\t\t\t\t<i aria-hidden=\"true\" class=\"fas fa-shopping-cart\"><\/i>\t\t\t<\/span>\n\t\t\t\t\t\t\t\t\t<span class=\"elementor-button-text\">Commander maintenant<\/span>\n\t\t\t\t\t<\/span>\n\t\t\t\t\t<\/a>\n\t\t\t\t<\/div>\n\t\t\t\t\t\t\t\t<\/div>\n\t\t\t\t<\/div>\n\t\t\t\t<div class=\"elementor-element elementor-element-9402ce6 elementor-widget elementor-widget-heading\" data-id=\"9402ce6\" data-element_type=\"widget\" data-e-type=\"widget\" data-widget_type=\"heading.default\">\n\t\t\t\t<div class=\"elementor-widget-container\">\n\t\t\t\t\t<h2 class=\"elementor-heading-title elementor-size-default\">Saisissez votre titre ici<\/h2>\t\t\t\t<\/div>\n\t\t\t\t<\/div>\n\t\t\t\t<div class=\"elementor-element elementor-element-0552690 elementor-widget elementor-widget-text-editor\" data-id=\"0552690\" data-element_type=\"widget\" data-e-type=\"widget\" data-widget_type=\"text-editor.default\">\n\t\t\t\t<div class=\"elementor-widget-container\">\n\t\t\t\t\t\t\t\t\t<div>Pour maintenir la capacit\u00e9 d&rsquo;\u00e9rection (rigidit\u00e9 du membre), des raidissements r\u00e9guliers du p\u00e9nis sont n\u00e9cessaires pour maintenir la capacit\u00e9 d&rsquo;extension des corps caverneux. Chez les hommes jeunes, des \u00e9rections suffisantes ont g\u00e9n\u00e9ralement lieu naturellement, soit pendant le sommeil, soit pendant les rapports sexuels. <\/div>\n<div> <\/div>\n<div>Au cours de la vie, le d\u00e9sir sexuel diminue souvent, par exemple pour des raisons hormonales ou en raison de la situation g\u00e9n\u00e9rale. Souvent, le d\u00e9sir des partenaires sexuels diminue \u00e9galement au cours de la vie. <\/div>\n<div> <\/div>\n<div>Il en r\u00e9sulte une fr\u00e9quence trop faible de raidissement des membres, de sorte que la capacit\u00e9 d&rsquo;\u00e9rection peut diminuer au fil des ans.<\/div>\n<div> <\/div>\n<div>Le d\u00e9sir sexuel est en principe insatiable, c&rsquo;est-\u00e0-dire qu&rsquo;apr\u00e8s une activit\u00e9 sexuelle, quelle qu&rsquo;elle soit, le d\u00e9sir ne diminue pas mais au contraire augmente. A l&rsquo;inverse, si l&rsquo;on fait moins l&rsquo;amour, le d\u00e9sir diminue au fil du temps et les \u00e9rections se font plus rares. <\/div>\n<div> <\/div>\n<div>Pour changer cela, le slubb est une merveilleuse fa\u00e7on de maintenir ou d&rsquo;augmenter le plaisir de la sexualit\u00e9 et la capacit\u00e9 d&rsquo;\u00e9rection. En particulier lorsque les occasions sexuelles sont rares, le slubb est un moyen pour l&rsquo;homme, dans un esprit de pleine conscience, de se concentrer \u00e0 nouveau sur le plaisir et la merveilleuse sensation de rigidit\u00e9 des membres. <\/div>\n<div> <\/div>\n<div>L&rsquo;utilisation du Slubb est donc un \u00ab\u00a0instrument\u00a0\u00bb utile pour \u00e9largir ses horizons sexuels et ainsi pr\u00e9server et enrichir sa vie sexuelle.  <\/div>\n<div> <\/div>\n<div>Il est prouv\u00e9 que des exp\u00e9riences sexuelles r\u00e9guli\u00e8res et satisfaisantes contribuent au maintien d&rsquo;une bonne sant\u00e9 mentale et physique. Dans ce contexte, le slubb, dans sa forme attrayante pour de nombreux hommes, avec ou sans partenaire, peut \u00eatre une aide excitante.   <\/div>\n\t\t\t\t\t\t\t\t<\/div>\n\t\t\t\t<\/div>\n\t\t\t\t<div class=\"elementor-element elementor-element-b4e76b2 elementor-align-center elementor-widget elementor-widget-button\" data-id=\"b4e76b2\" data-element_type=\"widget\" data-e-type=\"widget\" data-widget_type=\"button.default\">\n\t\t\t\t<div class=\"elementor-widget-container\">\n\t\t\t\t\t\t\t\t\t<div class=\"elementor-button-wrapper\">\n\t\t\t\t\t<a class=\"elementor-button elementor-button-link elementor-size-sm\" href=\"https:\/\/slubb.de\/shop\/\">\n\t\t\t\t\t\t<span class=\"elementor-button-content-wrapper\">\n\t\t\t\t\t\t<span class=\"elementor-button-icon\">\n\t\t\t\t<i aria-hidden=\"true\" class=\"fas fa-shopping-cart\"><\/i>\t\t\t<\/span>\n\t\t\t\t\t\t\t\t\t<span class=\"elementor-button-text\">Commander maintenant<\/span>\n\t\t\t\t\t<\/span>\n\t\t\t\t\t<\/a>\n\t\t\t\t<\/div>\n\t\t\t\t\t\t\t\t<\/div>\n\t\t\t\t<\/div>\n\t\t\t\t\t<\/div>\n\t\t<\/div>\n\t\t\t\t\t<\/div>\n\t\t<\/section>\n\t\t\t\t<\/div>\n\t\t","protected":false},"excerpt":{"rendered":"<p>Entra\u00eenement de l&rsquo;\u00e9rection m\u00eame en cas de dysfonctionnement \u00e9rectile Commander maintenant Saisissez votre titre ici Pour maintenir la capacit\u00e9 d&rsquo;\u00e9rection (rigidit\u00e9 du membre), des raidissements r\u00e9guliers du p\u00e9nis sont n\u00e9cessaires pour maintenir la capacit\u00e9 d&rsquo;extension des corps caverneux. Chez les hommes jeunes, des \u00e9rections suffisantes ont g\u00e9n\u00e9ralement lieu naturellement, soit pendant le sommeil, soit pendant [&hellip;]<\/p>\n","protected":false},"author":1,"featured_media":0,"parent":0,"menu_order":10,"comment_status":"closed","ping_status":"closed","template":"elementor_header_footer","meta":{"_acf_changed":false,"footnotes":""},"class_list":["post-10827","page","type-page","status-publish","hentry"],"acf":[],"yoast_head":"<!-- This site is optimized with the Yoast SEO plugin v27.3 - https:\/\/yoast.com\/product\/yoast-seo-wordpress\/ -->\n<title>Trouble de l&#039;\u00e9rection - Slubb\u00ae<\/title>\n<meta name=\"description\" content=\"Entra\u00eenement de l&#039;\u00e9rection m\u00eame en cas de dysfonctionnement \u00e9rectile Commander maintenant Saisissez votre titre ici Pour maintenir la capacit\u00e9 d&#039;\u00e9rection\" \/>\n<meta name=\"robots\" content=\"index, follow, max-snippet:-1, max-image-preview:large, max-video-preview:-1\" \/>\n<link rel=\"canonical\" href=\"https:\/\/slubb.de\/fr\/trouble-de-lerection\/\" \/>\n<meta property=\"og:locale\" content=\"fr_FR\" \/>\n<meta property=\"og:type\" content=\"article\" \/>\n<meta property=\"og:title\" content=\"Trouble de l&#039;\u00e9rection - Slubb\u00ae\" \/>\n<meta property=\"og:description\" content=\"Entra\u00eenement de l&#039;\u00e9rection m\u00eame en cas de dysfonctionnement \u00e9rectile Commander maintenant Saisissez votre titre ici Pour maintenir la capacit\u00e9 d&#039;\u00e9rection\" \/>\n<meta property=\"og:url\" content=\"https:\/\/slubb.de\/fr\/trouble-de-lerection\/\" \/>\n<meta property=\"og:site_name\" content=\"Slubb\u00ae\" \/>\n<meta property=\"article:modified_time\" content=\"2025-03-07T18:59:01+00:00\" \/>\n<meta property=\"og:image\" content=\"https:\/\/slubb.de\/wp-content\/uploads\/2024\/12\/slubb-masturbator-e1617778685235.jpg\" \/>\n\t<meta property=\"og:image:width\" content=\"1600\" \/>\n\t<meta property=\"og:image:height\" content=\"592\" \/>\n\t<meta property=\"og:image:type\" content=\"image\/jpeg\" \/>\n<meta name=\"twitter:card\" content=\"summary_large_image\" \/>\n<meta name=\"twitter:label1\" content=\"Dur\u00e9e de lecture estim\u00e9e\" \/>\n\t<meta name=\"twitter:data1\" content=\"2 minutes\" \/>\n<script type=\"application\/ld+json\" class=\"yoast-schema-graph\">{\"@context\":\"https:\\\/\\\/schema.org\",\"@graph\":[{\"@type\":\"WebPage\",\"@id\":\"https:\\\/\\\/slubb.de\\\/fr\\\/trouble-de-lerection\\\/\",\"url\":\"https:\\\/\\\/slubb.de\\\/fr\\\/trouble-de-lerection\\\/\",\"name\":\"Trouble de l'\u00e9rection - Slubb\u00ae\",\"isPartOf\":{\"@id\":\"https:\\\/\\\/slubb.de\\\/fr\\\/#website\"},\"primaryImageOfPage\":{\"@id\":\"https:\\\/\\\/slubb.de\\\/fr\\\/trouble-de-lerection\\\/#primaryimage\"},\"image\":{\"@id\":\"https:\\\/\\\/slubb.de\\\/fr\\\/trouble-de-lerection\\\/#primaryimage\"},\"thumbnailUrl\":\"https:\\\/\\\/slubb.de\\\/wp-content\\\/uploads\\\/2024\\\/12\\\/slubb-masturbator-e1617778685235-1024x379.jpg\",\"datePublished\":\"2024-12-16T16:48:10+00:00\",\"dateModified\":\"2025-03-07T18:59:01+00:00\",\"description\":\"Entra\u00eenement de l'\u00e9rection m\u00eame en cas de dysfonctionnement \u00e9rectile Commander maintenant Saisissez votre titre ici Pour maintenir la capacit\u00e9 d'\u00e9rection\",\"breadcrumb\":{\"@id\":\"https:\\\/\\\/slubb.de\\\/fr\\\/trouble-de-lerection\\\/#breadcrumb\"},\"inLanguage\":\"fr-FR\",\"potentialAction\":[{\"@type\":\"ReadAction\",\"target\":[\"https:\\\/\\\/slubb.de\\\/fr\\\/trouble-de-lerection\\\/\"]}]},{\"@type\":\"ImageObject\",\"inLanguage\":\"fr-FR\",\"@id\":\"https:\\\/\\\/slubb.de\\\/fr\\\/trouble-de-lerection\\\/#primaryimage\",\"url\":\"https:\\\/\\\/slubb.de\\\/wp-content\\\/uploads\\\/2024\\\/12\\\/slubb-masturbator-e1617778685235-1024x379.jpg\",\"contentUrl\":\"https:\\\/\\\/slubb.de\\\/wp-content\\\/uploads\\\/2024\\\/12\\\/slubb-masturbator-e1617778685235-1024x379.jpg\"},{\"@type\":\"BreadcrumbList\",\"@id\":\"https:\\\/\\\/slubb.de\\\/fr\\\/trouble-de-lerection\\\/#breadcrumb\",\"itemListElement\":[{\"@type\":\"ListItem\",\"position\":1,\"name\":\"Startseite\",\"item\":\"https:\\\/\\\/slubb.de\\\/fr\\\/page-daccueil\\\/\"},{\"@type\":\"ListItem\",\"position\":2,\"name\":\"Trouble de l&#8217;\u00e9rection\"}]},{\"@type\":\"WebSite\",\"@id\":\"https:\\\/\\\/slubb.de\\\/fr\\\/#website\",\"url\":\"https:\\\/\\\/slubb.de\\\/fr\\\/\",\"name\":\"Slubb\u00ae\",\"description\":\"\",\"publisher\":{\"@id\":\"https:\\\/\\\/slubb.de\\\/fr\\\/#organization\"},\"potentialAction\":[{\"@type\":\"SearchAction\",\"target\":{\"@type\":\"EntryPoint\",\"urlTemplate\":\"https:\\\/\\\/slubb.de\\\/fr\\\/?s={search_term_string}\"},\"query-input\":{\"@type\":\"PropertyValueSpecification\",\"valueRequired\":true,\"valueName\":\"search_term_string\"}}],\"inLanguage\":\"fr-FR\"},{\"@type\":\"Organization\",\"@id\":\"https:\\\/\\\/slubb.de\\\/fr\\\/#organization\",\"name\":\"Slubb\u00ae\",\"url\":\"https:\\\/\\\/slubb.de\\\/fr\\\/\",\"logo\":{\"@type\":\"ImageObject\",\"inLanguage\":\"fr-FR\",\"@id\":\"https:\\\/\\\/slubb.de\\\/fr\\\/#\\\/schema\\\/logo\\\/image\\\/\",\"url\":\"https:\\\/\\\/slubb.de\\\/wp-content\\\/uploads\\\/2024\\\/12\\\/cropped-Slubb-Logo-Black.png\",\"contentUrl\":\"https:\\\/\\\/slubb.de\\\/wp-content\\\/uploads\\\/2024\\\/12\\\/cropped-Slubb-Logo-Black.png\",\"width\":500,\"height\":205,\"caption\":\"Slubb\u00ae\"},\"image\":{\"@id\":\"https:\\\/\\\/slubb.de\\\/fr\\\/#\\\/schema\\\/logo\\\/image\\\/\"}}]}<\/script>\n<!-- \/ Yoast SEO plugin. -->","yoast_head_json":{"title":"Trouble de l'\u00e9rection - Slubb\u00ae","description":"Entra\u00eenement de l'\u00e9rection m\u00eame en cas de dysfonctionnement \u00e9rectile Commander maintenant Saisissez votre titre ici Pour maintenir la capacit\u00e9 d'\u00e9rection","robots":{"index":"index","follow":"follow","max-snippet":"max-snippet:-1","max-image-preview":"max-image-preview:large","max-video-preview":"max-video-preview:-1"},"canonical":"https:\/\/slubb.de\/fr\/trouble-de-lerection\/","og_locale":"fr_FR","og_type":"article","og_title":"Trouble de l'\u00e9rection - Slubb\u00ae","og_description":"Entra\u00eenement de l'\u00e9rection m\u00eame en cas de dysfonctionnement \u00e9rectile Commander maintenant Saisissez votre titre ici Pour maintenir la capacit\u00e9 d'\u00e9rection","og_url":"https:\/\/slubb.de\/fr\/trouble-de-lerection\/","og_site_name":"Slubb\u00ae","article_modified_time":"2025-03-07T18:59:01+00:00","og_image":[{"width":1600,"height":592,"url":"https:\/\/slubb.de\/wp-content\/uploads\/2024\/12\/slubb-masturbator-e1617778685235.jpg","type":"image\/jpeg"}],"twitter_card":"summary_large_image","twitter_misc":{"Dur\u00e9e de lecture estim\u00e9e":"2 minutes"},"schema":{"@context":"https:\/\/schema.org","@graph":[{"@type":"WebPage","@id":"https:\/\/slubb.de\/fr\/trouble-de-lerection\/","url":"https:\/\/slubb.de\/fr\/trouble-de-lerection\/","name":"Trouble de l'\u00e9rection - Slubb\u00ae","isPartOf":{"@id":"https:\/\/slubb.de\/fr\/#website"},"primaryImageOfPage":{"@id":"https:\/\/slubb.de\/fr\/trouble-de-lerection\/#primaryimage"},"image":{"@id":"https:\/\/slubb.de\/fr\/trouble-de-lerection\/#primaryimage"},"thumbnailUrl":"https:\/\/slubb.de\/wp-content\/uploads\/2024\/12\/slubb-masturbator-e1617778685235-1024x379.jpg","datePublished":"2024-12-16T16:48:10+00:00","dateModified":"2025-03-07T18:59:01+00:00","description":"Entra\u00eenement de l'\u00e9rection m\u00eame en cas de dysfonctionnement \u00e9rectile Commander maintenant Saisissez votre titre ici Pour maintenir la capacit\u00e9 d'\u00e9rection","breadcrumb":{"@id":"https:\/\/slubb.de\/fr\/trouble-de-lerection\/#breadcrumb"},"inLanguage":"fr-FR","potentialAction":[{"@type":"ReadAction","target":["https:\/\/slubb.de\/fr\/trouble-de-lerection\/"]}]},{"@type":"ImageObject","inLanguage":"fr-FR","@id":"https:\/\/slubb.de\/fr\/trouble-de-lerection\/#primaryimage","url":"https:\/\/slubb.de\/wp-content\/uploads\/2024\/12\/slubb-masturbator-e1617778685235-1024x379.jpg","contentUrl":"https:\/\/slubb.de\/wp-content\/uploads\/2024\/12\/slubb-masturbator-e1617778685235-1024x379.jpg"},{"@type":"BreadcrumbList","@id":"https:\/\/slubb.de\/fr\/trouble-de-lerection\/#breadcrumb","itemListElement":[{"@type":"ListItem","position":1,"name":"Startseite","item":"https:\/\/slubb.de\/fr\/page-daccueil\/"},{"@type":"ListItem","position":2,"name":"Trouble de l&#8217;\u00e9rection"}]},{"@type":"WebSite","@id":"https:\/\/slubb.de\/fr\/#website","url":"https:\/\/slubb.de\/fr\/","name":"Slubb\u00ae","description":"","publisher":{"@id":"https:\/\/slubb.de\/fr\/#organization"},"potentialAction":[{"@type":"SearchAction","target":{"@type":"EntryPoint","urlTemplate":"https:\/\/slubb.de\/fr\/?s={search_term_string}"},"query-input":{"@type":"PropertyValueSpecification","valueRequired":true,"valueName":"search_term_string"}}],"inLanguage":"fr-FR"},{"@type":"Organization","@id":"https:\/\/slubb.de\/fr\/#organization","name":"Slubb\u00ae","url":"https:\/\/slubb.de\/fr\/","logo":{"@type":"ImageObject","inLanguage":"fr-FR","@id":"https:\/\/slubb.de\/fr\/#\/schema\/logo\/image\/","url":"https:\/\/slubb.de\/wp-content\/uploads\/2024\/12\/cropped-Slubb-Logo-Black.png","contentUrl":"https:\/\/slubb.de\/wp-content\/uploads\/2024\/12\/cropped-Slubb-Logo-Black.png","width":500,"height":205,"caption":"Slubb\u00ae"},"image":{"@id":"https:\/\/slubb.de\/fr\/#\/schema\/logo\/image\/"}}]}},"jetpack_sharing_enabled":true,"_links":{"self":[{"href":"https:\/\/slubb.de\/fr\/wp-json\/wp\/v2\/pages\/10827","targetHints":{"allow":["GET"]}}],"collection":[{"href":"https:\/\/slubb.de\/fr\/wp-json\/wp\/v2\/pages"}],"about":[{"href":"https:\/\/slubb.de\/fr\/wp-json\/wp\/v2\/types\/page"}],"author":[{"embeddable":true,"href":"https:\/\/slubb.de\/fr\/wp-json\/wp\/v2\/users\/1"}],"replies":[{"embeddable":true,"href":"https:\/\/slubb.de\/fr\/wp-json\/wp\/v2\/comments?post=10827"}],"version-history":[{"count":2,"href":"https:\/\/slubb.de\/fr\/wp-json\/wp\/v2\/pages\/10827\/revisions"}],"predecessor-version":[{"id":11104,"href":"https:\/\/slubb.de\/fr\/wp-json\/wp\/v2\/pages\/10827\/revisions\/11104"}],"wp:attachment":[{"href":"https:\/\/slubb.de\/fr\/wp-json\/wp\/v2\/media?parent=10827"}],"curies":[{"name":"wp","href":"https:\/\/api.w.org\/{rel}","templated":true}]}}