{"id":10829,"date":"2024-12-16T17:48:22","date_gmt":"2024-12-16T16:48:22","guid":{"rendered":"https:\/\/slubb.de\/critiques\/"},"modified":"2025-01-15T11:37:57","modified_gmt":"2025-01-15T10:37:57","slug":"critiques","status":"publish","type":"page","link":"https:\/\/slubb.de\/fr\/critiques\/","title":{"rendered":"Critiques"},"content":{"rendered":"\t\t<div data-elementor-type=\"wp-page\" data-elementor-id=\"10829\" class=\"elementor elementor-10829 elementor-9968\" data-elementor-post-type=\"page\">\n\t\t\t\t\t\t<section class=\"elementor-section elementor-top-section elementor-element elementor-element-2912045 elementor-section-boxed elementor-section-height-default elementor-section-height-default\" data-id=\"2912045\" data-element_type=\"section\" data-e-type=\"section\" data-settings=\"{&quot;background_background&quot;:&quot;classic&quot;}\">\n\t\t\t\t\t\t<div class=\"elementor-container elementor-column-gap-default\">\n\t\t\t\t\t<div class=\"elementor-column elementor-col-100 elementor-top-column elementor-element elementor-element-eb931b9\" data-id=\"eb931b9\" data-element_type=\"column\" data-e-type=\"column\">\n\t\t\t<div class=\"elementor-widget-wrap elementor-element-populated\">\n\t\t\t\t\t\t<div class=\"elementor-element elementor-element-93cc8c4 elementor-widget elementor-widget-heading\" data-id=\"93cc8c4\" data-element_type=\"widget\" data-e-type=\"widget\" data-settings=\"{&quot;motion_fx_motion_fx_scrolling&quot;:&quot;yes&quot;,&quot;motion_fx_translateY_effect&quot;:&quot;yes&quot;,&quot;motion_fx_translateY_direction&quot;:&quot;negative&quot;,&quot;motion_fx_translateY_affectedRange&quot;:{&quot;unit&quot;:&quot;%&quot;,&quot;size&quot;:&quot;&quot;,&quot;sizes&quot;:{&quot;start&quot;:0,&quot;end&quot;:50}},&quot;motion_fx_translateY_speed&quot;:{&quot;unit&quot;:&quot;px&quot;,&quot;size&quot;:4,&quot;sizes&quot;:[]},&quot;motion_fx_devices&quot;:[&quot;desktop&quot;,&quot;tablet&quot;,&quot;mobile&quot;]}\" data-widget_type=\"heading.default\">\n\t\t\t\t<div class=\"elementor-widget-container\">\n\t\t\t\t\t<h1 class=\"elementor-heading-title elementor-size-default\">Critiques<\/h1>\t\t\t\t<\/div>\n\t\t\t\t<\/div>\n\t\t\t\t<div class=\"elementor-element elementor-element-70964f8 elementor-grid-3 elementor-grid-tablet-2 elementor-grid-mobile-1 elementor-posts--thumbnail-top elementor-widget elementor-widget-posts\" data-id=\"70964f8\" data-element_type=\"widget\" data-e-type=\"widget\" data-settings=\"{&quot;rezension_loop_columns&quot;:&quot;3&quot;,&quot;rezension_loop_columns_tablet&quot;:&quot;2&quot;,&quot;rezension_loop_columns_mobile&quot;:&quot;1&quot;,&quot;rezension_loop_row_gap&quot;:{&quot;unit&quot;:&quot;px&quot;,&quot;size&quot;:35,&quot;sizes&quot;:[]},&quot;rezension_loop_row_gap_tablet&quot;:{&quot;unit&quot;:&quot;px&quot;,&quot;size&quot;:&quot;&quot;,&quot;sizes&quot;:[]},&quot;rezension_loop_row_gap_mobile&quot;:{&quot;unit&quot;:&quot;px&quot;,&quot;size&quot;:&quot;&quot;,&quot;sizes&quot;:[]}}\" data-widget_type=\"posts.rezension_loop\">\n\t\t\t\t<div class=\"elementor-widget-container\">\n\t\t\t\t\t\t\t<div class=\"elementor-posts-container elementor-posts elementor-posts--skin-rezension_loop elementor-grid\" role=\"list\">\n\t\t<div class=\"rezension_loop\">\n\t\t<i aria-hidden=\"true\" class=\"fas fa-quote-left\"><\/i>\n\t\t<div class=\"rezension_loop-title\">Ma\u00eetresse Kay des \u00c9tats-Unis<\/div>\n\t\t<div class=\"rezension_loop-text\">\"Si vous \u00eates \u00e0 la recherche d'un sextoy p\u00e9nien qui vous am\u00e8ne directement \u00e0 l'orgasme sans qu'on vous pose de questions, voici ce qu'il vous faut : Slubb\".<\/div>\n\t\t\t<\/div>\n<div class=\"rezension_loop\">\n\t\t<i aria-hidden=\"true\" class=\"fas fa-quote-left\"><\/i>\n\t\t<div class=\"rezension_loop-title\">Calea Toxic<\/div>\n\t\t<div class=\"rezension_loop-text\">\"J'aime utiliser le Slubb dans mes sessions. Bien dos\u00e9, c'est une garantie d'orgasme. C'est particuli\u00e8rement amusant de me voir faire \u00e9jaculer un esclave \u00e0 plusieurs reprises. Qu'il le veuille ou non\".<\/div>\n\t\t\t<\/div>\n<div class=\"rezension_loop\">\n\t\t<i aria-hidden=\"true\" class=\"fas fa-quote-left\"><\/i>\n\t\t<div class=\"rezension_loop-title\">Lady Alina<\/div>\n\t\t<div class=\"rezension_loop-text\">\"Je trouve le Slubb exceptionnel ! Comme je travaille comme dominatrice, j'ai tout de suite vu les avantages pour moi en tant que personne active sur le sujet passif.\nGr\u00e2ce \u00e0 la nouvelle vibration sur le p\u00e9nis, les testicules ou le reste des voies nerveuses situ\u00e9es sur le corps, le sujet re\u00e7oit de NOUVELLES stimulations. Et il m'est plus facile de cr\u00e9er des impulsions et d'amener ainsi plus rapidement le sujet \u00e0 l'objectif\/l'apog\u00e9e gr\u00e2ce \u00e0 une 'simple action manuelle'...\nDonc un produit TOP, car il a \u00e9t\u00e9 r\u00e9fl\u00e9chi et je le recommande absolument !\"  <\/div>\n\t\t\t<\/div>\n<div class=\"rezension_loop\">\n\t\t<i aria-hidden=\"true\" class=\"fas fa-quote-left\"><\/i>\n\t\t<div class=\"rezension_loop-title\">LADY STELLA<\/div>\n\t\t<div class=\"rezension_loop-text\">\"Le Slubb est un atout absolu pour mes sessions.\nJe le recommande sans r\u00e9serve.\nLe pur plaisir de la vibration !!!\"<\/div>\n\t\t\t<\/div>\n<div class=\"rezension_loop\">\n\t\t<i aria-hidden=\"true\" class=\"fas fa-quote-left\"><\/i>\n\t\t<div class=\"rezension_loop-title\">Madame Caramel<\/div>\n\t\t<div class=\"rezension_loop-text\">\"Slubb Review 10\/10\"<\/div>\n\t\t\t<\/div>\n<div class=\"rezension_loop\">\n\t\t<i aria-hidden=\"true\" class=\"fas fa-quote-left\"><\/i>\n\t\t<div class=\"rezension_loop-title\">Pierre de Landshut<\/div>\n\t\t<div class=\"rezension_loop-text\">\"Absolument fou et incroyablement intense. Je n'aurais jamais cru que je pouvais \u00eatre aussi sensible aux vibrations\". <\/div>\n\t\t\t<\/div>\n<div class=\"rezension_loop\">\n\t\t<i aria-hidden=\"true\" class=\"fas fa-quote-left\"><\/i>\n\t\t<div class=\"rezension_loop-title\">Michael de Hemmoor<\/div>\n\t\t<div class=\"rezension_loop-text\">\"La combinaison de l'outil et de l'envie a simplement \u00e9veill\u00e9 ma curiosit\u00e9. Heureusement\".<\/div>\n\t\t\t<\/div>\n<div class=\"rezension_loop\">\n\t\t<i aria-hidden=\"true\" class=\"fas fa-quote-left\"><\/i>\n\t\t<div class=\"rezension_loop-title\">Frank, Emmelsb\u00fcll<\/div>\n\t\t<div class=\"rezension_loop-text\">\"Tout simplement g\u00e9nial. Ce truc est vraiment g\u00e9nial\".<\/div>\n\t\t\t<\/div>\n<div class=\"rezension_loop\">\n\t\t<i aria-hidden=\"true\" class=\"fas fa-quote-left\"><\/i>\n\t\t<div class=\"rezension_loop-title\">Luca de Hambourg<\/div>\n\t\t<div class=\"rezension_loop-text\">\"Je ne savais pas que j'avais un vibrateur dans mon atelier. Classe et MERCI\"<\/div>\n\t\t\t<\/div>\n\t\t<\/div>\n\t\t\n\t\t\t\t\t\t<\/div>\n\t\t\t\t<\/div>\n\t\t\t\t\t<\/div>\n\t\t<\/div>\n\t\t\t\t\t<\/div>\n\t\t<\/section>\n\t\t\t\t<\/div>\n\t\t","protected":false},"excerpt":{"rendered":"<p>Critiques<\/p>\n","protected":false},"author":1,"featured_media":0,"parent":0,"menu_order":20,"comment_status":"closed","ping_status":"closed","template":"elementor_header_footer","meta":{"_acf_changed":false,"footnotes":""},"class_list":["post-10829","page","type-page","status-publish","hentry"],"acf":[],"yoast_head":"<!-- This site is optimized with the Yoast SEO plugin v27.4 - https:\/\/yoast.com\/product\/yoast-seo-wordpress\/ -->\n<title>Critiques - Slubb\u00ae<\/title>\n<meta name=\"description\" content=\"Critiques\" \/>\n<meta name=\"robots\" content=\"index, follow, max-snippet:-1, max-image-preview:large, max-video-preview:-1\" \/>\n<link rel=\"canonical\" href=\"https:\/\/slubb.de\/fr\/critiques\/\" \/>\n<meta property=\"og:locale\" content=\"fr_FR\" \/>\n<meta property=\"og:type\" content=\"article\" \/>\n<meta property=\"og:title\" content=\"Critiques - Slubb\u00ae\" \/>\n<meta property=\"og:description\" content=\"Critiques\" \/>\n<meta property=\"og:url\" content=\"https:\/\/slubb.de\/fr\/critiques\/\" \/>\n<meta property=\"og:site_name\" content=\"Slubb\u00ae\" \/>\n<meta property=\"article:modified_time\" content=\"2025-01-15T10:37:57+00:00\" \/>\n<meta name=\"twitter:card\" content=\"summary_large_image\" \/>\n<script type=\"application\/ld+json\" class=\"yoast-schema-graph\">{\"@context\":\"https:\\\/\\\/schema.org\",\"@graph\":[{\"@type\":\"WebPage\",\"@id\":\"https:\\\/\\\/slubb.de\\\/fr\\\/critiques\\\/\",\"url\":\"https:\\\/\\\/slubb.de\\\/fr\\\/critiques\\\/\",\"name\":\"Critiques - Slubb\u00ae\",\"isPartOf\":{\"@id\":\"https:\\\/\\\/slubb.de\\\/fr\\\/#website\"},\"datePublished\":\"2024-12-16T16:48:22+00:00\",\"dateModified\":\"2025-01-15T10:37:57+00:00\",\"description\":\"Critiques\",\"breadcrumb\":{\"@id\":\"https:\\\/\\\/slubb.de\\\/fr\\\/critiques\\\/#breadcrumb\"},\"inLanguage\":\"fr-FR\",\"potentialAction\":[{\"@type\":\"ReadAction\",\"target\":[\"https:\\\/\\\/slubb.de\\\/fr\\\/critiques\\\/\"]}]},{\"@type\":\"BreadcrumbList\",\"@id\":\"https:\\\/\\\/slubb.de\\\/fr\\\/critiques\\\/#breadcrumb\",\"itemListElement\":[{\"@type\":\"ListItem\",\"position\":1,\"name\":\"Startseite\",\"item\":\"https:\\\/\\\/slubb.de\\\/fr\\\/page-daccueil\\\/\"},{\"@type\":\"ListItem\",\"position\":2,\"name\":\"Critiques\"}]},{\"@type\":\"WebSite\",\"@id\":\"https:\\\/\\\/slubb.de\\\/fr\\\/#website\",\"url\":\"https:\\\/\\\/slubb.de\\\/fr\\\/\",\"name\":\"Slubb\u00ae\",\"description\":\"\",\"publisher\":{\"@id\":\"https:\\\/\\\/slubb.de\\\/fr\\\/#organization\"},\"potentialAction\":[{\"@type\":\"SearchAction\",\"target\":{\"@type\":\"EntryPoint\",\"urlTemplate\":\"https:\\\/\\\/slubb.de\\\/fr\\\/?s={search_term_string}\"},\"query-input\":{\"@type\":\"PropertyValueSpecification\",\"valueRequired\":true,\"valueName\":\"search_term_string\"}}],\"inLanguage\":\"fr-FR\"},{\"@type\":\"Organization\",\"@id\":\"https:\\\/\\\/slubb.de\\\/fr\\\/#organization\",\"name\":\"Slubb\u00ae\",\"url\":\"https:\\\/\\\/slubb.de\\\/fr\\\/\",\"logo\":{\"@type\":\"ImageObject\",\"inLanguage\":\"fr-FR\",\"@id\":\"https:\\\/\\\/slubb.de\\\/fr\\\/#\\\/schema\\\/logo\\\/image\\\/\",\"url\":\"https:\\\/\\\/slubb.de\\\/wp-content\\\/uploads\\\/2024\\\/12\\\/cropped-Slubb-Logo-Black.png\",\"contentUrl\":\"https:\\\/\\\/slubb.de\\\/wp-content\\\/uploads\\\/2024\\\/12\\\/cropped-Slubb-Logo-Black.png\",\"width\":500,\"height\":205,\"caption\":\"Slubb\u00ae\"},\"image\":{\"@id\":\"https:\\\/\\\/slubb.de\\\/fr\\\/#\\\/schema\\\/logo\\\/image\\\/\"}}]}<\/script>\n<!-- \/ Yoast SEO plugin. -->","yoast_head_json":{"title":"Critiques - Slubb\u00ae","description":"Critiques","robots":{"index":"index","follow":"follow","max-snippet":"max-snippet:-1","max-image-preview":"max-image-preview:large","max-video-preview":"max-video-preview:-1"},"canonical":"https:\/\/slubb.de\/fr\/critiques\/","og_locale":"fr_FR","og_type":"article","og_title":"Critiques - Slubb\u00ae","og_description":"Critiques","og_url":"https:\/\/slubb.de\/fr\/critiques\/","og_site_name":"Slubb\u00ae","article_modified_time":"2025-01-15T10:37:57+00:00","twitter_card":"summary_large_image","schema":{"@context":"https:\/\/schema.org","@graph":[{"@type":"WebPage","@id":"https:\/\/slubb.de\/fr\/critiques\/","url":"https:\/\/slubb.de\/fr\/critiques\/","name":"Critiques - Slubb\u00ae","isPartOf":{"@id":"https:\/\/slubb.de\/fr\/#website"},"datePublished":"2024-12-16T16:48:22+00:00","dateModified":"2025-01-15T10:37:57+00:00","description":"Critiques","breadcrumb":{"@id":"https:\/\/slubb.de\/fr\/critiques\/#breadcrumb"},"inLanguage":"fr-FR","potentialAction":[{"@type":"ReadAction","target":["https:\/\/slubb.de\/fr\/critiques\/"]}]},{"@type":"BreadcrumbList","@id":"https:\/\/slubb.de\/fr\/critiques\/#breadcrumb","itemListElement":[{"@type":"ListItem","position":1,"name":"Startseite","item":"https:\/\/slubb.de\/fr\/page-daccueil\/"},{"@type":"ListItem","position":2,"name":"Critiques"}]},{"@type":"WebSite","@id":"https:\/\/slubb.de\/fr\/#website","url":"https:\/\/slubb.de\/fr\/","name":"Slubb\u00ae","description":"","publisher":{"@id":"https:\/\/slubb.de\/fr\/#organization"},"potentialAction":[{"@type":"SearchAction","target":{"@type":"EntryPoint","urlTemplate":"https:\/\/slubb.de\/fr\/?s={search_term_string}"},"query-input":{"@type":"PropertyValueSpecification","valueRequired":true,"valueName":"search_term_string"}}],"inLanguage":"fr-FR"},{"@type":"Organization","@id":"https:\/\/slubb.de\/fr\/#organization","name":"Slubb\u00ae","url":"https:\/\/slubb.de\/fr\/","logo":{"@type":"ImageObject","inLanguage":"fr-FR","@id":"https:\/\/slubb.de\/fr\/#\/schema\/logo\/image\/","url":"https:\/\/slubb.de\/wp-content\/uploads\/2024\/12\/cropped-Slubb-Logo-Black.png","contentUrl":"https:\/\/slubb.de\/wp-content\/uploads\/2024\/12\/cropped-Slubb-Logo-Black.png","width":500,"height":205,"caption":"Slubb\u00ae"},"image":{"@id":"https:\/\/slubb.de\/fr\/#\/schema\/logo\/image\/"}}]}},"jetpack_sharing_enabled":true,"_links":{"self":[{"href":"https:\/\/slubb.de\/fr\/wp-json\/wp\/v2\/pages\/10829","targetHints":{"allow":["GET"]}}],"collection":[{"href":"https:\/\/slubb.de\/fr\/wp-json\/wp\/v2\/pages"}],"about":[{"href":"https:\/\/slubb.de\/fr\/wp-json\/wp\/v2\/types\/page"}],"author":[{"embeddable":true,"href":"https:\/\/slubb.de\/fr\/wp-json\/wp\/v2\/users\/1"}],"replies":[{"embeddable":true,"href":"https:\/\/slubb.de\/fr\/wp-json\/wp\/v2\/comments?post=10829"}],"version-history":[{"count":1,"href":"https:\/\/slubb.de\/fr\/wp-json\/wp\/v2\/pages\/10829\/revisions"}],"predecessor-version":[{"id":10830,"href":"https:\/\/slubb.de\/fr\/wp-json\/wp\/v2\/pages\/10829\/revisions\/10830"}],"wp:attachment":[{"href":"https:\/\/slubb.de\/fr\/wp-json\/wp\/v2\/media?parent=10829"}],"curies":[{"name":"wp","href":"https:\/\/api.w.org\/{rel}","templated":true}]}}