{"id":10839,"date":"2024-12-16T17:22:20","date_gmt":"2024-12-16T16:22:20","guid":{"rendered":"https:\/\/slubb.de\/information-sur-le-droit-de-retractation\/"},"modified":"2025-01-15T11:38:07","modified_gmt":"2025-01-15T10:38:07","slug":"information-sur-le-droit-de-retractation","status":"publish","type":"page","link":"https:\/\/slubb.de\/fr\/information-sur-le-droit-de-retractation\/","title":{"rendered":"Information sur le droit de r\u00e9tractation"},"content":{"rendered":"\t\t<div data-elementor-type=\"wp-page\" data-elementor-id=\"10839\" class=\"elementor elementor-10839 elementor-113\" data-elementor-post-type=\"page\">\n\t\t\t\t\t\t<section class=\"elementor-section elementor-top-section elementor-element elementor-element-e2fcd46 elementor-section-boxed elementor-section-height-default elementor-section-height-default\" data-id=\"e2fcd46\" data-element_type=\"section\" data-e-type=\"section\" data-settings=\"{&quot;background_background&quot;:&quot;classic&quot;}\">\n\t\t\t\t\t\t<div class=\"elementor-container elementor-column-gap-default\">\n\t\t\t\t\t<div class=\"elementor-column elementor-col-100 elementor-top-column elementor-element elementor-element-37682dd\" data-id=\"37682dd\" data-element_type=\"column\" data-e-type=\"column\">\n\t\t\t<div class=\"elementor-widget-wrap elementor-element-populated\">\n\t\t\t\t\t\t<div class=\"elementor-element elementor-element-1d9b98b elementor-widget elementor-widget-heading\" data-id=\"1d9b98b\" data-element_type=\"widget\" data-e-type=\"widget\" data-settings=\"{&quot;motion_fx_motion_fx_scrolling&quot;:&quot;yes&quot;,&quot;motion_fx_translateY_effect&quot;:&quot;yes&quot;,&quot;motion_fx_translateY_direction&quot;:&quot;negative&quot;,&quot;motion_fx_translateY_affectedRange&quot;:{&quot;unit&quot;:&quot;%&quot;,&quot;size&quot;:&quot;&quot;,&quot;sizes&quot;:{&quot;start&quot;:0,&quot;end&quot;:50}},&quot;motion_fx_translateY_speed&quot;:{&quot;unit&quot;:&quot;px&quot;,&quot;size&quot;:4,&quot;sizes&quot;:[]},&quot;motion_fx_devices&quot;:[&quot;desktop&quot;,&quot;tablet&quot;,&quot;mobile&quot;]}\" data-widget_type=\"heading.default\">\n\t\t\t\t<div class=\"elementor-widget-container\">\n\t\t\t\t\t<h1 class=\"elementor-heading-title elementor-size-default\">Information sur le droit de r\u00e9tractation<\/h1>\t\t\t\t<\/div>\n\t\t\t\t<\/div>\n\t\t\t\t<div class=\"elementor-element elementor-element-c25a645 elementor-widget elementor-widget-text-editor\" data-id=\"c25a645\" data-element_type=\"widget\" data-e-type=\"widget\" data-widget_type=\"text-editor.default\">\n\t\t\t\t<div class=\"elementor-widget-container\">\n\t\t\t\t\t\t\t\t\t<p><strong>Droit de r\u00e9tractation pour les consommateurs <\/strong><br \/>(le consommateur est toute personne physique qui conclut un acte juridique \u00e0 des fins qui, pour l&rsquo;essentiel, ne peuvent \u00eatre attribu\u00e9es ni \u00e0 son activit\u00e9 commerciale ni \u00e0 son activit\u00e9 professionnelle ind\u00e9pendante).<\/p>\n<p><strong>Information sur le droit de r\u00e9tractation<\/strong><\/p>\n<p><strong>Droit de r\u00e9tractation<\/strong><br \/>Vous avez le droit de vous r\u00e9tracter du pr\u00e9sent contrat dans un d\u00e9lai de quatorze jours sans donner de motif.<br \/>Le d\u00e9lai de r\u00e9tractation est de quatorze jours \u00e0 compter du jour,<\/p>\n<p>&#8211; le jour o\u00f9 vous ou un tiers d\u00e9sign\u00e9 par vous, qui n&rsquo;est pas le transporteur, avez pris possession des marchandises, dans la mesure o\u00f9 vous avez command\u00e9 une ou plusieurs marchandises dans le cadre d&rsquo;une commande unique et que celles-ci sont ou seront livr\u00e9es de mani\u00e8re uniforme ;<\/p>\n<p>&#8211; le jour o\u00f9 vous ou un tiers d\u00e9sign\u00e9 par vous, qui n&rsquo;est pas le transporteur, avez pris ou a pris possession de la derni\u00e8re marchandise, dans la mesure o\u00f9 vous avez command\u00e9 plusieurs marchandises dans le cadre d&rsquo;une commande unique et que celles-ci sont livr\u00e9es s\u00e9par\u00e9ment ;<\/p>\n<p>&#8211; le jour o\u00f9 vous, ou un tiers autre que le transporteur et d\u00e9sign\u00e9 par vous, avez pris possession du dernier envoi partiel ou de la derni\u00e8re pi\u00e8ce, si vous avez command\u00e9 des marchandises livr\u00e9es en plusieurs envois partiels ou pi\u00e8ces ;<\/p>\n<p>Pour exercer votre droit de r\u00e9tractation, vous devez nous informer <strong>(Michael Strobel, Friedhofstra\u00dfe 10, 42929 Wermelskirchen, num\u00e9ro de t\u00e9l\u00e9phone : 02196 884756, num\u00e9ro de t\u00e9l\u00e9copie : 02196971044, adresse e-mail : info@slubb.store)<\/strong> de votre d\u00e9cision de vous r\u00e9tracter du pr\u00e9sent contrat au moyen d&rsquo;une d\u00e9claration d\u00e9nu\u00e9e d&rsquo;ambigu\u00eft\u00e9 (par ex. lettre envoy\u00e9e par la poste, t\u00e9l\u00e9copie ou e-mail). Pour ce faire, vous pouvez utiliser le mod\u00e8le de formulaire de r\u00e9tractation ci-joint, qui n&rsquo;est toutefois pas obligatoire. <\/p>\n<p>Vous pouvez \u00e9galement remplir et transmettre \u00e9lectroniquement le mod\u00e8le de formulaire de r\u00e9tractation ou toute autre d\u00e9claration claire sur notre site web (www.slubb.store). Si vous faites usage de cette possibilit\u00e9, nous vous enverrons sans d\u00e9lai (par ex. par e-mail) un accus\u00e9 de r\u00e9ception d&rsquo;une telle r\u00e9tractation. <\/p>\n<p>Pour que le d\u00e9lai de r\u00e9tractation soit respect\u00e9, il suffit que vous envoyiez la communication relative \u00e0 l&rsquo;exercice du droit de r\u00e9tractation avant l&rsquo;expiration du d\u00e9lai de r\u00e9tractation.<\/p>\n<p><strong>Cons\u00e9quences de la r\u00e9tractation<\/strong><\/p>\n<p>En cas de r\u00e9tractation du pr\u00e9sent contrat, nous vous rembourserons tous les paiements re\u00e7us de vous, y compris les frais de livraison (\u00e0 l&rsquo;exception des frais suppl\u00e9mentaires d\u00e9coulant du fait que vous avez choisi un mode de livraison autre que le mode moins co\u00fbteux de livraison standard propos\u00e9 par nous), sans retard excessif et au plus tard quatorze jours \u00e0 compter de la date \u00e0 laquelle nous aurons \u00e9t\u00e9 inform\u00e9s de votre d\u00e9cision de r\u00e9tractation du pr\u00e9sent contrat. Pour ce remboursement, nous utilisons le m\u00eame moyen de paiement que celui que vous avez utilis\u00e9 pour la transaction initiale, \u00e0 moins qu&rsquo;il n&rsquo;en ait \u00e9t\u00e9 express\u00e9ment convenu autrement avec vous ; en aucun cas, des frais ne vous seront factur\u00e9s pour ce remboursement. <\/p>\n<p>Nous pouvons refuser le remboursement jusqu&rsquo;\u00e0 ce que nous ayons r\u00e9cup\u00e9r\u00e9 les biens ou jusqu&rsquo;\u00e0 ce que vous ayez fourni la preuve que vous avez renvoy\u00e9 les biens, la date retenue \u00e9tant la plus proche.<\/p>\n<p>Vous devez nous renvoyer ou nous remettre les biens sans retard excessif et, en tout \u00e9tat de cause, au plus tard quatorze jours \u00e0 compter du jour o\u00f9 vous nous informez de votre d\u00e9cision de r\u00e9tractation du pr\u00e9sent contrat. Le d\u00e9lai est respect\u00e9 si vous renvoyez les biens avant l&rsquo;expiration du d\u00e9lai de quatorze jours. <\/p>\n<p>Nous prenons en charge les frais de retour des marchandises.<\/p>\n<p>Vous ne devez payer pour une \u00e9ventuelle perte de valeur des biens que si cette perte de valeur est due \u00e0 une manipulation des biens qui n&rsquo;est pas n\u00e9cessaire pour v\u00e9rifier leur nature, leurs caract\u00e9ristiques et leur fonctionnement.<\/p>\n<p><strong>Motifs d&rsquo;exclusion ou d&rsquo;extinction<\/strong><\/p>\n<p>Le droit de r\u00e9tractation ne s&rsquo;applique pas aux contrats<\/p>\n<p>&#8211; pour la livraison de marchandises qui ne sont pas pr\u00e9fabriqu\u00e9es et pour la production desquelles un choix individuel ou une d\u00e9termination par le consommateur est d\u00e9terminant ou qui sont clairement adapt\u00e9es aux besoins personnels du consommateur ;<br \/>&#8211; pour la livraison de marchandises qui peuvent se d\u00e9t\u00e9riorer rapidement ou dont la date d&rsquo;expiration serait rapidement d\u00e9pass\u00e9e ;<br \/>&#8211; pour la livraison de boissons alcoolis\u00e9es dont le prix a \u00e9t\u00e9 convenu lors de la conclusion du contrat, mais qui ne peuvent \u00eatre livr\u00e9es avant 30 jours apr\u00e8s la conclusion du contrat et dont la valeur actuelle d\u00e9pend de fluctuations du march\u00e9 sur lesquelles l&rsquo;entrepreneur n&rsquo;a aucune influence ;<br \/>&#8211; pour la livraison de journaux, de revues ou de magazines, \u00e0 l&rsquo;exception des contrats d&rsquo;abonnement.<\/p>\n<p>Le droit de r\u00e9tractation expire de mani\u00e8re anticip\u00e9e pour les contrats<\/p>\n<p>&#8211; pour la livraison de biens scell\u00e9s qui ne peuvent \u00eatre retourn\u00e9s pour des raisons de protection de la sant\u00e9 ou d&rsquo;hygi\u00e8ne, si leur sceau a \u00e9t\u00e9 retir\u00e9 apr\u00e8s la livraison ;<br \/>&#8211; pour la livraison de biens si, apr\u00e8s la livraison, ils ont \u00e9t\u00e9 m\u00e9lang\u00e9s de mani\u00e8re ins\u00e9parable avec d&rsquo;autres biens en raison de leur nature ;<br \/>&#8211; pour la livraison d&rsquo;enregistrements audio ou vid\u00e9o ou de logiciels informatiques dans un emballage scell\u00e9, si le sceau a \u00e9t\u00e9 retir\u00e9 apr\u00e8s la livraison.<\/p>\n<hr class=\"wp-block-separator\">\n<p><strong>Mod\u00e8le de formulaire de r\u00e9tractation<\/strong><\/p>\n<p>(Si vous souhaitez annuler le contrat, veuillez remplir et renvoyer ce formulaire).<\/p>\n<p>&#8211; \u00c0 Michael Strobel, Friedhofstra\u00dfe 10, 42929 Wermelskirchen, num\u00e9ro de t\u00e9l\u00e9copie : 02196971044, adresse \u00e9lectronique : info@slubb.store :<\/p>\n<p>&#8211; Par la pr\u00e9sente, je\/nous (*) r\u00e9voque(ons) le contrat que j&rsquo;ai\/nous avons (*) conclu pour l&rsquo;achat des marchandises suivantes (*)\/<br \/> la fourniture du service suivant (*)<\/p>\n<p>&#8211; Command\u00e9 le (*)\/re\u00e7u le (*)<\/p>\n<p>&#8211; Nom du\/des consommateur(s)<br \/>&#8211; Adresse du\/des consommateur(s)<br \/>&#8211; Signature du\/des consommateur(s) (uniquement en cas de communication sur papier)<br \/>&#8211; Date<\/p>\n<p>(*) Biffer la mention inutile.<\/p>\n\t\t\t\t\t\t\t\t<\/div>\n\t\t\t\t<\/div>\n\t\t\t\t\t<\/div>\n\t\t<\/div>\n\t\t\t\t\t<\/div>\n\t\t<\/section>\n\t\t\t\t<\/div>\n\t\t","protected":false},"excerpt":{"rendered":"<p>Information sur le droit de r\u00e9tractation Droit de r\u00e9tractation pour les consommateurs (le consommateur est toute personne physique qui conclut un acte juridique \u00e0 des fins qui, pour l&rsquo;essentiel, ne peuvent \u00eatre attribu\u00e9es ni \u00e0 son activit\u00e9 commerciale ni \u00e0 son activit\u00e9 professionnelle ind\u00e9pendante). Information sur le droit de r\u00e9tractation Droit de r\u00e9tractationVous avez le [&hellip;]<\/p>\n","protected":false},"author":1,"featured_media":0,"parent":0,"menu_order":1003,"comment_status":"closed","ping_status":"closed","template":"elementor_header_footer","meta":{"_acf_changed":false,"footnotes":""},"class_list":["post-10839","page","type-page","status-publish","hentry"],"acf":[],"yoast_head":"<!-- This site is optimized with the Yoast SEO plugin v27.5 - https:\/\/yoast.com\/product\/yoast-seo-wordpress\/ -->\n<title>Information sur le droit de r\u00e9tractation - Slubb\u00ae<\/title>\n<meta name=\"description\" content=\"Information sur le droit de r\u00e9tractation Droit de r\u00e9tractation pour les consommateurs (le consommateur est toute personne physique qui conclut un acte\" \/>\n<meta name=\"robots\" content=\"index, follow, max-snippet:-1, max-image-preview:large, max-video-preview:-1\" \/>\n<link rel=\"canonical\" href=\"https:\/\/slubb.de\/fr\/information-sur-le-droit-de-retractation\/\" \/>\n<meta property=\"og:locale\" content=\"fr_FR\" \/>\n<meta property=\"og:type\" content=\"article\" \/>\n<meta property=\"og:title\" content=\"Information sur le droit de r\u00e9tractation - Slubb\u00ae\" \/>\n<meta property=\"og:description\" content=\"Information sur le droit de r\u00e9tractation Droit de r\u00e9tractation pour les consommateurs (le consommateur est toute personne physique qui conclut un acte\" \/>\n<meta property=\"og:url\" content=\"https:\/\/slubb.de\/fr\/information-sur-le-droit-de-retractation\/\" \/>\n<meta property=\"og:site_name\" content=\"Slubb\u00ae\" \/>\n<meta property=\"article:modified_time\" content=\"2025-01-15T10:38:07+00:00\" \/>\n<meta name=\"twitter:card\" content=\"summary_large_image\" \/>\n<meta name=\"twitter:label1\" content=\"Dur\u00e9e de lecture estim\u00e9e\" \/>\n\t<meta name=\"twitter:data1\" content=\"5 minutes\" \/>\n<script type=\"application\/ld+json\" class=\"yoast-schema-graph\">{\"@context\":\"https:\\\/\\\/schema.org\",\"@graph\":[{\"@type\":\"WebPage\",\"@id\":\"https:\\\/\\\/slubb.de\\\/fr\\\/information-sur-le-droit-de-retractation\\\/\",\"url\":\"https:\\\/\\\/slubb.de\\\/fr\\\/information-sur-le-droit-de-retractation\\\/\",\"name\":\"Information sur le droit de r\u00e9tractation - Slubb\u00ae\",\"isPartOf\":{\"@id\":\"https:\\\/\\\/slubb.de\\\/fr\\\/#website\"},\"datePublished\":\"2024-12-16T16:22:20+00:00\",\"dateModified\":\"2025-01-15T10:38:07+00:00\",\"description\":\"Information sur le droit de r\u00e9tractation Droit de r\u00e9tractation pour les consommateurs (le consommateur est toute personne physique qui conclut un acte\",\"breadcrumb\":{\"@id\":\"https:\\\/\\\/slubb.de\\\/fr\\\/information-sur-le-droit-de-retractation\\\/#breadcrumb\"},\"inLanguage\":\"fr-FR\",\"potentialAction\":[{\"@type\":\"ReadAction\",\"target\":[\"https:\\\/\\\/slubb.de\\\/fr\\\/information-sur-le-droit-de-retractation\\\/\"]}]},{\"@type\":\"BreadcrumbList\",\"@id\":\"https:\\\/\\\/slubb.de\\\/fr\\\/information-sur-le-droit-de-retractation\\\/#breadcrumb\",\"itemListElement\":[{\"@type\":\"ListItem\",\"position\":1,\"name\":\"Startseite\",\"item\":\"https:\\\/\\\/slubb.de\\\/fr\\\/page-daccueil\\\/\"},{\"@type\":\"ListItem\",\"position\":2,\"name\":\"Information sur le droit de r\u00e9tractation\"}]},{\"@type\":\"WebSite\",\"@id\":\"https:\\\/\\\/slubb.de\\\/fr\\\/#website\",\"url\":\"https:\\\/\\\/slubb.de\\\/fr\\\/\",\"name\":\"Slubb\u00ae\",\"description\":\"\",\"publisher\":{\"@id\":\"https:\\\/\\\/slubb.de\\\/fr\\\/#organization\"},\"potentialAction\":[{\"@type\":\"SearchAction\",\"target\":{\"@type\":\"EntryPoint\",\"urlTemplate\":\"https:\\\/\\\/slubb.de\\\/fr\\\/?s={search_term_string}\"},\"query-input\":{\"@type\":\"PropertyValueSpecification\",\"valueRequired\":true,\"valueName\":\"search_term_string\"}}],\"inLanguage\":\"fr-FR\"},{\"@type\":\"Organization\",\"@id\":\"https:\\\/\\\/slubb.de\\\/fr\\\/#organization\",\"name\":\"Slubb\u00ae\",\"url\":\"https:\\\/\\\/slubb.de\\\/fr\\\/\",\"logo\":{\"@type\":\"ImageObject\",\"inLanguage\":\"fr-FR\",\"@id\":\"https:\\\/\\\/slubb.de\\\/fr\\\/#\\\/schema\\\/logo\\\/image\\\/\",\"url\":\"https:\\\/\\\/slubb.de\\\/wp-content\\\/uploads\\\/2024\\\/12\\\/cropped-Slubb-Logo-Black.png\",\"contentUrl\":\"https:\\\/\\\/slubb.de\\\/wp-content\\\/uploads\\\/2024\\\/12\\\/cropped-Slubb-Logo-Black.png\",\"width\":500,\"height\":205,\"caption\":\"Slubb\u00ae\"},\"image\":{\"@id\":\"https:\\\/\\\/slubb.de\\\/fr\\\/#\\\/schema\\\/logo\\\/image\\\/\"}}]}<\/script>\n<!-- \/ Yoast SEO plugin. -->","yoast_head_json":{"title":"Information sur le droit de r\u00e9tractation - Slubb\u00ae","description":"Information sur le droit de r\u00e9tractation Droit de r\u00e9tractation pour les consommateurs (le consommateur est toute personne physique qui conclut un acte","robots":{"index":"index","follow":"follow","max-snippet":"max-snippet:-1","max-image-preview":"max-image-preview:large","max-video-preview":"max-video-preview:-1"},"canonical":"https:\/\/slubb.de\/fr\/information-sur-le-droit-de-retractation\/","og_locale":"fr_FR","og_type":"article","og_title":"Information sur le droit de r\u00e9tractation - Slubb\u00ae","og_description":"Information sur le droit de r\u00e9tractation Droit de r\u00e9tractation pour les consommateurs (le consommateur est toute personne physique qui conclut un acte","og_url":"https:\/\/slubb.de\/fr\/information-sur-le-droit-de-retractation\/","og_site_name":"Slubb\u00ae","article_modified_time":"2025-01-15T10:38:07+00:00","twitter_card":"summary_large_image","twitter_misc":{"Dur\u00e9e de lecture estim\u00e9e":"5 minutes"},"schema":{"@context":"https:\/\/schema.org","@graph":[{"@type":"WebPage","@id":"https:\/\/slubb.de\/fr\/information-sur-le-droit-de-retractation\/","url":"https:\/\/slubb.de\/fr\/information-sur-le-droit-de-retractation\/","name":"Information sur le droit de r\u00e9tractation - Slubb\u00ae","isPartOf":{"@id":"https:\/\/slubb.de\/fr\/#website"},"datePublished":"2024-12-16T16:22:20+00:00","dateModified":"2025-01-15T10:38:07+00:00","description":"Information sur le droit de r\u00e9tractation Droit de r\u00e9tractation pour les consommateurs (le consommateur est toute personne physique qui conclut un acte","breadcrumb":{"@id":"https:\/\/slubb.de\/fr\/information-sur-le-droit-de-retractation\/#breadcrumb"},"inLanguage":"fr-FR","potentialAction":[{"@type":"ReadAction","target":["https:\/\/slubb.de\/fr\/information-sur-le-droit-de-retractation\/"]}]},{"@type":"BreadcrumbList","@id":"https:\/\/slubb.de\/fr\/information-sur-le-droit-de-retractation\/#breadcrumb","itemListElement":[{"@type":"ListItem","position":1,"name":"Startseite","item":"https:\/\/slubb.de\/fr\/page-daccueil\/"},{"@type":"ListItem","position":2,"name":"Information sur le droit de r\u00e9tractation"}]},{"@type":"WebSite","@id":"https:\/\/slubb.de\/fr\/#website","url":"https:\/\/slubb.de\/fr\/","name":"Slubb\u00ae","description":"","publisher":{"@id":"https:\/\/slubb.de\/fr\/#organization"},"potentialAction":[{"@type":"SearchAction","target":{"@type":"EntryPoint","urlTemplate":"https:\/\/slubb.de\/fr\/?s={search_term_string}"},"query-input":{"@type":"PropertyValueSpecification","valueRequired":true,"valueName":"search_term_string"}}],"inLanguage":"fr-FR"},{"@type":"Organization","@id":"https:\/\/slubb.de\/fr\/#organization","name":"Slubb\u00ae","url":"https:\/\/slubb.de\/fr\/","logo":{"@type":"ImageObject","inLanguage":"fr-FR","@id":"https:\/\/slubb.de\/fr\/#\/schema\/logo\/image\/","url":"https:\/\/slubb.de\/wp-content\/uploads\/2024\/12\/cropped-Slubb-Logo-Black.png","contentUrl":"https:\/\/slubb.de\/wp-content\/uploads\/2024\/12\/cropped-Slubb-Logo-Black.png","width":500,"height":205,"caption":"Slubb\u00ae"},"image":{"@id":"https:\/\/slubb.de\/fr\/#\/schema\/logo\/image\/"}}]}},"jetpack_sharing_enabled":true,"_links":{"self":[{"href":"https:\/\/slubb.de\/fr\/wp-json\/wp\/v2\/pages\/10839","targetHints":{"allow":["GET"]}}],"collection":[{"href":"https:\/\/slubb.de\/fr\/wp-json\/wp\/v2\/pages"}],"about":[{"href":"https:\/\/slubb.de\/fr\/wp-json\/wp\/v2\/types\/page"}],"author":[{"embeddable":true,"href":"https:\/\/slubb.de\/fr\/wp-json\/wp\/v2\/users\/1"}],"replies":[{"embeddable":true,"href":"https:\/\/slubb.de\/fr\/wp-json\/wp\/v2\/comments?post=10839"}],"version-history":[{"count":1,"href":"https:\/\/slubb.de\/fr\/wp-json\/wp\/v2\/pages\/10839\/revisions"}],"predecessor-version":[{"id":10841,"href":"https:\/\/slubb.de\/fr\/wp-json\/wp\/v2\/pages\/10839\/revisions\/10841"}],"wp:attachment":[{"href":"https:\/\/slubb.de\/fr\/wp-json\/wp\/v2\/media?parent=10839"}],"curies":[{"name":"wp","href":"https:\/\/api.w.org\/{rel}","templated":true}]}}