{"id":10848,"date":"2024-12-16T17:22:20","date_gmt":"2024-12-16T16:22:20","guid":{"rendered":"https:\/\/slubb.de\/informations-sur-lexpedition-et-le-paiement\/"},"modified":"2025-01-15T11:38:07","modified_gmt":"2025-01-15T10:38:07","slug":"informations-sur-lexpedition-et-le-paiement","status":"publish","type":"page","link":"https:\/\/slubb.de\/fr\/informations-sur-lexpedition-et-le-paiement\/","title":{"rendered":"Informations sur l&rsquo;exp\u00e9dition et le paiement"},"content":{"rendered":"\t\t<div data-elementor-type=\"wp-page\" data-elementor-id=\"10848\" class=\"elementor elementor-10848 elementor-114\" data-elementor-post-type=\"page\">\n\t\t\t\t\t\t<section class=\"elementor-section elementor-top-section elementor-element elementor-element-a92ff05 elementor-section-boxed elementor-section-height-default elementor-section-height-default\" data-id=\"a92ff05\" data-element_type=\"section\" data-e-type=\"section\" data-settings=\"{&quot;background_background&quot;:&quot;classic&quot;}\">\n\t\t\t\t\t\t<div class=\"elementor-container elementor-column-gap-default\">\n\t\t\t\t\t<div class=\"elementor-column elementor-col-100 elementor-top-column elementor-element elementor-element-6fae16c\" data-id=\"6fae16c\" data-element_type=\"column\" data-e-type=\"column\">\n\t\t\t<div class=\"elementor-widget-wrap elementor-element-populated\">\n\t\t\t\t\t\t<div class=\"elementor-element elementor-element-682f413 elementor-widget elementor-widget-heading\" data-id=\"682f413\" data-element_type=\"widget\" data-e-type=\"widget\" data-settings=\"{&quot;motion_fx_motion_fx_scrolling&quot;:&quot;yes&quot;,&quot;motion_fx_translateY_effect&quot;:&quot;yes&quot;,&quot;motion_fx_translateY_direction&quot;:&quot;negative&quot;,&quot;motion_fx_translateY_affectedRange&quot;:{&quot;unit&quot;:&quot;%&quot;,&quot;size&quot;:&quot;&quot;,&quot;sizes&quot;:{&quot;start&quot;:0,&quot;end&quot;:50}},&quot;motion_fx_translateY_speed&quot;:{&quot;unit&quot;:&quot;px&quot;,&quot;size&quot;:4,&quot;sizes&quot;:[]},&quot;motion_fx_devices&quot;:[&quot;desktop&quot;,&quot;tablet&quot;,&quot;mobile&quot;]}\" data-widget_type=\"heading.default\">\n\t\t\t\t<div class=\"elementor-widget-container\">\n\t\t\t\t\t<h1 class=\"elementor-heading-title elementor-size-default\">Informations sur l'exp\u00e9dition et le paiement<\/h1>\t\t\t\t<\/div>\n\t\t\t\t<\/div>\n\t\t\t\t<div class=\"elementor-element elementor-element-4b91467 elementor-widget elementor-widget-text-editor\" data-id=\"4b91467\" data-element_type=\"widget\" data-e-type=\"widget\" data-widget_type=\"text-editor.default\">\n\t\t\t\t<div class=\"elementor-widget-container\">\n\t\t\t\t\t\t\t\t\t<p>Les conditions suivantes s&rsquo;appliquent :<\/p>\n<p><strong>Conditions d&rsquo;exp\u00e9dition &amp; frais de port<\/strong><\/p>\n<p>La livraison s&rsquo;effectue dans les 3 zones suivantes avec les frais de port correspondants :  <\/p>\n<div>Zone 1 Allemagne  <\/div>\n<div>Livraison gratuite<\/div>\n<div> <\/div>\n<div>Zone 2 Belgique,Danemark,France,Luxembourg,Pays-Bas,Pologne,R\u00e9publique tch\u00e8que,Autriche  <\/div>\n<div>Slubb 11,50\u20ac . Avec la machine 15,00\u20ac. <\/div>\n<div> <\/div>\n<div>Zone 3<\/div>\n<div>Royaume-Uni, Espagne,Estonie,Irlande,Italie,Su\u00e8de.<\/div>\n<div>Slubb 14,50\u20ac. Avec machine 16,50\u20ac. <\/div>\n<div> <\/div>\n<div>\n<div>Zone 4<\/div>\n<div>Suisse.<\/div>\n<div>Slubb 16,00\u20ac. Avec machine 18,50\u20ac. <\/div>\n<\/div>\n<div> <\/div>\n<div>Zone 5<br \/>USA &amp; Canada <br \/>Slubb 38,00\u20ac*. Avec machine 44,50\u20ac* <\/div>\n<div> <\/div>\n<div>Zone 6<br \/>Australie<br \/>Slubb 39,80\u20ac*. Avec machine 42,50\u20ac* <\/div>\n<div> <\/div>\n<div><strong>Frais d&rsquo;exp\u00e9dition<\/strong> (TVA incluse, sauf indication contraire)<br \/>*TVA non comprise. <\/div>\n<div> <\/div>\n<div><strong>D\u00e9lais de livraison<\/strong><\/div>\n<p>Sauf indication contraire dans l&rsquo;offre correspondante, la livraison de la marchandise s&rsquo;effectue en Allemagne dans un d\u00e9lai de 3 \u00e0 5 jours ouvrables, pour les livraisons \u00e0 l&rsquo;\u00e9tranger dans un d\u00e9lai de 3 \u00e0 25 jours ouvrables \u00e0 compter de la conclusion du contrat (en cas de paiement anticip\u00e9 convenu, \u00e0 compter de la date de votre ordre de paiement).<br \/>Veuillez noter qu&rsquo;aucune livraison n&rsquo;est effectu\u00e9e les dimanches et jours f\u00e9ri\u00e9s.<br \/>Si vous avez command\u00e9 des articles avec des d\u00e9lais de livraison diff\u00e9rents, nous envoyons la marchandise dans un envoi commun, sauf si nous avons conclu un accord diff\u00e9rent avec vous. Dans ce cas, le d\u00e9lai de livraison est d\u00e9termin\u00e9 par l&rsquo;article dont le d\u00e9lai de livraison est le plus long que vous avez command\u00e9. <\/p>\n<p><strong>Modes de paiement accept\u00e9s<\/strong><\/p>\n<div class=\"woocommerce woocommerce-gzd\">\n\t<ul class=\"payment_methods methods\">\n\t\t\t\t\t<li class=\"payment_method_woocommerce_payments_apple_pay\">\n\t\t\t\t<label>Apple Pay<img decoding=\"async\" src=\"https:\/\/slubb.de\/wp-content\/plugins\/woocommerce-payments\/assets\/images\/cards\/apple-pay.svg\" alt=\"Apple Pay\" \/><\/label>\n\t\t\t\t\t\t\t\t\t<div class=\"payment_box payment_method_woocommerce_payments_apple_pay\">\n\t\t\t\t\t\t<p><\/p>\n\t\t\t\t\t<\/div>\n\t\t\t\t\t\t\t<\/li>\n\t\t\t\t\t<li class=\"payment_method_woocommerce_payments_google_pay\">\n\t\t\t\t<label>Google Pay<img decoding=\"async\" src=\"https:\/\/slubb.de\/wp-content\/plugins\/woocommerce-payments\/assets\/images\/cards\/google-pay.svg\" alt=\"Google Pay\" \/><\/label>\n\t\t\t\t\t\t\t\t\t<div class=\"payment_box payment_method_woocommerce_payments_google_pay\">\n\t\t\t\t\t\t<p><\/p>\n\t\t\t\t\t<\/div>\n\t\t\t\t\t\t\t<\/li>\n\t\t\t\t\t<li class=\"payment_method_bacs\">\n\t\t\t\t<label>Virement bancaire direct<\/label>\n\t\t\t\t\t\t\t\t\t<div class=\"payment_box payment_method_bacs\">\n\t\t\t\t\t\t<p>\u00dcberweise direkt an unsere Bankverbindung. Bitte nutze die Bestellnummer als Verwendungszweck. Deine Bestellung wird erst nach Geldeingang auf unserem Konto versandt.<\/p>\n\t\t\t\t\t<\/div>\n\t\t\t\t\t\t\t<\/li>\n\t\t\t\t\t<li class=\"payment_method_ppcp\">\n\t\t\t\t<label>PayPal<img decoding=\"async\" src=\"https:\/\/slubb.de\/wp-content\/plugins\/pymntpl-paypal-woocommerce\/assets\/img\/paypal_logo.svg\" alt=\"PayPal\" \/><\/label>\n\t\t\t\t\t\t\t\t\t<div class=\"payment_box payment_method_ppcp\">\n\t\t\t\t\t\t<p><\/p>\n\t\t\t\t\t<\/div>\n\t\t\t\t\t\t\t<\/li>\n\t\t\t\t\t<li class=\"payment_method_stripe_cc\">\n\t\t\t\t<label>Kredit-\/Debitkarten<span class=\"wc-stripe-card-icons-container\">\n\t        <img decoding=\"async\" class=\"wc-stripe-card-icon amex\" alt=\"Amex\" src=\"https:\/\/slubb.de\/wp-content\/plugins\/woo-stripe-payment\/assets\/img\/cards\/amex.svg\" \/>\n\t        <img decoding=\"async\" class=\"wc-stripe-card-icon discover\" alt=\"Discover\" src=\"https:\/\/slubb.de\/wp-content\/plugins\/woo-stripe-payment\/assets\/img\/cards\/discover.svg\" \/>\n\t        <img decoding=\"async\" class=\"wc-stripe-card-icon visa\" alt=\"Visa\" src=\"https:\/\/slubb.de\/wp-content\/plugins\/woo-stripe-payment\/assets\/img\/cards\/visa.svg\" \/>\n\t        <img decoding=\"async\" class=\"wc-stripe-card-icon mastercard\" alt=\"Mastercard\" src=\"https:\/\/slubb.de\/wp-content\/plugins\/woo-stripe-payment\/assets\/img\/cards\/mastercard.svg\" \/>\n\t<\/span><\/label>\n\t\t\t\t\t\t\t\t\t<div class=\"payment_box payment_method_stripe_cc\">\n\t\t\t\t\t\t<p><\/p>\n\t\t\t\t\t<\/div>\n\t\t\t\t\t\t\t<\/li>\n\t\t\t\t\t<li class=\"payment_method_stripe_applepay\">\n\t\t\t\t<label>Apple Pay<img decoding=\"async\" src=\"https:\/\/slubb.de\/wp-content\/plugins\/woo-stripe-payment\/assets\/img\/applepay.svg\" alt=\"Apple Pay\" \/><\/label>\n\t\t\t\t\t\t\t\t\t<div class=\"payment_box payment_method_stripe_applepay\">\n\t\t\t\t\t\t<p><\/p>\n\t\t\t\t\t<\/div>\n\t\t\t\t\t\t\t<\/li>\n\t\t\t<\/ul>\n<\/div>\n<p><strong>Plus de d\u00e9tails sur le paiement<\/strong><\/p>\n<p>Le montant de la facture doit \u00eatre r\u00e9gl\u00e9 dans les 14 jours en cas de paiement sur facture.<\/p>\n<p>En cas de paiement par pr\u00e9l\u00e8vement SEPA de base ou par pr\u00e9l\u00e8vement SEPA interentreprises, vous nous autorisez, en donnant un mandat SEPA correspondant, \u00e0 pr\u00e9lever le montant de la facture sur le compte indiqu\u00e9. Vous recevrez un avis pr\u00e9alable (pr\u00e9-notification) au moins 5 jours avant la date de pr\u00e9l\u00e8vement. Veuillez noter que vous \u00eates tenu de veiller \u00e0 ce que le compte soit suffisamment approvisionn\u00e9 \u00e0 la date annonc\u00e9e.  <\/p>\n<p><strong>Nos coordonn\u00e9es bancaires :<\/strong><\/p>\n<p>M. Strobel :<br \/>BANQUE :<br \/>Sparkasse Wermelskirchen<br \/>COMPTE :<br \/>166439<br \/>CODE BANQUE :<br \/>34051570<br \/>IBAN :<br \/>IBAN DE 93 3405 1570 0000 166439<br \/>BIC :<br \/>WELADED1WMK<\/p>\n<p>Si vous avez des questions, vous trouverez nos coordonn\u00e9es dans les mentions l\u00e9gales.<\/p>\n\t\t\t\t\t\t\t\t<\/div>\n\t\t\t\t<\/div>\n\t\t\t\t\t<\/div>\n\t\t<\/div>\n\t\t\t\t\t<\/div>\n\t\t<\/section>\n\t\t\t\t<\/div>\n\t\t","protected":false},"excerpt":{"rendered":"<p>Informations sur l&rsquo;exp\u00e9dition et le paiement Les conditions suivantes s&rsquo;appliquent : Conditions d&rsquo;exp\u00e9dition &amp; frais de port La livraison s&rsquo;effectue dans les 3 zones suivantes avec les frais de port correspondants : Zone 1 Allemagne Livraison gratuite Zone 2 Belgique,Danemark,France,Luxembourg,Pays-Bas,Pologne,R\u00e9publique tch\u00e8que,Autriche Slubb 11,50\u20ac . Avec la machine 15,00\u20ac. Zone 3 Royaume-Uni, Espagne,Estonie,Irlande,Italie,Su\u00e8de. Slubb 14,50\u20ac. Avec [&hellip;]<\/p>\n","protected":false},"author":1,"featured_media":0,"parent":0,"menu_order":1006,"comment_status":"closed","ping_status":"closed","template":"elementor_header_footer","meta":{"_acf_changed":false,"footnotes":""},"class_list":["post-10848","page","type-page","status-publish","hentry"],"acf":[],"yoast_head":"<!-- This site is optimized with the Yoast SEO plugin v27.3 - https:\/\/yoast.com\/product\/yoast-seo-wordpress\/ -->\n<title>Informations sur l&#039;exp\u00e9dition et le paiement - Slubb\u00ae<\/title>\n<meta name=\"description\" content=\"Informations sur l&#039;exp\u00e9dition et le paiement Les conditions suivantes s&#039;appliquent : Conditions d&#039;exp\u00e9dition &amp; frais de port La livraison s&#039;effectue\" \/>\n<meta name=\"robots\" content=\"index, follow, max-snippet:-1, max-image-preview:large, max-video-preview:-1\" \/>\n<link rel=\"canonical\" href=\"https:\/\/slubb.de\/fr\/informations-sur-lexpedition-et-le-paiement\/\" \/>\n<meta property=\"og:locale\" content=\"fr_FR\" \/>\n<meta property=\"og:type\" content=\"article\" \/>\n<meta property=\"og:title\" content=\"Informations sur l&#039;exp\u00e9dition et le paiement - Slubb\u00ae\" \/>\n<meta property=\"og:description\" content=\"Informations sur l&#039;exp\u00e9dition et le paiement Les conditions suivantes s&#039;appliquent : Conditions d&#039;exp\u00e9dition &amp; frais de port La livraison s&#039;effectue\" \/>\n<meta property=\"og:url\" content=\"https:\/\/slubb.de\/fr\/informations-sur-lexpedition-et-le-paiement\/\" \/>\n<meta property=\"og:site_name\" content=\"Slubb\u00ae\" \/>\n<meta property=\"article:modified_time\" content=\"2025-01-15T10:38:07+00:00\" \/>\n<meta name=\"twitter:card\" content=\"summary_large_image\" \/>\n<meta name=\"twitter:label1\" content=\"Dur\u00e9e de lecture estim\u00e9e\" \/>\n\t<meta name=\"twitter:data1\" content=\"2 minutes\" \/>\n<script type=\"application\/ld+json\" class=\"yoast-schema-graph\">{\"@context\":\"https:\\\/\\\/schema.org\",\"@graph\":[{\"@type\":\"WebPage\",\"@id\":\"https:\\\/\\\/slubb.de\\\/fr\\\/informations-sur-lexpedition-et-le-paiement\\\/\",\"url\":\"https:\\\/\\\/slubb.de\\\/fr\\\/informations-sur-lexpedition-et-le-paiement\\\/\",\"name\":\"Informations sur l'exp\u00e9dition et le paiement - Slubb\u00ae\",\"isPartOf\":{\"@id\":\"https:\\\/\\\/slubb.de\\\/fr\\\/#website\"},\"datePublished\":\"2024-12-16T16:22:20+00:00\",\"dateModified\":\"2025-01-15T10:38:07+00:00\",\"description\":\"Informations sur l'exp\u00e9dition et le paiement Les conditions suivantes s'appliquent : Conditions d'exp\u00e9dition &amp; frais de port La livraison s'effectue\",\"breadcrumb\":{\"@id\":\"https:\\\/\\\/slubb.de\\\/fr\\\/informations-sur-lexpedition-et-le-paiement\\\/#breadcrumb\"},\"inLanguage\":\"fr-FR\",\"potentialAction\":[{\"@type\":\"ReadAction\",\"target\":[\"https:\\\/\\\/slubb.de\\\/fr\\\/informations-sur-lexpedition-et-le-paiement\\\/\"]}]},{\"@type\":\"BreadcrumbList\",\"@id\":\"https:\\\/\\\/slubb.de\\\/fr\\\/informations-sur-lexpedition-et-le-paiement\\\/#breadcrumb\",\"itemListElement\":[{\"@type\":\"ListItem\",\"position\":1,\"name\":\"Startseite\",\"item\":\"https:\\\/\\\/slubb.de\\\/fr\\\/page-daccueil\\\/\"},{\"@type\":\"ListItem\",\"position\":2,\"name\":\"Informations sur l&#8217;exp\u00e9dition et le paiement\"}]},{\"@type\":\"WebSite\",\"@id\":\"https:\\\/\\\/slubb.de\\\/fr\\\/#website\",\"url\":\"https:\\\/\\\/slubb.de\\\/fr\\\/\",\"name\":\"Slubb\u00ae\",\"description\":\"\",\"publisher\":{\"@id\":\"https:\\\/\\\/slubb.de\\\/fr\\\/#organization\"},\"potentialAction\":[{\"@type\":\"SearchAction\",\"target\":{\"@type\":\"EntryPoint\",\"urlTemplate\":\"https:\\\/\\\/slubb.de\\\/fr\\\/?s={search_term_string}\"},\"query-input\":{\"@type\":\"PropertyValueSpecification\",\"valueRequired\":true,\"valueName\":\"search_term_string\"}}],\"inLanguage\":\"fr-FR\"},{\"@type\":\"Organization\",\"@id\":\"https:\\\/\\\/slubb.de\\\/fr\\\/#organization\",\"name\":\"Slubb\u00ae\",\"url\":\"https:\\\/\\\/slubb.de\\\/fr\\\/\",\"logo\":{\"@type\":\"ImageObject\",\"inLanguage\":\"fr-FR\",\"@id\":\"https:\\\/\\\/slubb.de\\\/fr\\\/#\\\/schema\\\/logo\\\/image\\\/\",\"url\":\"https:\\\/\\\/slubb.de\\\/wp-content\\\/uploads\\\/2024\\\/12\\\/cropped-Slubb-Logo-Black.png\",\"contentUrl\":\"https:\\\/\\\/slubb.de\\\/wp-content\\\/uploads\\\/2024\\\/12\\\/cropped-Slubb-Logo-Black.png\",\"width\":500,\"height\":205,\"caption\":\"Slubb\u00ae\"},\"image\":{\"@id\":\"https:\\\/\\\/slubb.de\\\/fr\\\/#\\\/schema\\\/logo\\\/image\\\/\"}}]}<\/script>\n<!-- \/ Yoast SEO plugin. -->","yoast_head_json":{"title":"Informations sur l'exp\u00e9dition et le paiement - Slubb\u00ae","description":"Informations sur l'exp\u00e9dition et le paiement Les conditions suivantes s'appliquent : Conditions d'exp\u00e9dition &amp; frais de port La livraison s'effectue","robots":{"index":"index","follow":"follow","max-snippet":"max-snippet:-1","max-image-preview":"max-image-preview:large","max-video-preview":"max-video-preview:-1"},"canonical":"https:\/\/slubb.de\/fr\/informations-sur-lexpedition-et-le-paiement\/","og_locale":"fr_FR","og_type":"article","og_title":"Informations sur l'exp\u00e9dition et le paiement - Slubb\u00ae","og_description":"Informations sur l'exp\u00e9dition et le paiement Les conditions suivantes s'appliquent : Conditions d'exp\u00e9dition &amp; frais de port La livraison s'effectue","og_url":"https:\/\/slubb.de\/fr\/informations-sur-lexpedition-et-le-paiement\/","og_site_name":"Slubb\u00ae","article_modified_time":"2025-01-15T10:38:07+00:00","twitter_card":"summary_large_image","twitter_misc":{"Dur\u00e9e de lecture estim\u00e9e":"2 minutes"},"schema":{"@context":"https:\/\/schema.org","@graph":[{"@type":"WebPage","@id":"https:\/\/slubb.de\/fr\/informations-sur-lexpedition-et-le-paiement\/","url":"https:\/\/slubb.de\/fr\/informations-sur-lexpedition-et-le-paiement\/","name":"Informations sur l'exp\u00e9dition et le paiement - Slubb\u00ae","isPartOf":{"@id":"https:\/\/slubb.de\/fr\/#website"},"datePublished":"2024-12-16T16:22:20+00:00","dateModified":"2025-01-15T10:38:07+00:00","description":"Informations sur l'exp\u00e9dition et le paiement Les conditions suivantes s'appliquent : Conditions d'exp\u00e9dition &amp; frais de port La livraison s'effectue","breadcrumb":{"@id":"https:\/\/slubb.de\/fr\/informations-sur-lexpedition-et-le-paiement\/#breadcrumb"},"inLanguage":"fr-FR","potentialAction":[{"@type":"ReadAction","target":["https:\/\/slubb.de\/fr\/informations-sur-lexpedition-et-le-paiement\/"]}]},{"@type":"BreadcrumbList","@id":"https:\/\/slubb.de\/fr\/informations-sur-lexpedition-et-le-paiement\/#breadcrumb","itemListElement":[{"@type":"ListItem","position":1,"name":"Startseite","item":"https:\/\/slubb.de\/fr\/page-daccueil\/"},{"@type":"ListItem","position":2,"name":"Informations sur l&#8217;exp\u00e9dition et le paiement"}]},{"@type":"WebSite","@id":"https:\/\/slubb.de\/fr\/#website","url":"https:\/\/slubb.de\/fr\/","name":"Slubb\u00ae","description":"","publisher":{"@id":"https:\/\/slubb.de\/fr\/#organization"},"potentialAction":[{"@type":"SearchAction","target":{"@type":"EntryPoint","urlTemplate":"https:\/\/slubb.de\/fr\/?s={search_term_string}"},"query-input":{"@type":"PropertyValueSpecification","valueRequired":true,"valueName":"search_term_string"}}],"inLanguage":"fr-FR"},{"@type":"Organization","@id":"https:\/\/slubb.de\/fr\/#organization","name":"Slubb\u00ae","url":"https:\/\/slubb.de\/fr\/","logo":{"@type":"ImageObject","inLanguage":"fr-FR","@id":"https:\/\/slubb.de\/fr\/#\/schema\/logo\/image\/","url":"https:\/\/slubb.de\/wp-content\/uploads\/2024\/12\/cropped-Slubb-Logo-Black.png","contentUrl":"https:\/\/slubb.de\/wp-content\/uploads\/2024\/12\/cropped-Slubb-Logo-Black.png","width":500,"height":205,"caption":"Slubb\u00ae"},"image":{"@id":"https:\/\/slubb.de\/fr\/#\/schema\/logo\/image\/"}}]}},"jetpack_sharing_enabled":true,"_links":{"self":[{"href":"https:\/\/slubb.de\/fr\/wp-json\/wp\/v2\/pages\/10848","targetHints":{"allow":["GET"]}}],"collection":[{"href":"https:\/\/slubb.de\/fr\/wp-json\/wp\/v2\/pages"}],"about":[{"href":"https:\/\/slubb.de\/fr\/wp-json\/wp\/v2\/types\/page"}],"author":[{"embeddable":true,"href":"https:\/\/slubb.de\/fr\/wp-json\/wp\/v2\/users\/1"}],"replies":[{"embeddable":true,"href":"https:\/\/slubb.de\/fr\/wp-json\/wp\/v2\/comments?post=10848"}],"version-history":[{"count":1,"href":"https:\/\/slubb.de\/fr\/wp-json\/wp\/v2\/pages\/10848\/revisions"}],"predecessor-version":[{"id":10850,"href":"https:\/\/slubb.de\/fr\/wp-json\/wp\/v2\/pages\/10848\/revisions\/10850"}],"wp:attachment":[{"href":"https:\/\/slubb.de\/fr\/wp-json\/wp\/v2\/media?parent=10848"}],"curies":[{"name":"wp","href":"https:\/\/api.w.org\/{rel}","templated":true}]}}