{"id":10851,"date":"2024-12-16T17:22:20","date_gmt":"2024-12-16T16:22:20","guid":{"rendered":"https:\/\/slubb.de\/conditions-generales-de-vente\/"},"modified":"2025-01-15T11:38:07","modified_gmt":"2025-01-15T10:38:07","slug":"conditions-generales-de-vente","status":"publish","type":"page","link":"https:\/\/slubb.de\/fr\/conditions-generales-de-vente\/","title":{"rendered":"CONDITIONS G\u00c9N\u00c9RALES DE VENTE"},"content":{"rendered":"\t\t<div data-elementor-type=\"wp-page\" data-elementor-id=\"10851\" class=\"elementor elementor-10851 elementor-112\" data-elementor-post-type=\"page\">\n\t\t\t\t\t\t<section class=\"elementor-section elementor-top-section elementor-element elementor-element-a8e148c elementor-section-boxed elementor-section-height-default elementor-section-height-default\" data-id=\"a8e148c\" data-element_type=\"section\" data-e-type=\"section\" data-settings=\"{&quot;background_background&quot;:&quot;classic&quot;}\">\n\t\t\t\t\t\t<div class=\"elementor-container elementor-column-gap-default\">\n\t\t\t\t\t<div class=\"elementor-column elementor-col-100 elementor-top-column elementor-element elementor-element-358c7d7\" data-id=\"358c7d7\" data-element_type=\"column\" data-e-type=\"column\">\n\t\t\t<div class=\"elementor-widget-wrap elementor-element-populated\">\n\t\t\t\t\t\t<div class=\"elementor-element elementor-element-ef25f97 elementor-widget elementor-widget-heading\" data-id=\"ef25f97\" data-element_type=\"widget\" data-e-type=\"widget\" data-settings=\"{&quot;motion_fx_motion_fx_scrolling&quot;:&quot;yes&quot;,&quot;motion_fx_translateY_effect&quot;:&quot;yes&quot;,&quot;motion_fx_translateY_direction&quot;:&quot;negative&quot;,&quot;motion_fx_translateY_affectedRange&quot;:{&quot;unit&quot;:&quot;%&quot;,&quot;size&quot;:&quot;&quot;,&quot;sizes&quot;:{&quot;start&quot;:0,&quot;end&quot;:50}},&quot;motion_fx_translateY_speed&quot;:{&quot;unit&quot;:&quot;px&quot;,&quot;size&quot;:4,&quot;sizes&quot;:[]},&quot;motion_fx_devices&quot;:[&quot;desktop&quot;,&quot;tablet&quot;,&quot;mobile&quot;]}\" data-widget_type=\"heading.default\">\n\t\t\t\t<div class=\"elementor-widget-container\">\n\t\t\t\t\t<h1 class=\"elementor-heading-title elementor-size-default\">CONDITIONS G\u00c9N\u00c9RALES DE VENTE<\/h1>\t\t\t\t<\/div>\n\t\t\t\t<\/div>\n\t\t\t\t<div class=\"elementor-element elementor-element-389fd4f elementor-widget elementor-widget-text-editor\" data-id=\"389fd4f\" data-element_type=\"widget\" data-e-type=\"widget\" data-widget_type=\"text-editor.default\">\n\t\t\t\t<div class=\"elementor-widget-container\">\n\t\t\t\t\t\t\t\t\t<p>Conditions g\u00e9n\u00e9rales et informations aux clients<\/p>\n<p>I. Conditions g\u00e9n\u00e9rales<\/p>\n<p>\u00a7 1 Dispositions de base<\/p>\n<p>(1) Les conditions g\u00e9n\u00e9rales de vente suivantes s&rsquo;appliquent aux contrats que vous passez avec nous en tant que fournisseur (Michael Strobel) via le site Internet <a href=\"http:\/\/www.slubb.store\/\">www.slubb.storeschlie\u00dfen.<\/a>Sauf accord contraire, nous nous opposons \u00e0 l&rsquo;int\u00e9gration de vos propres conditions, le cas \u00e9ch\u00e9ant, utilis\u00e9es par vous. <\/p>\n<p>(2) Le consommateur, au sens des dispositions suivantes, est toute personne physique qui conclut un acte juridique \u00e0 des fins qui, pour l&rsquo;essentiel, ne peuvent \u00eatre imput\u00e9es ni \u00e0 son activit\u00e9 commerciale ni \u00e0 son activit\u00e9 professionnelle ind\u00e9pendante. L&rsquo;entrepreneur est toute personne physique ou morale ou toute soci\u00e9t\u00e9 de personnes ayant la capacit\u00e9 juridique qui, lors de la conclusion d&rsquo;un acte juridique, agit dans l&rsquo;exercice de son activit\u00e9 professionnelle ind\u00e9pendante ou commerciale. <\/p>\n<p>\u00a7 2 Formation du contrat<\/p>\n<p>(1) L&rsquo;objet du contrat est la vente de marchandises.<\/p>\n<p>(2) D\u00e8s la mise en ligne du produit concern\u00e9 sur notre site Internet, nous vous soumettons une offre ferme de conclusion d&rsquo;un contrat aux conditions indiqu\u00e9es dans la description de l&rsquo;article.  <\/p>\n<p>(3) Le contrat est conclu via le syst\u00e8me de panier d&rsquo;achat en ligne de la mani\u00e8re suivante :<br \/>Les marchandises que vous souhaitez acheter sont plac\u00e9es dans le \u00ab\u00a0panier d&rsquo;achat\u00a0\u00bb. Le bouton correspondant dans la barre de navigation vous permet d&rsquo;acc\u00e9der au \u00ab\u00a0panier\u00a0\u00bb et d&rsquo;y apporter des modifications \u00e0 tout moment.<br \/>Apr\u00e8s avoir acc\u00e9d\u00e9 \u00e0 la page \u00ab\u00a0Caisse\u00a0\u00bb et saisi les donn\u00e9es personnelles ainsi que les conditions de paiement et d&rsquo;exp\u00e9dition, toutes les donn\u00e9es de la commande sont finalement affich\u00e9es une nouvelle fois sur la page d&rsquo;aper\u00e7u de la commande.<br \/>Si vous choisissez comme mode de paiement un syst\u00e8me de paiement imm\u00e9diat (par ex.Si vous utilisez PayPal \/ PayPal Express, Amazon-Payments, Sofort), vous serez soit redirig\u00e9 vers la page d&rsquo;aper\u00e7u de la commande dans notre boutique en ligne, soit redirig\u00e9 vers la page Internet du fournisseur du syst\u00e8me de paiement imm\u00e9diat.<br \/>Si vous \u00eates redirig\u00e9 vers le syst\u00e8me de paiement imm\u00e9diat en question, vous y effectuerez la s\u00e9lection ou la saisie correspondante de vos donn\u00e9es. Enfin, vous serez redirig\u00e9 vers notre boutique en ligne sur la page d&rsquo;aper\u00e7u de la commande.<br \/>Avant d&rsquo;envoyer la commande, vous avez la possibilit\u00e9 de v\u00e9rifier \u00e0 nouveau toutes les donn\u00e9es, de les modifier (\u00e9galement via la fonction \u00ab\u00a0retour\u00a0\u00bb du navigateur Internet) ou d&rsquo;annuler l&rsquo;achat. <br \/>En envoyant la commande via le bouton \u00ab\u00a0Acheter maintenant\u00a0\u00bb, vous acceptez l&rsquo;offre et le contrat est conclu.  <\/p>\n<p>(4) Vos demandes d&rsquo;\u00e9tablissement d&rsquo;une offre ne vous engagent pas. Nous vous soumettons \u00e0 cet effet une offre ferme sous forme de texte (par exemple par e-mail), que vous pouvez accepter dans un d\u00e9lai de 5 jours. <\/p>\n<p>(5) Le traitement de la commande et la transmission de toutes les informations n\u00e9cessaires \u00e0 la conclusion du contrat s&rsquo;effectuent par e-mail, en partie de mani\u00e8re automatis\u00e9e. Vous devez donc vous assurer que l&rsquo;adresse e-mail que vous avez enregistr\u00e9e chez nous est correcte, que la r\u00e9ception des e-mails est techniquement garantie et qu&rsquo;elle n&rsquo;est notamment pas emp\u00each\u00e9e par des filtres SPAM. <\/p>\n<p>\u00a7 3 Conventions sp\u00e9ciales relatives aux modes de paiement propos\u00e9s<\/p>\n<p>(1) Pr\u00e9l\u00e8vement SEPA (pr\u00e9l\u00e8vement de base et\/ou pr\u00e9l\u00e8vement interentreprises)<br \/>En cas de paiement par pr\u00e9l\u00e8vement SEPA de base ou par pr\u00e9l\u00e8vement interentreprises SEPA, vous nous autorisez, en donnant un mandat SEPA correspondant, \u00e0 pr\u00e9lever le montant de la facture sur le compte indiqu\u00e9. <br \/>Le pr\u00e9l\u00e8vement est effectu\u00e9 dans les 10 jours suivant la conclusion du contrat.<br \/>Le d\u00e9lai de transmission de la notification pr\u00e9alable (pre-notification) est r\u00e9duit \u00e0 5 jours avant la date d&rsquo;\u00e9ch\u00e9ance. Vous \u00eates tenu de veiller \u00e0 ce que votre compte soit suffisamment approvisionn\u00e9 \u00e0 la date d&rsquo;\u00e9ch\u00e9ance. En cas de rejet de pr\u00e9l\u00e8vement par votre faute, les frais bancaires encourus seront \u00e0 votre charge.  <\/p>\n<p>\u00a7 4 Droit de r\u00e9tention, r\u00e9serve de propri\u00e9t\u00e9<\/p>\n<p>(1) Vous ne pouvez exercer un droit de r\u00e9tention que dans la mesure o\u00f9 il s&rsquo;agit de cr\u00e9ances issues de la m\u00eame relation contractuelle.<\/p>\n<p>(2) Les marchandises restent notre propri\u00e9t\u00e9 jusqu&rsquo;au paiement int\u00e9gral du prix d&rsquo;achat.<\/p>\n<p>(3) Si vous \u00eates un entrepreneur, les dispositions suivantes s&rsquo;appliquent \u00e9galement :<\/p>\n<p>a) Nous nous r\u00e9servons la propri\u00e9t\u00e9 de la marchandise jusqu&rsquo;au r\u00e8glement complet de toutes les cr\u00e9ances r\u00e9sultant de la relation commerciale en cours. Avant le transfert de propri\u00e9t\u00e9 de la marchandise sous r\u00e9serve de propri\u00e9t\u00e9, aucune mise en gage ou transfert de propri\u00e9t\u00e9 \u00e0 titre de garantie n&rsquo;est autoris\u00e9. <\/p>\n<p>b) vous pouvez revendre la marchandise dans le cadre de la marche normale des affaires. Dans ce cas, vous nous c\u00e9dez d&rsquo;ores et d\u00e9j\u00e0 toutes les cr\u00e9ances \u00e0 hauteur du montant de la facture qui r\u00e9sultent pour vous de la revente, nous acceptons la cession. Vous \u00eates en outre autoris\u00e9 \u00e0 recouvrer la cr\u00e9ance. Dans la mesure o\u00f9 vous ne remplissez pas correctement vos obligations de paiement, nous nous r\u00e9servons toutefois le droit de recouvrer nous-m\u00eames la cr\u00e9ance.   <\/p>\n<p>c) En cas d&rsquo;association et de m\u00e9lange de la marchandise sous r\u00e9serve de propri\u00e9t\u00e9, nous acqu\u00e9rons la copropri\u00e9t\u00e9 de la nouvelle chose au prorata de la valeur factur\u00e9e de la marchandise sous r\u00e9serve de propri\u00e9t\u00e9 par rapport aux autres objets transform\u00e9s au moment de la transformation.<\/p>\n<p>d) Nous nous engageons \u00e0 lib\u00e9rer, \u00e0 votre demande, les garanties auxquelles nous avons droit dans la mesure o\u00f9 la valeur r\u00e9alisable de nos garanties d\u00e9passe de plus de 10% la cr\u00e9ance \u00e0 garantir. Le choix des garanties \u00e0 lib\u00e9rer nous incombe. <\/p>\n<p>\u00a7 5 Garantie<\/p>\n<p>(1) Les droits l\u00e9gaux en mati\u00e8re de garantie des vices cach\u00e9s s&rsquo;appliquent.<\/p>\n<p>(2) En tant que consommateur, vous \u00eates pri\u00e9 de v\u00e9rifier imm\u00e9diatement \u00e0 la livraison si l&rsquo;objet est complet, s&rsquo;il pr\u00e9sente des d\u00e9fauts \u00e9vidents et s&rsquo;il a \u00e9t\u00e9 endommag\u00e9 pendant le transport, et de nous faire part, ainsi qu&rsquo;au transporteur, de toute r\u00e9clamation dans les meilleurs d\u00e9lais. Si vous ne le faites pas, cela n&rsquo;a aucun effet sur vos droits de garantie l\u00e9gaux. <\/p>\n<p>(3) Dans la mesure o\u00f9 vous \u00eates une entreprise, les dispositions suivantes s&rsquo;appliquent par d\u00e9rogation aux r\u00e8gles de garantie susmentionn\u00e9es :<\/p>\n<p>a) Seules nos propres indications et la description du produit par le fabricant sont consid\u00e9r\u00e9es comme convenues comme qualit\u00e9 de la chose, \u00e0 l&rsquo;exclusion de toute autre publicit\u00e9, de tout \u00e9loge public et de toute d\u00e9claration du fabricant.<\/p>\n<p>b) En cas de d\u00e9faut, nous garantissons, \u00e0 notre choix, la r\u00e9paration ou la livraison ult\u00e9rieure. Si l&rsquo;\u00e9limination des d\u00e9fauts \u00e9choue, vous pouvez, \u00e0 votre choix, exiger une r\u00e9duction du prix ou r\u00e9silier le contrat. L&rsquo;\u00e9limination des d\u00e9fauts est consid\u00e9r\u00e9e comme ayant \u00e9chou\u00e9 apr\u00e8s une deuxi\u00e8me tentative infructueuse, sauf s&rsquo;il en r\u00e9sulte autrement, notamment en raison de la nature de la chose ou du d\u00e9faut ou d&rsquo;autres circonstances. En cas de r\u00e9paration, nous ne sommes pas tenus de prendre en charge les frais suppl\u00e9mentaires occasionn\u00e9s par le d\u00e9placement de la marchandise vers un lieu autre que le lieu d&rsquo;ex\u00e9cution, dans la mesure o\u00f9 ce d\u00e9placement ne correspond pas \u00e0 l&rsquo;utilisation pr\u00e9vue de la marchandise.   <\/p>\n<p>c) Le d\u00e9lai de garantie est d&rsquo;un an \u00e0 compter de la livraison des marchandises. La r\u00e9duction du d\u00e9lai ne s&rsquo;applique pas : <\/p>\n<p>&#8211; pour les dommages fautifs qui nous sont imputables et qui r\u00e9sultent d&rsquo;une atteinte \u00e0 la vie, \u00e0 l&rsquo;int\u00e9grit\u00e9 physique ou \u00e0 la sant\u00e9 et pour les autres dommages caus\u00e9s intentionnellement ou par n\u00e9gligence grave ;<br \/>&#8211; dans la mesure o\u00f9 nous avons dissimul\u00e9 dolosivement le d\u00e9faut ou pris en charge une garantie pour la qualit\u00e9 de la chose ;<br \/>&#8211; pour les choses qui ont \u00e9t\u00e9 utilis\u00e9es conform\u00e9ment \u00e0 leur mode d&rsquo;utilisation habituel pour un ouvrage de construction et qui ont caus\u00e9 sa d\u00e9fectuosit\u00e9 ;<br \/>&#8211; pour les droits de recours l\u00e9gaux que vous avez contre nous en relation avec les droits r\u00e9sultant de la constatation de d\u00e9fauts.<\/p>\n<p>\u00a7 6 Choix de la loi<\/p>\n<p>(1) Le droit allemand est applicable. Pour les consommateurs, ce choix de loi ne s&rsquo;applique que dans la mesure o\u00f9 il ne prive pas de la protection accord\u00e9e par les dispositions imp\u00e9ratives de la loi du pays de r\u00e9sidence habituelle du consommateur (principe de faveur). <\/p>\n<p>(2) Les dispositions de la Convention des Nations unies sur les contrats de vente internationale de marchandises ne sont express\u00e9ment pas applicables.<\/p>\n<p>II. informations sur le client<\/p>\n<p>1. identit\u00e9 du vendeur<\/p>\n<p>Michael Strobel<br \/>Friedhofstra\u00dfe 10<br \/>42929 Wermelskirchen<br \/>Allemagne<br \/>T\u00e9l\u00e9phone : 02196971022<br \/>E-mail : <a href=\"mailto:google@slubb.de\">google@slubb.de<\/a><\/p>\n<p>R\u00e8glement alternatif des litiges :<br \/>La Commission europ\u00e9enne met \u00e0 disposition une plateforme de r\u00e8glement extrajudiciaire des litiges en ligne (plateforme RLL), disponible \u00e0 l&rsquo;adresse <a href=\"https:\/\/ec.europa.eu\/odr\">suivante : https:\/\/ec.europa.eu\/odr.<\/a><\/p>\n<p>2. informations sur la formation du contrat<\/p>\n<p>Les \u00e9tapes techniques de la conclusion du contrat, la conclusion du contrat lui-m\u00eame et les possibilit\u00e9s de correction sont effectu\u00e9es conform\u00e9ment aux dispositions \u00ab\u00a0Formation du contrat\u00a0\u00bb de nos conditions g\u00e9n\u00e9rales de vente (partie I).<\/p>\n<p>3. la langue du contrat, le stockage du texte du contrat<\/p>\n<p>3.1. Vertragssprache ist deutsch . <\/p>\n<p>3.2. Der vollst\u00e4ndige Vertragstext wird von uns nicht gespeichert. Vor Absenden der Bestellung \u00fcber das Online \u2013 Warenkorbsystem k\u00f6nnen die Vertragsdaten \u00fcber die Druckfunktion des Browsers ausgedruckt oder elektronisch gesichert werden. Nach Zugang der Bestellung bei uns werden die Bestelldaten, die gesetzlich vorgeschriebenen Informationen bei Fernabsatzvertr\u00e4gen und die Allgemeinen Gesch\u00e4ftsbedingungen nochmals per E-Mail an Sie \u00fcbersandt.   <\/p>\n<p>3.3. Bei Angebotsanfragen au\u00dferhalb des Online-Warenkorbsystems erhalten Sie alle Vertragsdaten im Rahmen eines verbindlichen Angebotes in Textform \u00fcbersandt, z.B. per E-Mail, welche Sie ausdrucken oder elektronisch sichern k\u00f6nnen. <\/p>\n<p>4. caract\u00e9ristiques essentielles du bien ou du service<\/p>\n<p>Les caract\u00e9ristiques essentielles du bien et\/ou du service sont indiqu\u00e9es dans l&rsquo;offre correspondante.<\/p>\n<p>5.0. Preise und Zahlungsmodalit\u00e4ten <\/p>\n<p>5.1. Die in den jeweiligen Angeboten angef\u00fchrten Preise sowie die Versandkosten stellen Gesamtpreise dar. Sie beinhalten alle Preisbestandteile einschlie\u00dflich aller anfallenden Steuern.  <\/p>\n<p>5.2. Die anfallenden Versandkosten sind nicht im Kaufpreis enthalten. Sie sind \u00fcber eine entsprechend bezeichnete Schaltfl\u00e4che auf unserer Internetpr\u00e4senz oder im jeweiligen Angebot aufrufbar, werden im Laufe des Bestellvorganges gesondert ausgewiesen und sind von Ihnen zus\u00e4tzlich zu tragen, soweit nicht die versandkostenfreie Lieferung zugesagt ist.  <\/p>\n<p>5.3. Entstandene Kosten der Geld\u00fcbermittlung (\u00dcberweisungs- oder Wechselkursgeb\u00fchren der Kreditinstitute) sind von Ihnen in den F\u00e4llen zu tragen, in denen die Lieferung in einen EU-Mitgliedsstaat erfolgt, die Zahlung aber au\u00dferhalb der Europ\u00e4ischen Union veranlasst wurde. <\/p>\n<p>5.4. Die Ihnen zur Verf\u00fcgung stehenden Zahlungsarten sind unter einer entsprechend bezeichneten Schaltfl\u00e4che auf unserer Internetpr\u00e4senz oder im jeweiligen Angebot ausgewiesen. <\/p>\n<p>5.5. Soweit bei den einzelnen Zahlungsarten nicht anders angegeben, sind die Zahlungsanspr\u00fcche aus dem geschlossenen Vertrag sofort zur Zahlung f\u00e4llig. <\/p>\n<p>6. conditions de livraison<\/p>\n<p>6.1. Die Lieferbedingungen, der Liefertermin sowie gegebenenfalls bestehende Lieferbeschr\u00e4nkungen finden sich unter einer entsprechend bezeichneten Schaltfl\u00e4che auf unserer Internetpr\u00e4senz oder im jeweiligen Angebot. <\/p>\n<p>6.2. Soweit Sie Verbraucher sind ist gesetzlich geregelt, dass die Gefahr des zuf\u00e4lligen Untergangs und der zuf\u00e4lligen Verschlechterung der verkauften Sache w\u00e4hrend der Versendung erst mit der \u00dcbergabe der Ware an Sie \u00fcbergeht, unabh\u00e4ngig davon, ob die Versendung versichert oder unversichert erfolgt. Dies gilt nicht, wenn Sie eigenst\u00e4ndig ein nicht vom Unternehmer benanntes Transportunternehmen oder eine sonst zur Ausf\u00fchrung der Versendung bestimmte Person beauftragt haben.  <\/p>\n<p>Si vous \u00eates entrepreneur, la livraison et l&rsquo;exp\u00e9dition se font \u00e0 vos risques et p\u00e9rils.<\/p>\n<p>7. droit de la responsabilit\u00e9 l\u00e9gale pour les d\u00e9fauts<\/p>\n<p>La responsabilit\u00e9 des d\u00e9fauts est r\u00e9gie par la disposition \u00ab\u00a0Garantie\u00a0\u00bb de nos conditions g\u00e9n\u00e9rales de vente (partie I).<\/p>\n<p>R\u00e8glement alternatif des litiges conform\u00e9ment \u00e0 l&rsquo;article 14, paragraphe 1, du r\u00e8glement ODR et au \u00a7 36 de la VSBG : <\/p>\n<p>La Commission europ\u00e9enne met \u00e0 disposition une plate-forme de r\u00e8glement en ligne des litiges (OS) que vous trouverez sur <a href=\"https:\/\/ec.europa.eu\/consumers\/odr\">https:\/\/ec.europa.eu\/consumers\/odr<\/a>. Nous ne sommes pas tenus de participer \u00e0 une proc\u00e9dure de r\u00e8glement des litiges devant un organisme de conciliation des consommateurs et ne sommes pas dispos\u00e9s \u00e0 le faire. <\/p>\n\t\t\t\t\t\t\t\t<\/div>\n\t\t\t\t<\/div>\n\t\t\t\t\t<\/div>\n\t\t<\/div>\n\t\t\t\t\t<\/div>\n\t\t<\/section>\n\t\t\t\t<\/div>\n\t\t","protected":false},"excerpt":{"rendered":"<p>CONDITIONS G\u00c9N\u00c9RALES DE VENTE Conditions g\u00e9n\u00e9rales et informations aux clients I. Conditions g\u00e9n\u00e9rales \u00a7 1 Dispositions de base (1) Les conditions g\u00e9n\u00e9rales de vente suivantes s&rsquo;appliquent aux contrats que vous passez avec nous en tant que fournisseur (Michael Strobel) via le site Internet www.slubb.storeschlie\u00dfen.Sauf accord contraire, nous nous opposons \u00e0 l&rsquo;int\u00e9gration de vos propres conditions, [&hellip;]<\/p>\n","protected":false},"author":1,"featured_media":0,"parent":0,"menu_order":1002,"comment_status":"closed","ping_status":"closed","template":"elementor_header_footer","meta":{"_acf_changed":false,"footnotes":""},"class_list":["post-10851","page","type-page","status-publish","hentry"],"acf":[],"yoast_head":"<!-- This site is optimized with the Yoast SEO plugin v27.4 - https:\/\/yoast.com\/product\/yoast-seo-wordpress\/ -->\n<title>CONDITIONS G\u00c9N\u00c9RALES DE VENTE - Slubb\u00ae<\/title>\n<meta name=\"description\" content=\"CONDITIONS G\u00c9N\u00c9RALES DE VENTE Conditions g\u00e9n\u00e9rales et informations aux clients I. Conditions g\u00e9n\u00e9rales \u00a7 1 Dispositions de base (1) Les conditions\" \/>\n<meta name=\"robots\" content=\"index, follow, max-snippet:-1, max-image-preview:large, max-video-preview:-1\" \/>\n<link rel=\"canonical\" href=\"https:\/\/slubb.de\/fr\/conditions-generales-de-vente\/\" \/>\n<meta property=\"og:locale\" content=\"fr_FR\" \/>\n<meta property=\"og:type\" content=\"article\" \/>\n<meta property=\"og:title\" content=\"CONDITIONS G\u00c9N\u00c9RALES DE VENTE - Slubb\u00ae\" \/>\n<meta property=\"og:description\" content=\"CONDITIONS G\u00c9N\u00c9RALES DE VENTE Conditions g\u00e9n\u00e9rales et informations aux clients I. Conditions g\u00e9n\u00e9rales \u00a7 1 Dispositions de base (1) Les conditions\" \/>\n<meta property=\"og:url\" content=\"https:\/\/slubb.de\/fr\/conditions-generales-de-vente\/\" \/>\n<meta property=\"og:site_name\" content=\"Slubb\u00ae\" \/>\n<meta property=\"article:modified_time\" content=\"2025-01-15T10:38:07+00:00\" \/>\n<meta name=\"twitter:card\" content=\"summary_large_image\" \/>\n<meta name=\"twitter:label1\" content=\"Dur\u00e9e de lecture estim\u00e9e\" \/>\n\t<meta name=\"twitter:data1\" content=\"10 minutes\" \/>\n<script type=\"application\/ld+json\" class=\"yoast-schema-graph\">{\"@context\":\"https:\\\/\\\/schema.org\",\"@graph\":[{\"@type\":\"WebPage\",\"@id\":\"https:\\\/\\\/slubb.de\\\/fr\\\/conditions-generales-de-vente\\\/\",\"url\":\"https:\\\/\\\/slubb.de\\\/fr\\\/conditions-generales-de-vente\\\/\",\"name\":\"CONDITIONS G\u00c9N\u00c9RALES DE VENTE - Slubb\u00ae\",\"isPartOf\":{\"@id\":\"https:\\\/\\\/slubb.de\\\/fr\\\/#website\"},\"datePublished\":\"2024-12-16T16:22:20+00:00\",\"dateModified\":\"2025-01-15T10:38:07+00:00\",\"description\":\"CONDITIONS G\u00c9N\u00c9RALES DE VENTE Conditions g\u00e9n\u00e9rales et informations aux clients I. Conditions g\u00e9n\u00e9rales \u00a7 1 Dispositions de base (1) Les conditions\",\"breadcrumb\":{\"@id\":\"https:\\\/\\\/slubb.de\\\/fr\\\/conditions-generales-de-vente\\\/#breadcrumb\"},\"inLanguage\":\"fr-FR\",\"potentialAction\":[{\"@type\":\"ReadAction\",\"target\":[\"https:\\\/\\\/slubb.de\\\/fr\\\/conditions-generales-de-vente\\\/\"]}]},{\"@type\":\"BreadcrumbList\",\"@id\":\"https:\\\/\\\/slubb.de\\\/fr\\\/conditions-generales-de-vente\\\/#breadcrumb\",\"itemListElement\":[{\"@type\":\"ListItem\",\"position\":1,\"name\":\"Startseite\",\"item\":\"https:\\\/\\\/slubb.de\\\/fr\\\/page-daccueil\\\/\"},{\"@type\":\"ListItem\",\"position\":2,\"name\":\"CONDITIONS G\u00c9N\u00c9RALES DE VENTE\"}]},{\"@type\":\"WebSite\",\"@id\":\"https:\\\/\\\/slubb.de\\\/fr\\\/#website\",\"url\":\"https:\\\/\\\/slubb.de\\\/fr\\\/\",\"name\":\"Slubb\u00ae\",\"description\":\"\",\"publisher\":{\"@id\":\"https:\\\/\\\/slubb.de\\\/fr\\\/#organization\"},\"potentialAction\":[{\"@type\":\"SearchAction\",\"target\":{\"@type\":\"EntryPoint\",\"urlTemplate\":\"https:\\\/\\\/slubb.de\\\/fr\\\/?s={search_term_string}\"},\"query-input\":{\"@type\":\"PropertyValueSpecification\",\"valueRequired\":true,\"valueName\":\"search_term_string\"}}],\"inLanguage\":\"fr-FR\"},{\"@type\":\"Organization\",\"@id\":\"https:\\\/\\\/slubb.de\\\/fr\\\/#organization\",\"name\":\"Slubb\u00ae\",\"url\":\"https:\\\/\\\/slubb.de\\\/fr\\\/\",\"logo\":{\"@type\":\"ImageObject\",\"inLanguage\":\"fr-FR\",\"@id\":\"https:\\\/\\\/slubb.de\\\/fr\\\/#\\\/schema\\\/logo\\\/image\\\/\",\"url\":\"https:\\\/\\\/slubb.de\\\/wp-content\\\/uploads\\\/2024\\\/12\\\/cropped-Slubb-Logo-Black.png\",\"contentUrl\":\"https:\\\/\\\/slubb.de\\\/wp-content\\\/uploads\\\/2024\\\/12\\\/cropped-Slubb-Logo-Black.png\",\"width\":500,\"height\":205,\"caption\":\"Slubb\u00ae\"},\"image\":{\"@id\":\"https:\\\/\\\/slubb.de\\\/fr\\\/#\\\/schema\\\/logo\\\/image\\\/\"}}]}<\/script>\n<!-- \/ Yoast SEO plugin. -->","yoast_head_json":{"title":"CONDITIONS G\u00c9N\u00c9RALES DE VENTE - Slubb\u00ae","description":"CONDITIONS G\u00c9N\u00c9RALES DE VENTE Conditions g\u00e9n\u00e9rales et informations aux clients I. Conditions g\u00e9n\u00e9rales \u00a7 1 Dispositions de base (1) Les conditions","robots":{"index":"index","follow":"follow","max-snippet":"max-snippet:-1","max-image-preview":"max-image-preview:large","max-video-preview":"max-video-preview:-1"},"canonical":"https:\/\/slubb.de\/fr\/conditions-generales-de-vente\/","og_locale":"fr_FR","og_type":"article","og_title":"CONDITIONS G\u00c9N\u00c9RALES DE VENTE - Slubb\u00ae","og_description":"CONDITIONS G\u00c9N\u00c9RALES DE VENTE Conditions g\u00e9n\u00e9rales et informations aux clients I. Conditions g\u00e9n\u00e9rales \u00a7 1 Dispositions de base (1) Les conditions","og_url":"https:\/\/slubb.de\/fr\/conditions-generales-de-vente\/","og_site_name":"Slubb\u00ae","article_modified_time":"2025-01-15T10:38:07+00:00","twitter_card":"summary_large_image","twitter_misc":{"Dur\u00e9e de lecture estim\u00e9e":"10 minutes"},"schema":{"@context":"https:\/\/schema.org","@graph":[{"@type":"WebPage","@id":"https:\/\/slubb.de\/fr\/conditions-generales-de-vente\/","url":"https:\/\/slubb.de\/fr\/conditions-generales-de-vente\/","name":"CONDITIONS G\u00c9N\u00c9RALES DE VENTE - Slubb\u00ae","isPartOf":{"@id":"https:\/\/slubb.de\/fr\/#website"},"datePublished":"2024-12-16T16:22:20+00:00","dateModified":"2025-01-15T10:38:07+00:00","description":"CONDITIONS G\u00c9N\u00c9RALES DE VENTE Conditions g\u00e9n\u00e9rales et informations aux clients I. Conditions g\u00e9n\u00e9rales \u00a7 1 Dispositions de base (1) Les conditions","breadcrumb":{"@id":"https:\/\/slubb.de\/fr\/conditions-generales-de-vente\/#breadcrumb"},"inLanguage":"fr-FR","potentialAction":[{"@type":"ReadAction","target":["https:\/\/slubb.de\/fr\/conditions-generales-de-vente\/"]}]},{"@type":"BreadcrumbList","@id":"https:\/\/slubb.de\/fr\/conditions-generales-de-vente\/#breadcrumb","itemListElement":[{"@type":"ListItem","position":1,"name":"Startseite","item":"https:\/\/slubb.de\/fr\/page-daccueil\/"},{"@type":"ListItem","position":2,"name":"CONDITIONS G\u00c9N\u00c9RALES DE VENTE"}]},{"@type":"WebSite","@id":"https:\/\/slubb.de\/fr\/#website","url":"https:\/\/slubb.de\/fr\/","name":"Slubb\u00ae","description":"","publisher":{"@id":"https:\/\/slubb.de\/fr\/#organization"},"potentialAction":[{"@type":"SearchAction","target":{"@type":"EntryPoint","urlTemplate":"https:\/\/slubb.de\/fr\/?s={search_term_string}"},"query-input":{"@type":"PropertyValueSpecification","valueRequired":true,"valueName":"search_term_string"}}],"inLanguage":"fr-FR"},{"@type":"Organization","@id":"https:\/\/slubb.de\/fr\/#organization","name":"Slubb\u00ae","url":"https:\/\/slubb.de\/fr\/","logo":{"@type":"ImageObject","inLanguage":"fr-FR","@id":"https:\/\/slubb.de\/fr\/#\/schema\/logo\/image\/","url":"https:\/\/slubb.de\/wp-content\/uploads\/2024\/12\/cropped-Slubb-Logo-Black.png","contentUrl":"https:\/\/slubb.de\/wp-content\/uploads\/2024\/12\/cropped-Slubb-Logo-Black.png","width":500,"height":205,"caption":"Slubb\u00ae"},"image":{"@id":"https:\/\/slubb.de\/fr\/#\/schema\/logo\/image\/"}}]}},"jetpack_sharing_enabled":true,"_links":{"self":[{"href":"https:\/\/slubb.de\/fr\/wp-json\/wp\/v2\/pages\/10851","targetHints":{"allow":["GET"]}}],"collection":[{"href":"https:\/\/slubb.de\/fr\/wp-json\/wp\/v2\/pages"}],"about":[{"href":"https:\/\/slubb.de\/fr\/wp-json\/wp\/v2\/types\/page"}],"author":[{"embeddable":true,"href":"https:\/\/slubb.de\/fr\/wp-json\/wp\/v2\/users\/1"}],"replies":[{"embeddable":true,"href":"https:\/\/slubb.de\/fr\/wp-json\/wp\/v2\/comments?post=10851"}],"version-history":[{"count":1,"href":"https:\/\/slubb.de\/fr\/wp-json\/wp\/v2\/pages\/10851\/revisions"}],"predecessor-version":[{"id":10853,"href":"https:\/\/slubb.de\/fr\/wp-json\/wp\/v2\/pages\/10851\/revisions\/10853"}],"wp:attachment":[{"href":"https:\/\/slubb.de\/fr\/wp-json\/wp\/v2\/media?parent=10851"}],"curies":[{"name":"wp","href":"https:\/\/api.w.org\/{rel}","templated":true}]}}