{"id":10865,"date":"2024-12-16T16:31:02","date_gmt":"2024-12-16T15:31:02","guid":{"rendered":"https:\/\/slubb.de\/mentions-legales\/"},"modified":"2025-01-15T11:38:16","modified_gmt":"2025-01-15T10:38:16","slug":"mentions-legales","status":"publish","type":"page","link":"https:\/\/slubb.de\/fr\/mentions-legales\/","title":{"rendered":"Mentions l\u00e9gales"},"content":{"rendered":"\t\t<div data-elementor-type=\"wp-page\" data-elementor-id=\"10865\" class=\"elementor elementor-10865 elementor-2\" data-elementor-post-type=\"page\">\n\t\t\t\t\t\t<section class=\"elementor-section elementor-top-section elementor-element elementor-element-92c1c33 elementor-section-boxed elementor-section-height-default elementor-section-height-default\" data-id=\"92c1c33\" data-element_type=\"section\" data-e-type=\"section\" data-settings=\"{&quot;background_background&quot;:&quot;classic&quot;}\">\n\t\t\t\t\t\t<div class=\"elementor-container elementor-column-gap-default\">\n\t\t\t\t\t<div class=\"elementor-column elementor-col-100 elementor-top-column elementor-element elementor-element-75c6708\" data-id=\"75c6708\" data-element_type=\"column\" data-e-type=\"column\">\n\t\t\t<div class=\"elementor-widget-wrap elementor-element-populated\">\n\t\t\t\t\t\t<div class=\"elementor-element elementor-element-90d4860 elementor-widget elementor-widget-heading\" data-id=\"90d4860\" data-element_type=\"widget\" data-e-type=\"widget\" data-settings=\"{&quot;motion_fx_motion_fx_scrolling&quot;:&quot;yes&quot;,&quot;motion_fx_translateY_effect&quot;:&quot;yes&quot;,&quot;motion_fx_translateY_direction&quot;:&quot;negative&quot;,&quot;motion_fx_translateY_affectedRange&quot;:{&quot;unit&quot;:&quot;%&quot;,&quot;size&quot;:&quot;&quot;,&quot;sizes&quot;:{&quot;start&quot;:0,&quot;end&quot;:50}},&quot;motion_fx_translateY_speed&quot;:{&quot;unit&quot;:&quot;px&quot;,&quot;size&quot;:4,&quot;sizes&quot;:[]},&quot;motion_fx_devices&quot;:[&quot;desktop&quot;,&quot;tablet&quot;,&quot;mobile&quot;]}\" data-widget_type=\"heading.default\">\n\t\t\t\t<div class=\"elementor-widget-container\">\n\t\t\t\t\t<h1 class=\"elementor-heading-title elementor-size-default\">Mentions l\u00e9gales<\/h1>\t\t\t\t<\/div>\n\t\t\t\t<\/div>\n\t\t\t\t<div class=\"elementor-element elementor-element-7270129 elementor-widget elementor-widget-spacer\" data-id=\"7270129\" data-element_type=\"widget\" data-e-type=\"widget\" data-widget_type=\"spacer.default\">\n\t\t\t\t<div class=\"elementor-widget-container\">\n\t\t\t\t\t\t\t<div class=\"elementor-spacer\">\n\t\t\t<div class=\"elementor-spacer-inner\"><\/div>\n\t\t<\/div>\n\t\t\t\t\t\t<\/div>\n\t\t\t\t<\/div>\n\t\t\t\t<div class=\"elementor-element elementor-element-e3270c0 elementor-widget elementor-widget-text-editor\" data-id=\"e3270c0\" data-element_type=\"widget\" data-e-type=\"widget\" data-widget_type=\"text-editor.default\">\n\t\t\t\t<div class=\"elementor-widget-container\">\n\t\t\t\t\t\t\t\t\t<h2>Informations conform\u00e9ment au \u00a7 5 TMG<\/h2>\n<p>Slubb.Store<br>Michael Strobel<br>Friedhofstra\u00dfe 10<br>42929 Wermelskirchen<\/p>\n<h2>Contact<\/h2>\n<p>T\u00e9l\u00e9phone : 02196 884756<br>E-mail : info@slubb.store<\/p>\n<h2>Num\u00e9ro d&rsquo;identification de la taxe sur le chiffre d&rsquo;affaires<\/h2>\n<p>Num\u00e9ro d&rsquo;identification de la taxe sur le chiffre d&rsquo;affaires conform\u00e9ment au \u00a727 a de la loi sur la taxe sur le chiffre d&rsquo;affaires :<br>DE 189067640<\/p>\n<h2>Num\u00e9ro WEEE<\/h2>\n<p>Num\u00e9ro WEEE :<br>FR 67767121<\/p>\n<h2>R\u00e8glement des litiges<\/h2>\n<p>La Commission europ\u00e9enne met \u00e0 disposition une plateforme de r\u00e8glement en ligne des litiges (RLL) <a href=\"https:\/\/ec.europa.eu\/consumers\/odr\" target=\"_blank\" rel=\"noopener\">: https:\/\/ec.europa.eu\/consumers\/odr.<\/a><br>Vous trouverez notre adresse \u00e9lectronique en haut de la page des mentions l\u00e9gales.<\/p>\n<p>Nous ne sommes pas dispos\u00e9s ou oblig\u00e9s de participer \u00e0 des proc\u00e9dures de r\u00e8glement des litiges devant un organisme de conciliation des consommateurs.<\/p>\n<h3>Responsabilit\u00e9 du contenu<\/h3>\n<p>En tant que prestataire de services, nous sommes responsables, conform\u00e9ment au \u00a7 7 alin\u00e9a 1 de la loi allemande sur les t\u00e9l\u00e9m\u00e9dias (TMG), de nos propres contenus sur ces pages selon les lois g\u00e9n\u00e9rales. Conform\u00e9ment aux \u00a7\u00a7 8 \u00e0 10 de la TMG, nous ne sommes toutefois pas tenus, en tant que prestataire de services, de surveiller les informations externes transmises ou enregistr\u00e9es ou de rechercher des circonstances indiquant une activit\u00e9 ill\u00e9gale.  <\/p>\n<p>L&rsquo;obligation de supprimer ou de bloquer l&rsquo;utilisation d&rsquo;informations conform\u00e9ment aux lois g\u00e9n\u00e9rales n&rsquo;est pas affect\u00e9e par cette disposition. Une responsabilit\u00e9 \u00e0 cet \u00e9gard n&rsquo;est toutefois possible qu&rsquo;\u00e0 partir du moment o\u00f9 une violation concr\u00e8te de la loi est connue. D\u00e8s que nous aurons connaissance d&rsquo;une telle violation, nous supprimerons imm\u00e9diatement le contenu en question.  <\/p>\n<h3>Responsabilit\u00e9 des liens<\/h3>\n<p>Notre offre contient des liens vers des sites Web externes de tiers, sur lesquels nous n&rsquo;avons aucune influence. Nous ne pouvons donc pas nous porter garants de ces contenus externes. Le fournisseur ou l&rsquo;exploitant des pages li\u00e9es est toujours responsable du contenu de ces pages. Les pages li\u00e9es ont \u00e9t\u00e9 v\u00e9rifi\u00e9es au moment de la cr\u00e9ation du lien afin de s&rsquo;assurer qu&rsquo;elles n&rsquo;enfreignaient pas la loi. Aucun contenu ill\u00e9gal n&rsquo;a \u00e9t\u00e9 identifi\u00e9 au moment de la cr\u00e9ation des liens.    <\/p>\n<p>Un contr\u00f4le permanent du contenu des pages li\u00e9es n&rsquo;est cependant pas exigible sans indices concrets d&rsquo;une violation de la loi. Si nous prenons connaissance d&rsquo;une violation de la loi, nous supprimerons imm\u00e9diatement les liens en question. <\/p>\n<h3>Droit d&rsquo;auteur<\/h3>\n<p>Les contenus et \u0153uvres cr\u00e9\u00e9s par les exploitants de ces pages sont soumis au droit d&rsquo;auteur allemand. La reproduction, le traitement, la diffusion et tout type d&rsquo;exploitation en dehors des limites du droit d&rsquo;auteur requi\u00e8rent l&rsquo;accord \u00e9crit de l&rsquo;auteur ou du cr\u00e9ateur concern\u00e9. Les t\u00e9l\u00e9chargements et les copies de ce site ne sont autoris\u00e9s que pour un usage priv\u00e9 et non commercial.  <\/p>\n<p>Dans la mesure o\u00f9 les contenus de ce site n&rsquo;ont pas \u00e9t\u00e9 cr\u00e9\u00e9s par l&rsquo;exploitant, les droits d&rsquo;auteur de tiers sont respect\u00e9s. En particulier, les contenus de tiers sont identifi\u00e9s comme tels. Si vous constatez n\u00e9anmoins une violation des droits d&rsquo;auteur, nous vous prions de nous en informer. D\u00e8s que nous aurons connaissance d&rsquo;une violation de la loi, nous supprimerons imm\u00e9diatement le contenu en question.   <\/p>\n<div class=\"woocommerce woocommerce-gzd woocommerce-gzd-complaints-shortcode\">\n<h3>R\u00e8glement alternatif des litiges conform\u00e9ment \u00e0 l&rsquo;article 14, paragraphe 1, du r\u00e8glement ODR et au \u00a7 36 de la VSBG : <\/h3>\n<p>La Commission europ\u00e9enne met \u00e0 disposition une plate-forme de r\u00e8glement en ligne des litiges (OS) que vous trouverez sur <a href=\"https:\/\/ec.europa.eu\/consumers\/odr\" target=\"_blank\" rel=\"noopener\">https:\/\/ec.europa.eu\/consumers\/odr<\/a>. Nous ne sommes pas tenus de participer \u00e0 une proc\u00e9dure de r\u00e8glement des litiges devant un organisme de conciliation des consommateurs et ne sommes pas dispos\u00e9s \u00e0 le faire. <\/p>\n<\/div>\n<h3><strong>Remarque concernant la loi sur les piles<\/strong><\/h3>\n<p>Comme nous vendons des piles et des accumulateurs ou des appareils contenant des piles et des accumulateurs, nous sommes tenus, conform\u00e9ment \u00e0 la loi sur les piles (BattG), d&rsquo;attirer votre attention sur les points suivants : Les piles et les accumulateurs ne doivent pas \u00eatre jet\u00e9s avec les ordures m\u00e9nag\u00e8res, mais vous \u00eates l\u00e9galement tenu de retourner les piles et les accumulateurs usag\u00e9s. Les piles usag\u00e9es peuvent contenir des substances nocives qui peuvent nuire \u00e0 l&rsquo;environnement ou \u00e0 votre sant\u00e9 si elles ne sont pas stock\u00e9es ou \u00e9limin\u00e9es correctement. Cependant, les piles contiennent \u00e9galement des mati\u00e8res premi\u00e8res importantes telles que le fer, le zinc, le mangan\u00e8se ou le nickel et sont recycl\u00e9es.    <strong>Vous pouvez soit nous renvoyer les piles apr\u00e8s utilisation, soit les rapporter gratuitement \u00e0 proximit\u00e9 imm\u00e9diate (par ex. dans le commerce ou dans les centres de collecte municipaux).<\/strong>  La remise au point de vente est limit\u00e9e aux quantit\u00e9s habituelles pour l&rsquo;utilisateur final et aux piles usag\u00e9es que le distributeur propose ou a propos\u00e9 comme piles neuves dans son assortiment. Cette poubelle barr\u00e9e d&rsquo;une croix signifie que vous ne pouvez pas jeter les piles et les accumulateurs avec les ordures m\u00e9nag\u00e8res. <\/p>\n<h3><strong>Note sur la loi relative aux \u00e9quipements \u00e9lectriques et \u00e9lectroniques<br><\/strong><\/h3>\n<p>Les \u00e9quipements \u00e9lectriques et \u00e9lectroniques ne doivent pas \u00eatre jet\u00e9s avec les ordures m\u00e9nag\u00e8res.<\/p>\n<p>Les consommateurs peuvent d\u00e9poser gratuitement leurs appareils \u00e9lectriques usag\u00e9s dans l&rsquo;un des points de collecte municipaux.<\/p>\n<div class=\"wp-block-image\">\n<figure class=\"aligncenter size-large\"><img decoding=\"async\" class=\"wp-image-4044\" src=\"http:\/\/alfred-scheerer.de\/shop\/wp-content\/uploads\/2020\/11\/batteriegesetz.jpg\" alt=\"\"><\/figure>\n<\/div>\n<p>Sous ce symbole, vous trouverez \u00e9galement les symboles suivants avec la signification suivante : <br>Pb : La pile contient plus de 0,004% de plomb <br>Cd : La pile contient plus de 0,002 % de cadmium <br>Hg : La pile contient plus de 0,0005 % de mercure.<\/p>\t\t\t\t\t\t\t\t<\/div>\n\t\t\t\t<\/div>\n\t\t\t\t\t<\/div>\n\t\t<\/div>\n\t\t\t\t\t<\/div>\n\t\t<\/section>\n\t\t\t\t<\/div>\n\t\t","protected":false},"excerpt":{"rendered":"<p>Mentions l\u00e9gales Informations conform\u00e9ment au \u00a7 5 TMG Slubb.StoreMichael StrobelFriedhofstra\u00dfe 1042929 Wermelskirchen Contact T\u00e9l\u00e9phone : 02196 884756E-mail : info@slubb.store Num\u00e9ro d&rsquo;identification de la taxe sur le chiffre d&rsquo;affaires Num\u00e9ro d&rsquo;identification de la taxe sur le chiffre d&rsquo;affaires conform\u00e9ment au \u00a727 a de la loi sur la taxe sur le chiffre d&rsquo;affaires :DE 189067640 Num\u00e9ro WEEE [&hellip;]<\/p>\n","protected":false},"author":1,"featured_media":0,"parent":0,"menu_order":1000,"comment_status":"closed","ping_status":"closed","template":"elementor_header_footer","meta":{"_acf_changed":false,"footnotes":""},"class_list":["post-10865","page","type-page","status-publish","hentry"],"acf":[],"yoast_head":"<!-- This site is optimized with the Yoast SEO plugin v27.4 - https:\/\/yoast.com\/product\/yoast-seo-wordpress\/ -->\n<title>Mentions l\u00e9gales - Slubb\u00ae<\/title>\n<meta name=\"description\" content=\"Mentions l\u00e9gales Informations conform\u00e9ment au \u00a7 5 TMG Slubb.StoreMichael StrobelFriedhofstra\u00dfe 1042929 Wermelskirchen Contact T\u00e9l\u00e9phone : 02196\" \/>\n<meta name=\"robots\" content=\"index, follow, max-snippet:-1, max-image-preview:large, max-video-preview:-1\" \/>\n<link rel=\"canonical\" href=\"https:\/\/slubb.de\/fr\/mentions-legales\/\" \/>\n<meta property=\"og:locale\" content=\"fr_FR\" \/>\n<meta property=\"og:type\" content=\"article\" \/>\n<meta property=\"og:title\" content=\"Mentions l\u00e9gales - Slubb\u00ae\" \/>\n<meta property=\"og:description\" content=\"Mentions l\u00e9gales Informations conform\u00e9ment au \u00a7 5 TMG Slubb.StoreMichael StrobelFriedhofstra\u00dfe 1042929 Wermelskirchen Contact T\u00e9l\u00e9phone : 02196\" \/>\n<meta property=\"og:url\" content=\"https:\/\/slubb.de\/fr\/mentions-legales\/\" \/>\n<meta property=\"og:site_name\" content=\"Slubb\u00ae\" \/>\n<meta property=\"article:modified_time\" content=\"2025-01-15T10:38:16+00:00\" \/>\n<meta name=\"twitter:card\" content=\"summary_large_image\" \/>\n<meta name=\"twitter:label1\" content=\"Dur\u00e9e de lecture estim\u00e9e\" \/>\n\t<meta name=\"twitter:data1\" content=\"5 minutes\" \/>\n<script type=\"application\/ld+json\" class=\"yoast-schema-graph\">{\"@context\":\"https:\\\/\\\/schema.org\",\"@graph\":[{\"@type\":\"WebPage\",\"@id\":\"https:\\\/\\\/slubb.de\\\/fr\\\/mentions-legales\\\/\",\"url\":\"https:\\\/\\\/slubb.de\\\/fr\\\/mentions-legales\\\/\",\"name\":\"Mentions l\u00e9gales - Slubb\u00ae\",\"isPartOf\":{\"@id\":\"https:\\\/\\\/slubb.de\\\/fr\\\/#website\"},\"primaryImageOfPage\":{\"@id\":\"https:\\\/\\\/slubb.de\\\/fr\\\/mentions-legales\\\/#primaryimage\"},\"image\":{\"@id\":\"https:\\\/\\\/slubb.de\\\/fr\\\/mentions-legales\\\/#primaryimage\"},\"thumbnailUrl\":\"http:\\\/\\\/alfred-scheerer.de\\\/shop\\\/wp-content\\\/uploads\\\/2020\\\/11\\\/batteriegesetz.jpg\",\"datePublished\":\"2024-12-16T15:31:02+00:00\",\"dateModified\":\"2025-01-15T10:38:16+00:00\",\"description\":\"Mentions l\u00e9gales Informations conform\u00e9ment au \u00a7 5 TMG Slubb.StoreMichael StrobelFriedhofstra\u00dfe 1042929 Wermelskirchen Contact T\u00e9l\u00e9phone : 02196\",\"breadcrumb\":{\"@id\":\"https:\\\/\\\/slubb.de\\\/fr\\\/mentions-legales\\\/#breadcrumb\"},\"inLanguage\":\"fr-FR\",\"potentialAction\":[{\"@type\":\"ReadAction\",\"target\":[\"https:\\\/\\\/slubb.de\\\/fr\\\/mentions-legales\\\/\"]}]},{\"@type\":\"ImageObject\",\"inLanguage\":\"fr-FR\",\"@id\":\"https:\\\/\\\/slubb.de\\\/fr\\\/mentions-legales\\\/#primaryimage\",\"url\":\"http:\\\/\\\/alfred-scheerer.de\\\/shop\\\/wp-content\\\/uploads\\\/2020\\\/11\\\/batteriegesetz.jpg\",\"contentUrl\":\"http:\\\/\\\/alfred-scheerer.de\\\/shop\\\/wp-content\\\/uploads\\\/2020\\\/11\\\/batteriegesetz.jpg\"},{\"@type\":\"BreadcrumbList\",\"@id\":\"https:\\\/\\\/slubb.de\\\/fr\\\/mentions-legales\\\/#breadcrumb\",\"itemListElement\":[{\"@type\":\"ListItem\",\"position\":1,\"name\":\"Startseite\",\"item\":\"https:\\\/\\\/slubb.de\\\/fr\\\/page-daccueil\\\/\"},{\"@type\":\"ListItem\",\"position\":2,\"name\":\"Mentions l\u00e9gales\"}]},{\"@type\":\"WebSite\",\"@id\":\"https:\\\/\\\/slubb.de\\\/fr\\\/#website\",\"url\":\"https:\\\/\\\/slubb.de\\\/fr\\\/\",\"name\":\"Slubb\u00ae\",\"description\":\"\",\"publisher\":{\"@id\":\"https:\\\/\\\/slubb.de\\\/fr\\\/#organization\"},\"potentialAction\":[{\"@type\":\"SearchAction\",\"target\":{\"@type\":\"EntryPoint\",\"urlTemplate\":\"https:\\\/\\\/slubb.de\\\/fr\\\/?s={search_term_string}\"},\"query-input\":{\"@type\":\"PropertyValueSpecification\",\"valueRequired\":true,\"valueName\":\"search_term_string\"}}],\"inLanguage\":\"fr-FR\"},{\"@type\":\"Organization\",\"@id\":\"https:\\\/\\\/slubb.de\\\/fr\\\/#organization\",\"name\":\"Slubb\u00ae\",\"url\":\"https:\\\/\\\/slubb.de\\\/fr\\\/\",\"logo\":{\"@type\":\"ImageObject\",\"inLanguage\":\"fr-FR\",\"@id\":\"https:\\\/\\\/slubb.de\\\/fr\\\/#\\\/schema\\\/logo\\\/image\\\/\",\"url\":\"https:\\\/\\\/slubb.de\\\/wp-content\\\/uploads\\\/2024\\\/12\\\/cropped-Slubb-Logo-Black.png\",\"contentUrl\":\"https:\\\/\\\/slubb.de\\\/wp-content\\\/uploads\\\/2024\\\/12\\\/cropped-Slubb-Logo-Black.png\",\"width\":500,\"height\":205,\"caption\":\"Slubb\u00ae\"},\"image\":{\"@id\":\"https:\\\/\\\/slubb.de\\\/fr\\\/#\\\/schema\\\/logo\\\/image\\\/\"}}]}<\/script>\n<!-- \/ Yoast SEO plugin. -->","yoast_head_json":{"title":"Mentions l\u00e9gales - Slubb\u00ae","description":"Mentions l\u00e9gales Informations conform\u00e9ment au \u00a7 5 TMG Slubb.StoreMichael StrobelFriedhofstra\u00dfe 1042929 Wermelskirchen Contact T\u00e9l\u00e9phone : 02196","robots":{"index":"index","follow":"follow","max-snippet":"max-snippet:-1","max-image-preview":"max-image-preview:large","max-video-preview":"max-video-preview:-1"},"canonical":"https:\/\/slubb.de\/fr\/mentions-legales\/","og_locale":"fr_FR","og_type":"article","og_title":"Mentions l\u00e9gales - Slubb\u00ae","og_description":"Mentions l\u00e9gales Informations conform\u00e9ment au \u00a7 5 TMG Slubb.StoreMichael StrobelFriedhofstra\u00dfe 1042929 Wermelskirchen Contact T\u00e9l\u00e9phone : 02196","og_url":"https:\/\/slubb.de\/fr\/mentions-legales\/","og_site_name":"Slubb\u00ae","article_modified_time":"2025-01-15T10:38:16+00:00","twitter_card":"summary_large_image","twitter_misc":{"Dur\u00e9e de lecture estim\u00e9e":"5 minutes"},"schema":{"@context":"https:\/\/schema.org","@graph":[{"@type":"WebPage","@id":"https:\/\/slubb.de\/fr\/mentions-legales\/","url":"https:\/\/slubb.de\/fr\/mentions-legales\/","name":"Mentions l\u00e9gales - Slubb\u00ae","isPartOf":{"@id":"https:\/\/slubb.de\/fr\/#website"},"primaryImageOfPage":{"@id":"https:\/\/slubb.de\/fr\/mentions-legales\/#primaryimage"},"image":{"@id":"https:\/\/slubb.de\/fr\/mentions-legales\/#primaryimage"},"thumbnailUrl":"http:\/\/alfred-scheerer.de\/shop\/wp-content\/uploads\/2020\/11\/batteriegesetz.jpg","datePublished":"2024-12-16T15:31:02+00:00","dateModified":"2025-01-15T10:38:16+00:00","description":"Mentions l\u00e9gales Informations conform\u00e9ment au \u00a7 5 TMG Slubb.StoreMichael StrobelFriedhofstra\u00dfe 1042929 Wermelskirchen Contact T\u00e9l\u00e9phone : 02196","breadcrumb":{"@id":"https:\/\/slubb.de\/fr\/mentions-legales\/#breadcrumb"},"inLanguage":"fr-FR","potentialAction":[{"@type":"ReadAction","target":["https:\/\/slubb.de\/fr\/mentions-legales\/"]}]},{"@type":"ImageObject","inLanguage":"fr-FR","@id":"https:\/\/slubb.de\/fr\/mentions-legales\/#primaryimage","url":"http:\/\/alfred-scheerer.de\/shop\/wp-content\/uploads\/2020\/11\/batteriegesetz.jpg","contentUrl":"http:\/\/alfred-scheerer.de\/shop\/wp-content\/uploads\/2020\/11\/batteriegesetz.jpg"},{"@type":"BreadcrumbList","@id":"https:\/\/slubb.de\/fr\/mentions-legales\/#breadcrumb","itemListElement":[{"@type":"ListItem","position":1,"name":"Startseite","item":"https:\/\/slubb.de\/fr\/page-daccueil\/"},{"@type":"ListItem","position":2,"name":"Mentions l\u00e9gales"}]},{"@type":"WebSite","@id":"https:\/\/slubb.de\/fr\/#website","url":"https:\/\/slubb.de\/fr\/","name":"Slubb\u00ae","description":"","publisher":{"@id":"https:\/\/slubb.de\/fr\/#organization"},"potentialAction":[{"@type":"SearchAction","target":{"@type":"EntryPoint","urlTemplate":"https:\/\/slubb.de\/fr\/?s={search_term_string}"},"query-input":{"@type":"PropertyValueSpecification","valueRequired":true,"valueName":"search_term_string"}}],"inLanguage":"fr-FR"},{"@type":"Organization","@id":"https:\/\/slubb.de\/fr\/#organization","name":"Slubb\u00ae","url":"https:\/\/slubb.de\/fr\/","logo":{"@type":"ImageObject","inLanguage":"fr-FR","@id":"https:\/\/slubb.de\/fr\/#\/schema\/logo\/image\/","url":"https:\/\/slubb.de\/wp-content\/uploads\/2024\/12\/cropped-Slubb-Logo-Black.png","contentUrl":"https:\/\/slubb.de\/wp-content\/uploads\/2024\/12\/cropped-Slubb-Logo-Black.png","width":500,"height":205,"caption":"Slubb\u00ae"},"image":{"@id":"https:\/\/slubb.de\/fr\/#\/schema\/logo\/image\/"}}]}},"jetpack_sharing_enabled":true,"_links":{"self":[{"href":"https:\/\/slubb.de\/fr\/wp-json\/wp\/v2\/pages\/10865","targetHints":{"allow":["GET"]}}],"collection":[{"href":"https:\/\/slubb.de\/fr\/wp-json\/wp\/v2\/pages"}],"about":[{"href":"https:\/\/slubb.de\/fr\/wp-json\/wp\/v2\/types\/page"}],"author":[{"embeddable":true,"href":"https:\/\/slubb.de\/fr\/wp-json\/wp\/v2\/users\/1"}],"replies":[{"embeddable":true,"href":"https:\/\/slubb.de\/fr\/wp-json\/wp\/v2\/comments?post=10865"}],"version-history":[{"count":1,"href":"https:\/\/slubb.de\/fr\/wp-json\/wp\/v2\/pages\/10865\/revisions"}],"predecessor-version":[{"id":10866,"href":"https:\/\/slubb.de\/fr\/wp-json\/wp\/v2\/pages\/10865\/revisions\/10866"}],"wp:attachment":[{"href":"https:\/\/slubb.de\/fr\/wp-json\/wp\/v2\/media?parent=10865"}],"curies":[{"name":"wp","href":"https:\/\/api.w.org\/{rel}","templated":true}]}}