{"id":10790,"date":"2021-01-19T17:49:18","date_gmt":"2021-01-19T16:49:18","guid":{"rendered":"https:\/\/slubb.de\/produkt\/slubb-masturbateur-avec-machine\/"},"modified":"2025-01-29T08:21:07","modified_gmt":"2025-01-29T07:21:07","slug":"slubb-masturbateur-avec-machine","status":"publish","type":"product","link":"https:\/\/slubb.de\/fr\/produkt\/slubb-masturbateur-avec-machine\/","title":{"rendered":"Slubb Masturbateur avec machine"},"content":{"rendered":"<p><strong>Caract\u00e9ristiques techniques :<\/strong><br \/>\nLongueur min. : 365 mm \/ Largeur min. : 40 mm<br \/>\nMat\u00e9riau : caoutchouc SBR \/ PA66 Ultamid A3K<br \/>\nCouleur : noir<br \/>\nPoids : 75 g<\/p>\n<p>Le set d&rsquo;outils multifonctions est livr\u00e9 avec un embout Slubb, une cl\u00e9 Allen pour faciliter le montage et un chargeur rapide.<\/p>\n","protected":false},"excerpt":{"rendered":"<p><strong>Garantie de remboursement de 14 jours\u00b9.<\/strong><\/p>\n<p>Les incroyables vibrations de l&rsquo;appareil sont transmises int\u00e9gralement et uniform\u00e9ment \u00e0 l&#8217;embout brevet\u00e9 r\u00e9glable en taille. Elles procurent ainsi une sensation unique que vous n&rsquo;avez jamais ressentie auparavant. Si vous ne poss\u00e9dez pas d&rsquo;outil multifonctionnel, vous pouvez acheter ici dans notre boutique le kit Slubb brevet\u00e9.\u00ae\ufe0fen kit avec la machine. Notre appareil est livr\u00e9 complet avec un chargeur et une batterie, et bien s\u00fbr avec l&rsquo;accessoire Slubb.\u00ae\ufe0fl&rsquo;accessoire. Caract\u00e9ristiques techniques ,12 V, 100-240\/AC 50\/60Hz et un angle d&rsquo;oscillation de<br \/>\n3,0 degr\u00e9s pour un maximum de plaisir.<br \/>\nCapacit\u00e9 de la batterie Li-Ion : 1500 mAh, vitesse de rotation \u00e0 vide : 5000-19000 tr\/min <\/p>\n","protected":false},"featured_media":10522,"template":"","meta":{"_acf_changed":false},"product_brand":[],"product_cat":[451],"product_tag":[458,490,522,469,501,533,480,512,459,491,523,470,502,534,481,513,460,492,524,471,503,535,482,514,461,493,525,472,504,483,515,462,494,526,473,505,484,516,463,495,527,474,506,485,517,464,496,528,475,507,486,518,465,497,529,476,508,455,487,519,466,498,530,477,509,456,488,520,467,499,531,478,510,457,489,521,468,500,532,479,511],"class_list":{"0":"post-10790","1":"product","2":"type-product","3":"status-publish","4":"has-post-thumbnail","6":"product_cat-boutique","7":"product_tag-masturbateur-lui-meme","8":"product_tag-masturbateur-homme-discret","9":"product_tag-masturbateur-homme","10":"product_tag-vibrateur-homme","11":"product_tag-mastubator-fr-2","12":"product_tag-vibromasseur-pour-homme-fr-2","13":"product_tag-masturbateurs-pour-hommes-fr","14":"product_tag-masturbateur-pour-hommes-fr-3","15":"product_tag-vibrateur-pour-homme","16":"product_tag-mastubartor-fr-2","17":"product_tag-jouets-sexuels-pour-hommes","18":"product_tag-male-mastubator-fr-2","19":"product_tag-masturbateur-pour-lui","20":"product_tag-masturbateur-automatique-fr","21":"product_tag-masturbateurs-pour-hommes-fr-2","22":"product_tag-masturbateurs-pas-chers-fr","23":"product_tag-masturbateurs-pas-chers","24":"product_tag-masturbateur-electrique-fr","25":"product_tag-masturbateurs-electriques-fr","26":"product_tag-mastrubator-man-fr-2","27":"product_tag-matubator-fr-2","28":"product_tag-machine-a-baiser","29":"product_tag-masturbateur-fr","30":"product_tag-bondage-fr-2","31":"product_tag-mastrubator-fr-2","32":"product_tag-appareils-de-masturbation","33":"product_tag-mastobators","34":"product_tag-aides-a-la-masturbation-pour-hommes","35":"product_tag-maaturbator-automatique","36":"product_tag-boutique-de-masturbateurs","37":"product_tag-mastobartor-fr-2","38":"product_tag-masturbateurs","39":"product_tag-masturbateurs-automatiques","40":"product_tag-mastubatur-fr-2","41":"product_tag-masturbateurs-pour-hommes","42":"product_tag-masturbateur-pour-hommes-fr-2","43":"product_tag-machines-a-branler","44":"product_tag-masturbateurs-pour-hommes-fr-4","45":"product_tag-montrer-le-masturbateur","46":"product_tag-masturbateurs-pour-hommes-fr-3","47":"product_tag-masturbateur-homme-fr","48":"product_tag-vibromasseur-pour-homme-fr","49":"product_tag-masturbateur-electrique-pour-hommes","50":"product_tag-masturbateur-pour-homme","51":"product_tag-acheter-un-masturbateur","52":"product_tag-vibromasseur-pour-homme","53":"product_tag-mastubartors","54":"product_tag-slubb-fr-2","55":"product_tag-masturbateur-pour-hommes-fr","56":"product_tag-masturbateur-pour-petit-penis","57":"product_tag-mastrubrator-fr-2","58":"product_tag-masturbateur-relax","59":"product_tag-male-mastrubator-fr-2","60":"product_tag-masturbateur-pour-homme-fr","61":"product_tag-electro-masturbateur","62":"product_tag-mastrubateurs","63":"product_tag-maturbatoren-fr-2","64":"product_tag-masturbateur-electrique","65":"product_tag-masturbateur-automatique-de-haut-en-bas","66":"product_tag-masturbateurs-electriques","67":"product_tag-masturbateur-pour-hommes","68":"product_tag-matrubator-fr-2","69":"product_tag-porte-mastor","70":"product_tag-masturbatoe-fr-2","71":"product_tag-masturbateur-automatique","72":"product_tag-mastrobators","73":"product_tag-masturbation","74":"product_tag-mastobator-fr-2","75":"product_tag-aide-a-la-masturbation-homme","76":"product_tag-masturbateurs-automatiques-fr","77":"product_tag-mastubrator-fr-2","78":"product_tag-masturbateurs-en-test","79":"product_tag-masturbateur-pour-homme-fr-2","80":"product_tag-masturbateur","81":"product_tag-masturbateur-force","82":"product_tag-masturbateurs-hommes","83":"product_tag-masturbateurs-fr","84":"product_tag-vibrateur-pour-homme-fr","85":"product_tag-masturbateur-relax-fr","86":"product_tag-machine-a-branler","87":"product_tag-mastubator-men-fr-2","88":"product_shipping_class-slubb-avec-machine","90":"first","91":"instock","92":"taxable","93":"shipping-taxable","94":"purchasable","95":"product-type-simple"},"acf":[],"yoast_head":"<!-- This site is optimized with the Yoast SEO plugin v27.4 - https:\/\/yoast.com\/product\/yoast-seo-wordpress\/ -->\n<title>Slubb Masturbateur avec machine - Slubb\u00ae<\/title>\n<meta name=\"description\" content=\"Garantie de remboursement de 14 jours\u00b9. Les incroyables vibrations de l&#039;appareil sont transmises int\u00e9gralement et uniform\u00e9ment \u00e0 l&#039;embout brevet\u00e9 r\u00e9glable en taille. Elles procurent ainsi une sensation unique que vous n&#039;avez jamais ressentie auparavant. Si vous ne poss\u00e9dez pas d&#039;outil multifonctionnel, vous pouvez acheter ici dans notre boutique le kit Slubb brevet\u00e9.\u00ae\ufe0fen kit avec la machine. Notre appareil est livr\u00e9 complet avec un chargeur et une batterie, et bien s\u00fbr avec l&#039;accessoire Slubb.\u00ae\ufe0fl&#039;accessoire. Caract\u00e9ristiques techniques ,12 V, 100-240\/AC 50\/60Hz et un angle d&#039;oscillation de 3,0 degr\u00e9s pour un maximum de plaisir. Capacit\u00e9 de la batterie Li-Ion : 1500 mAh, vitesse de rotation \u00e0 vide : 5000-19000 tr\/min\" \/>\n<meta name=\"robots\" content=\"index, follow, max-snippet:-1, max-image-preview:large, max-video-preview:-1\" \/>\n<link rel=\"canonical\" href=\"https:\/\/slubb.de\/fr\/produkt\/slubb-masturbateur-avec-machine\/\" \/>\n<meta property=\"og:locale\" content=\"fr_FR\" \/>\n<meta property=\"og:type\" content=\"article\" \/>\n<meta property=\"og:title\" content=\"Slubb Masturbateur avec machine - Slubb\u00ae\" \/>\n<meta property=\"og:description\" content=\"Garantie de remboursement de 14 jours\u00b9. Les incroyables vibrations de l&#039;appareil sont transmises int\u00e9gralement et uniform\u00e9ment \u00e0 l&#039;embout brevet\u00e9 r\u00e9glable en taille. Elles procurent ainsi une sensation unique que vous n&#039;avez jamais ressentie auparavant. Si vous ne poss\u00e9dez pas d&#039;outil multifonctionnel, vous pouvez acheter ici dans notre boutique le kit Slubb brevet\u00e9.\u00ae\ufe0fen kit avec la machine. Notre appareil est livr\u00e9 complet avec un chargeur et une batterie, et bien s\u00fbr avec l&#039;accessoire Slubb.\u00ae\ufe0fl&#039;accessoire. Caract\u00e9ristiques techniques ,12 V, 100-240\/AC 50\/60Hz et un angle d&#039;oscillation de 3,0 degr\u00e9s pour un maximum de plaisir. Capacit\u00e9 de la batterie Li-Ion : 1500 mAh, vitesse de rotation \u00e0 vide : 5000-19000 tr\/min\" \/>\n<meta property=\"og:url\" content=\"https:\/\/slubb.de\/fr\/produkt\/slubb-masturbateur-avec-machine\/\" \/>\n<meta property=\"og:site_name\" content=\"Slubb\u00ae\" \/>\n<meta property=\"article:modified_time\" content=\"2025-01-29T07:21:07+00:00\" \/>\n<meta property=\"og:image\" content=\"https:\/\/slubb.de\/wp-content\/uploads\/2021\/04\/slubb-maenner-masturbator.jpg\" \/>\n\t<meta property=\"og:image:width\" content=\"1600\" \/>\n\t<meta property=\"og:image:height\" content=\"1067\" \/>\n\t<meta property=\"og:image:type\" content=\"image\/jpeg\" \/>\n<meta name=\"twitter:card\" content=\"summary_large_image\" \/>\n<script type=\"application\/ld+json\" class=\"yoast-schema-graph\">{\"@context\":\"https:\\\/\\\/schema.org\",\"@graph\":[{\"@type\":\"WebPage\",\"@id\":\"https:\\\/\\\/slubb.de\\\/fr\\\/produkt\\\/slubb-masturbateur-avec-machine\\\/\",\"url\":\"https:\\\/\\\/slubb.de\\\/fr\\\/produkt\\\/slubb-masturbateur-avec-machine\\\/\",\"name\":\"Slubb Masturbateur avec machine - Slubb\u00ae\",\"isPartOf\":{\"@id\":\"https:\\\/\\\/slubb.de\\\/fr\\\/#website\"},\"primaryImageOfPage\":{\"@id\":\"https:\\\/\\\/slubb.de\\\/fr\\\/produkt\\\/slubb-masturbateur-avec-machine\\\/#primaryimage\"},\"image\":{\"@id\":\"https:\\\/\\\/slubb.de\\\/fr\\\/produkt\\\/slubb-masturbateur-avec-machine\\\/#primaryimage\"},\"thumbnailUrl\":\"https:\\\/\\\/slubb.de\\\/wp-content\\\/uploads\\\/2021\\\/04\\\/slubb-maenner-masturbator.jpg\",\"datePublished\":\"2021-01-19T16:49:18+00:00\",\"dateModified\":\"2025-01-29T07:21:07+00:00\",\"description\":\"Garantie de remboursement de 14 jours\u00b9. Les incroyables vibrations de l'appareil sont transmises int\u00e9gralement et uniform\u00e9ment \u00e0 l'embout brevet\u00e9 r\u00e9glable en taille. Elles procurent ainsi une sensation unique que vous n'avez jamais ressentie auparavant. Si vous ne poss\u00e9dez pas d'outil multifonctionnel, vous pouvez acheter ici dans notre boutique le kit Slubb brevet\u00e9.\u00ae\ufe0fen kit avec la machine. Notre appareil est livr\u00e9 complet avec un chargeur et une batterie, et bien s\u00fbr avec l'accessoire Slubb.\u00ae\ufe0fl'accessoire. Caract\u00e9ristiques techniques ,12 V, 100-240\\\/AC 50\\\/60Hz et un angle d'oscillation de 3,0 degr\u00e9s pour un maximum de plaisir. Capacit\u00e9 de la batterie Li-Ion : 1500 mAh, vitesse de rotation \u00e0 vide : 5000-19000 tr\\\/min\",\"breadcrumb\":{\"@id\":\"https:\\\/\\\/slubb.de\\\/fr\\\/produkt\\\/slubb-masturbateur-avec-machine\\\/#breadcrumb\"},\"inLanguage\":\"fr-FR\",\"potentialAction\":[{\"@type\":\"ReadAction\",\"target\":[\"https:\\\/\\\/slubb.de\\\/fr\\\/produkt\\\/slubb-masturbateur-avec-machine\\\/\"]}]},{\"@type\":\"ImageObject\",\"inLanguage\":\"fr-FR\",\"@id\":\"https:\\\/\\\/slubb.de\\\/fr\\\/produkt\\\/slubb-masturbateur-avec-machine\\\/#primaryimage\",\"url\":\"https:\\\/\\\/slubb.de\\\/wp-content\\\/uploads\\\/2021\\\/04\\\/slubb-maenner-masturbator.jpg\",\"contentUrl\":\"https:\\\/\\\/slubb.de\\\/wp-content\\\/uploads\\\/2021\\\/04\\\/slubb-maenner-masturbator.jpg\",\"width\":1600,\"height\":1067,\"caption\":\"slubb masturbateur pour hommes\"},{\"@type\":\"BreadcrumbList\",\"@id\":\"https:\\\/\\\/slubb.de\\\/fr\\\/produkt\\\/slubb-masturbateur-avec-machine\\\/#breadcrumb\",\"itemListElement\":[{\"@type\":\"ListItem\",\"position\":1,\"name\":\"Startseite\",\"item\":\"https:\\\/\\\/slubb.de\\\/fr\\\/page-daccueil\\\/\"},{\"@type\":\"ListItem\",\"position\":2,\"name\":\"Boutique\",\"item\":\"https:\\\/\\\/slubb.de\\\/fr\\\/boutique\\\/\"},{\"@type\":\"ListItem\",\"position\":3,\"name\":\"Slubb Masturbateur avec machine\"}]},{\"@type\":\"WebSite\",\"@id\":\"https:\\\/\\\/slubb.de\\\/fr\\\/#website\",\"url\":\"https:\\\/\\\/slubb.de\\\/fr\\\/\",\"name\":\"Slubb\u00ae\",\"description\":\"\",\"publisher\":{\"@id\":\"https:\\\/\\\/slubb.de\\\/fr\\\/#organization\"},\"potentialAction\":[{\"@type\":\"SearchAction\",\"target\":{\"@type\":\"EntryPoint\",\"urlTemplate\":\"https:\\\/\\\/slubb.de\\\/fr\\\/?s={search_term_string}\"},\"query-input\":{\"@type\":\"PropertyValueSpecification\",\"valueRequired\":true,\"valueName\":\"search_term_string\"}}],\"inLanguage\":\"fr-FR\"},{\"@type\":\"Organization\",\"@id\":\"https:\\\/\\\/slubb.de\\\/fr\\\/#organization\",\"name\":\"Slubb\u00ae\",\"url\":\"https:\\\/\\\/slubb.de\\\/fr\\\/\",\"logo\":{\"@type\":\"ImageObject\",\"inLanguage\":\"fr-FR\",\"@id\":\"https:\\\/\\\/slubb.de\\\/fr\\\/#\\\/schema\\\/logo\\\/image\\\/\",\"url\":\"https:\\\/\\\/slubb.de\\\/wp-content\\\/uploads\\\/2024\\\/12\\\/cropped-Slubb-Logo-Black.png\",\"contentUrl\":\"https:\\\/\\\/slubb.de\\\/wp-content\\\/uploads\\\/2024\\\/12\\\/cropped-Slubb-Logo-Black.png\",\"width\":500,\"height\":205,\"caption\":\"Slubb\u00ae\"},\"image\":{\"@id\":\"https:\\\/\\\/slubb.de\\\/fr\\\/#\\\/schema\\\/logo\\\/image\\\/\"}}]}<\/script>\n<!-- \/ Yoast SEO plugin. -->","yoast_head_json":{"title":"Slubb Masturbateur avec machine - Slubb\u00ae","description":"Garantie de remboursement de 14 jours\u00b9. Les incroyables vibrations de l'appareil sont transmises int\u00e9gralement et uniform\u00e9ment \u00e0 l'embout brevet\u00e9 r\u00e9glable en taille. Elles procurent ainsi une sensation unique que vous n'avez jamais ressentie auparavant. Si vous ne poss\u00e9dez pas d'outil multifonctionnel, vous pouvez acheter ici dans notre boutique le kit Slubb brevet\u00e9.\u00ae\ufe0fen kit avec la machine. Notre appareil est livr\u00e9 complet avec un chargeur et une batterie, et bien s\u00fbr avec l'accessoire Slubb.\u00ae\ufe0fl'accessoire. Caract\u00e9ristiques techniques ,12 V, 100-240\/AC 50\/60Hz et un angle d'oscillation de 3,0 degr\u00e9s pour un maximum de plaisir. Capacit\u00e9 de la batterie Li-Ion : 1500 mAh, vitesse de rotation \u00e0 vide : 5000-19000 tr\/min","robots":{"index":"index","follow":"follow","max-snippet":"max-snippet:-1","max-image-preview":"max-image-preview:large","max-video-preview":"max-video-preview:-1"},"canonical":"https:\/\/slubb.de\/fr\/produkt\/slubb-masturbateur-avec-machine\/","og_locale":"fr_FR","og_type":"article","og_title":"Slubb Masturbateur avec machine - Slubb\u00ae","og_description":"Garantie de remboursement de 14 jours\u00b9. Les incroyables vibrations de l'appareil sont transmises int\u00e9gralement et uniform\u00e9ment \u00e0 l'embout brevet\u00e9 r\u00e9glable en taille. Elles procurent ainsi une sensation unique que vous n'avez jamais ressentie auparavant. Si vous ne poss\u00e9dez pas d'outil multifonctionnel, vous pouvez acheter ici dans notre boutique le kit Slubb brevet\u00e9.\u00ae\ufe0fen kit avec la machine. Notre appareil est livr\u00e9 complet avec un chargeur et une batterie, et bien s\u00fbr avec l'accessoire Slubb.\u00ae\ufe0fl'accessoire. Caract\u00e9ristiques techniques ,12 V, 100-240\/AC 50\/60Hz et un angle d'oscillation de 3,0 degr\u00e9s pour un maximum de plaisir. Capacit\u00e9 de la batterie Li-Ion : 1500 mAh, vitesse de rotation \u00e0 vide : 5000-19000 tr\/min","og_url":"https:\/\/slubb.de\/fr\/produkt\/slubb-masturbateur-avec-machine\/","og_site_name":"Slubb\u00ae","article_modified_time":"2025-01-29T07:21:07+00:00","og_image":[{"width":1600,"height":1067,"url":"https:\/\/slubb.de\/wp-content\/uploads\/2021\/04\/slubb-maenner-masturbator.jpg","type":"image\/jpeg"}],"twitter_card":"summary_large_image","schema":{"@context":"https:\/\/schema.org","@graph":[{"@type":"WebPage","@id":"https:\/\/slubb.de\/fr\/produkt\/slubb-masturbateur-avec-machine\/","url":"https:\/\/slubb.de\/fr\/produkt\/slubb-masturbateur-avec-machine\/","name":"Slubb Masturbateur avec machine - Slubb\u00ae","isPartOf":{"@id":"https:\/\/slubb.de\/fr\/#website"},"primaryImageOfPage":{"@id":"https:\/\/slubb.de\/fr\/produkt\/slubb-masturbateur-avec-machine\/#primaryimage"},"image":{"@id":"https:\/\/slubb.de\/fr\/produkt\/slubb-masturbateur-avec-machine\/#primaryimage"},"thumbnailUrl":"https:\/\/slubb.de\/wp-content\/uploads\/2021\/04\/slubb-maenner-masturbator.jpg","datePublished":"2021-01-19T16:49:18+00:00","dateModified":"2025-01-29T07:21:07+00:00","description":"Garantie de remboursement de 14 jours\u00b9. Les incroyables vibrations de l'appareil sont transmises int\u00e9gralement et uniform\u00e9ment \u00e0 l'embout brevet\u00e9 r\u00e9glable en taille. Elles procurent ainsi une sensation unique que vous n'avez jamais ressentie auparavant. Si vous ne poss\u00e9dez pas d'outil multifonctionnel, vous pouvez acheter ici dans notre boutique le kit Slubb brevet\u00e9.\u00ae\ufe0fen kit avec la machine. Notre appareil est livr\u00e9 complet avec un chargeur et une batterie, et bien s\u00fbr avec l'accessoire Slubb.\u00ae\ufe0fl'accessoire. Caract\u00e9ristiques techniques ,12 V, 100-240\/AC 50\/60Hz et un angle d'oscillation de 3,0 degr\u00e9s pour un maximum de plaisir. Capacit\u00e9 de la batterie Li-Ion : 1500 mAh, vitesse de rotation \u00e0 vide : 5000-19000 tr\/min","breadcrumb":{"@id":"https:\/\/slubb.de\/fr\/produkt\/slubb-masturbateur-avec-machine\/#breadcrumb"},"inLanguage":"fr-FR","potentialAction":[{"@type":"ReadAction","target":["https:\/\/slubb.de\/fr\/produkt\/slubb-masturbateur-avec-machine\/"]}]},{"@type":"ImageObject","inLanguage":"fr-FR","@id":"https:\/\/slubb.de\/fr\/produkt\/slubb-masturbateur-avec-machine\/#primaryimage","url":"https:\/\/slubb.de\/wp-content\/uploads\/2021\/04\/slubb-maenner-masturbator.jpg","contentUrl":"https:\/\/slubb.de\/wp-content\/uploads\/2021\/04\/slubb-maenner-masturbator.jpg","width":1600,"height":1067,"caption":"slubb masturbateur pour hommes"},{"@type":"BreadcrumbList","@id":"https:\/\/slubb.de\/fr\/produkt\/slubb-masturbateur-avec-machine\/#breadcrumb","itemListElement":[{"@type":"ListItem","position":1,"name":"Startseite","item":"https:\/\/slubb.de\/fr\/page-daccueil\/"},{"@type":"ListItem","position":2,"name":"Boutique","item":"https:\/\/slubb.de\/fr\/boutique\/"},{"@type":"ListItem","position":3,"name":"Slubb Masturbateur avec machine"}]},{"@type":"WebSite","@id":"https:\/\/slubb.de\/fr\/#website","url":"https:\/\/slubb.de\/fr\/","name":"Slubb\u00ae","description":"","publisher":{"@id":"https:\/\/slubb.de\/fr\/#organization"},"potentialAction":[{"@type":"SearchAction","target":{"@type":"EntryPoint","urlTemplate":"https:\/\/slubb.de\/fr\/?s={search_term_string}"},"query-input":{"@type":"PropertyValueSpecification","valueRequired":true,"valueName":"search_term_string"}}],"inLanguage":"fr-FR"},{"@type":"Organization","@id":"https:\/\/slubb.de\/fr\/#organization","name":"Slubb\u00ae","url":"https:\/\/slubb.de\/fr\/","logo":{"@type":"ImageObject","inLanguage":"fr-FR","@id":"https:\/\/slubb.de\/fr\/#\/schema\/logo\/image\/","url":"https:\/\/slubb.de\/wp-content\/uploads\/2024\/12\/cropped-Slubb-Logo-Black.png","contentUrl":"https:\/\/slubb.de\/wp-content\/uploads\/2024\/12\/cropped-Slubb-Logo-Black.png","width":500,"height":205,"caption":"Slubb\u00ae"},"image":{"@id":"https:\/\/slubb.de\/fr\/#\/schema\/logo\/image\/"}}]}},"jetpack_sharing_enabled":true,"_links":{"self":[{"href":"https:\/\/slubb.de\/fr\/wp-json\/wp\/v2\/product\/10790","targetHints":{"allow":["GET"]}}],"collection":[{"href":"https:\/\/slubb.de\/fr\/wp-json\/wp\/v2\/product"}],"about":[{"href":"https:\/\/slubb.de\/fr\/wp-json\/wp\/v2\/types\/product"}],"wp:featuredmedia":[{"embeddable":true,"href":"https:\/\/slubb.de\/fr\/wp-json\/wp\/v2\/media\/10522"}],"wp:attachment":[{"href":"https:\/\/slubb.de\/fr\/wp-json\/wp\/v2\/media?parent=10790"}],"wp:term":[{"taxonomy":"product_brand","embeddable":true,"href":"https:\/\/slubb.de\/fr\/wp-json\/wp\/v2\/product_brand?post=10790"},{"taxonomy":"product_cat","embeddable":true,"href":"https:\/\/slubb.de\/fr\/wp-json\/wp\/v2\/product_cat?post=10790"},{"taxonomy":"product_tag","embeddable":true,"href":"https:\/\/slubb.de\/fr\/wp-json\/wp\/v2\/product_tag?post=10790"}],"curies":[{"name":"wp","href":"https:\/\/api.w.org\/{rel}","templated":true}]}}