{"id":10791,"date":"2023-03-10T10:31:43","date_gmt":"2023-03-10T09:31:43","guid":{"rendered":"https:\/\/slubb.de\/produkt\/slubb%ef%b8%8fset-complet\/"},"modified":"2025-01-29T08:19:37","modified_gmt":"2025-01-29T07:19:37","slug":"slubb%ef%b8%8fset-complet","status":"publish","type":"product","link":"https:\/\/slubb.de\/fr\/produkt\/slubb%ef%b8%8fset-complet\/","title":{"rendered":"Slubb\u00ae\ufe0fSet complet"},"content":{"rendered":"\t\t<div data-elementor-type=\"product-post\" data-elementor-id=\"10791\" class=\"elementor elementor-10791 elementor-9676\" data-elementor-post-type=\"product\">\n\t\t\t\t\t\t<section class=\"elementor-section elementor-top-section elementor-element elementor-element-21f1257 elementor-section-boxed elementor-section-height-default elementor-section-height-default\" data-id=\"21f1257\" data-element_type=\"section\" data-e-type=\"section\">\n\t\t\t\t\t\t<div class=\"elementor-container elementor-column-gap-default\">\n\t\t\t\t\t<div class=\"elementor-column elementor-col-100 elementor-top-column elementor-element elementor-element-e1b89a7\" data-id=\"e1b89a7\" data-element_type=\"column\" data-e-type=\"column\">\n\t\t\t<div class=\"elementor-widget-wrap elementor-element-populated\">\n\t\t\t\t\t\t<div class=\"elementor-element elementor-element-3687785 elementor-widget elementor-widget-text-editor\" data-id=\"3687785\" data-element_type=\"widget\" data-e-type=\"widget\" data-widget_type=\"text-editor.default\">\n\t\t\t\t<div class=\"elementor-widget-container\">\n\t\t\t\t\t\t\t\t\t<p>Slubb\u00ae\ufe0fSet complet, comprenant Slubb\u00ae\ufe0fmasturbateur, ainsi que Slubb\u00ae\ufe0fWomen et la machine, y compris le chargeur, un morceau de 12 Volt Li Ion batterie ainsi qu&rsquo;une cl\u00e9 hexagonale.<br \/>198,90\u20ac brut, frais d&rsquo;exp\u00e9dition comme pour le Slubb avec machine.<\/p>\n\t\t\t\t\t\t\t\t<\/div>\n\t\t\t\t<\/div>\n\t\t\t\t<section class=\"elementor-section elementor-inner-section elementor-element elementor-element-ecff230 elementor-section-boxed elementor-section-height-default elementor-section-height-default\" data-id=\"ecff230\" data-element_type=\"section\" data-e-type=\"section\">\n\t\t\t\t\t\t<div class=\"elementor-container elementor-column-gap-default\">\n\t\t\t\t\t<div class=\"elementor-column elementor-col-50 elementor-inner-column elementor-element elementor-element-ef963b2\" data-id=\"ef963b2\" data-element_type=\"column\" data-e-type=\"column\">\n\t\t\t<div class=\"elementor-widget-wrap elementor-element-populated\">\n\t\t\t\t\t\t<div class=\"elementor-element elementor-element-d244875 elementor-widget elementor-widget-image\" data-id=\"d244875\" data-element_type=\"widget\" data-e-type=\"widget\" data-widget_type=\"image.default\">\n\t\t\t\t<div class=\"elementor-widget-container\">\n\t\t\t\t\t\t\t\t\t\t\t\t\t\t\t<img fetchpriority=\"high\" decoding=\"async\" width=\"800\" height=\"533\" src=\"https:\/\/slubb.de\/wp-content\/uploads\/2023\/03\/Slubb-Women-Aufsatz-6.jpg\" class=\"attachment-large size-large wp-image-10564\" alt=\"\" srcset=\"https:\/\/slubb.de\/wp-content\/uploads\/2023\/03\/Slubb-Women-Aufsatz-6.jpg 900w, https:\/\/slubb.de\/wp-content\/uploads\/2023\/03\/Slubb-Women-Aufsatz-6-300x200.jpg 300w, https:\/\/slubb.de\/wp-content\/uploads\/2023\/03\/Slubb-Women-Aufsatz-6-768x512.jpg 768w, https:\/\/slubb.de\/wp-content\/uploads\/2023\/03\/Slubb-Women-Aufsatz-6-600x400.jpg 600w\" sizes=\"(max-width: 800px) 100vw, 800px\" \/>\t\t\t\t\t\t\t\t\t\t\t\t\t\t\t<\/div>\n\t\t\t\t<\/div>\n\t\t\t\t\t<\/div>\n\t\t<\/div>\n\t\t\t\t<div class=\"elementor-column elementor-col-50 elementor-inner-column elementor-element elementor-element-8239085\" data-id=\"8239085\" data-element_type=\"column\" data-e-type=\"column\">\n\t\t\t<div class=\"elementor-widget-wrap elementor-element-populated\">\n\t\t\t\t\t\t<div class=\"elementor-element elementor-element-b6d46f9 elementor-widget elementor-widget-text-editor\" data-id=\"b6d46f9\" data-element_type=\"widget\" data-e-type=\"widget\" data-widget_type=\"text-editor.default\">\n\t\t\t\t<div class=\"elementor-widget-container\">\n\t\t\t\t\t\t\t\t\t<p>Bien s\u00fbr, tout le monde conna\u00eet les jolies choses qui ne font que bourdonner. Le Slubb\u00ae\ufe0fWomen est le tueur de dames par excellence. Ses vibrations, transmises directement et sans frein de la machine \u00e0 la t\u00eate, ne laissent rien \u00e0 d\u00e9sirer. D\u00e8s le premier niveau, il d\u00e9ploie toute sa puissance sans filtre. L&#8217;embout pratique en deux parties est facile \u00e0 monter et \u00e0 nettoyer, pour que rien ne s&rsquo;oppose \u00e0 la prochaine utilisation.    <\/p>\n\t\t\t\t\t\t\t\t<\/div>\n\t\t\t\t<\/div>\n\t\t\t\t\t<\/div>\n\t\t<\/div>\n\t\t\t\t\t<\/div>\n\t\t<\/section>\n\t\t\t\t\t<\/div>\n\t\t<\/div>\n\t\t\t\t\t<\/div>\n\t\t<\/section>\n\t\t\t\t<\/div>\n\t\t","protected":false},"excerpt":{"rendered":"<p>Slubb\u00ae\ufe0fSet complet, comprenant Slubb\u00ae\ufe0fmasturbateur, ainsi que Slubb\u00ae\ufe0fWomen et la machine, y compris le chargeur, un morceau de 12 Volt Li Ion batterie ainsi qu&rsquo;une cl\u00e9 hexagonale.198,90\u20ac brut, frais d&rsquo;exp\u00e9dition comme pour le Slubb avec machine. Bien s\u00fbr, tout le monde conna\u00eet les jolies choses qui ne font que bourdonner. Le Slubb\u00ae\ufe0fWomen est le tueur de [&hellip;]<\/p>\n","protected":false},"featured_media":10750,"template":"","meta":{"_acf_changed":false},"product_brand":[416],"product_cat":[451],"product_tag":[],"class_list":{"0":"post-10791","1":"product","2":"type-product","3":"status-publish","4":"has-post-thumbnail","6":"product_brand-slubb","7":"product_cat-boutique","8":"product_shipping_class-slubb-avec-machine","10":"first","11":"instock","12":"taxable","13":"shipping-taxable","14":"purchasable","15":"product-type-simple"},"acf":[],"yoast_head":"<!-- This site is optimized with the Yoast SEO plugin v27.3 - https:\/\/yoast.com\/product\/yoast-seo-wordpress\/ -->\n<title>Slubb\u00ae\ufe0fSet complet - Slubb\u00ae<\/title>\n<meta name=\"description\" content=\"Slubb\u00ae\ufe0fSet complet, comprenant Slubb\u00ae\ufe0fmasturbateur, ainsi que Slubb\u00ae\ufe0fWomen et la machine, y compris le chargeur, un morceau de 12 Volt Li Ion batterie\" \/>\n<meta name=\"robots\" content=\"index, follow, max-snippet:-1, max-image-preview:large, max-video-preview:-1\" \/>\n<link rel=\"canonical\" href=\"https:\/\/slubb.de\/fr\/produkt\/slubb%ef%b8%8fset-complet\/\" \/>\n<meta property=\"og:locale\" content=\"fr_FR\" \/>\n<meta property=\"og:type\" content=\"article\" \/>\n<meta property=\"og:title\" content=\"Slubb\u00ae\ufe0fSet complet - Slubb\u00ae\" \/>\n<meta property=\"og:description\" content=\"Slubb\u00ae\ufe0fSet complet, comprenant Slubb\u00ae\ufe0fmasturbateur, ainsi que Slubb\u00ae\ufe0fWomen et la machine, y compris le chargeur, un morceau de 12 Volt Li Ion batterie\" \/>\n<meta property=\"og:url\" content=\"https:\/\/slubb.de\/fr\/produkt\/slubb%ef%b8%8fset-complet\/\" \/>\n<meta property=\"og:site_name\" content=\"Slubb\u00ae\" \/>\n<meta property=\"article:modified_time\" content=\"2025-01-29T07:19:37+00:00\" \/>\n<meta property=\"og:image\" content=\"https:\/\/slubb.de\/wp-content\/uploads\/2023\/03\/Slubb-Komplett-Set-1-1.png\" \/>\n\t<meta property=\"og:image:width\" content=\"900\" \/>\n\t<meta property=\"og:image:height\" content=\"600\" \/>\n\t<meta property=\"og:image:type\" content=\"image\/png\" \/>\n<meta name=\"twitter:card\" content=\"summary_large_image\" \/>\n<meta name=\"twitter:label1\" content=\"Dur\u00e9e de lecture estim\u00e9e\" \/>\n\t<meta name=\"twitter:data1\" content=\"1 minute\" \/>\n<script type=\"application\/ld+json\" class=\"yoast-schema-graph\">{\"@context\":\"https:\\\/\\\/schema.org\",\"@graph\":[{\"@type\":\"WebPage\",\"@id\":\"https:\\\/\\\/slubb.de\\\/fr\\\/produkt\\\/slubb%ef%b8%8fset-complet\\\/\",\"url\":\"https:\\\/\\\/slubb.de\\\/fr\\\/produkt\\\/slubb%ef%b8%8fset-complet\\\/\",\"name\":\"Slubb\u00ae\ufe0fSet complet - Slubb\u00ae\",\"isPartOf\":{\"@id\":\"https:\\\/\\\/slubb.de\\\/fr\\\/#website\"},\"primaryImageOfPage\":{\"@id\":\"https:\\\/\\\/slubb.de\\\/fr\\\/produkt\\\/slubb%ef%b8%8fset-complet\\\/#primaryimage\"},\"image\":{\"@id\":\"https:\\\/\\\/slubb.de\\\/fr\\\/produkt\\\/slubb%ef%b8%8fset-complet\\\/#primaryimage\"},\"thumbnailUrl\":\"https:\\\/\\\/slubb.de\\\/wp-content\\\/uploads\\\/2023\\\/03\\\/Slubb-Komplett-Set-1-1.png\",\"datePublished\":\"2023-03-10T09:31:43+00:00\",\"dateModified\":\"2025-01-29T07:19:37+00:00\",\"description\":\"Slubb\u00ae\ufe0fSet complet, comprenant Slubb\u00ae\ufe0fmasturbateur, ainsi que Slubb\u00ae\ufe0fWomen et la machine, y compris le chargeur, un morceau de 12 Volt Li Ion batterie\",\"breadcrumb\":{\"@id\":\"https:\\\/\\\/slubb.de\\\/fr\\\/produkt\\\/slubb%ef%b8%8fset-complet\\\/#breadcrumb\"},\"inLanguage\":\"fr-FR\",\"potentialAction\":[{\"@type\":\"ReadAction\",\"target\":[\"https:\\\/\\\/slubb.de\\\/fr\\\/produkt\\\/slubb%ef%b8%8fset-complet\\\/\"]}]},{\"@type\":\"ImageObject\",\"inLanguage\":\"fr-FR\",\"@id\":\"https:\\\/\\\/slubb.de\\\/fr\\\/produkt\\\/slubb%ef%b8%8fset-complet\\\/#primaryimage\",\"url\":\"https:\\\/\\\/slubb.de\\\/wp-content\\\/uploads\\\/2023\\\/03\\\/Slubb-Komplett-Set-1-1.png\",\"contentUrl\":\"https:\\\/\\\/slubb.de\\\/wp-content\\\/uploads\\\/2023\\\/03\\\/Slubb-Komplett-Set-1-1.png\",\"width\":900,\"height\":600,\"caption\":\"Slubb Set complet 1\"},{\"@type\":\"BreadcrumbList\",\"@id\":\"https:\\\/\\\/slubb.de\\\/fr\\\/produkt\\\/slubb%ef%b8%8fset-complet\\\/#breadcrumb\",\"itemListElement\":[{\"@type\":\"ListItem\",\"position\":1,\"name\":\"Startseite\",\"item\":\"https:\\\/\\\/slubb.de\\\/fr\\\/page-daccueil\\\/\"},{\"@type\":\"ListItem\",\"position\":2,\"name\":\"Boutique\",\"item\":\"https:\\\/\\\/slubb.de\\\/fr\\\/boutique\\\/\"},{\"@type\":\"ListItem\",\"position\":3,\"name\":\"Slubb\u00ae\ufe0fSet complet\"}]},{\"@type\":\"WebSite\",\"@id\":\"https:\\\/\\\/slubb.de\\\/fr\\\/#website\",\"url\":\"https:\\\/\\\/slubb.de\\\/fr\\\/\",\"name\":\"Slubb\u00ae\",\"description\":\"\",\"publisher\":{\"@id\":\"https:\\\/\\\/slubb.de\\\/fr\\\/#organization\"},\"potentialAction\":[{\"@type\":\"SearchAction\",\"target\":{\"@type\":\"EntryPoint\",\"urlTemplate\":\"https:\\\/\\\/slubb.de\\\/fr\\\/?s={search_term_string}\"},\"query-input\":{\"@type\":\"PropertyValueSpecification\",\"valueRequired\":true,\"valueName\":\"search_term_string\"}}],\"inLanguage\":\"fr-FR\"},{\"@type\":\"Organization\",\"@id\":\"https:\\\/\\\/slubb.de\\\/fr\\\/#organization\",\"name\":\"Slubb\u00ae\",\"url\":\"https:\\\/\\\/slubb.de\\\/fr\\\/\",\"logo\":{\"@type\":\"ImageObject\",\"inLanguage\":\"fr-FR\",\"@id\":\"https:\\\/\\\/slubb.de\\\/fr\\\/#\\\/schema\\\/logo\\\/image\\\/\",\"url\":\"https:\\\/\\\/slubb.de\\\/wp-content\\\/uploads\\\/2024\\\/12\\\/cropped-Slubb-Logo-Black.png\",\"contentUrl\":\"https:\\\/\\\/slubb.de\\\/wp-content\\\/uploads\\\/2024\\\/12\\\/cropped-Slubb-Logo-Black.png\",\"width\":500,\"height\":205,\"caption\":\"Slubb\u00ae\"},\"image\":{\"@id\":\"https:\\\/\\\/slubb.de\\\/fr\\\/#\\\/schema\\\/logo\\\/image\\\/\"}}]}<\/script>\n<!-- \/ Yoast SEO plugin. -->","yoast_head_json":{"title":"Slubb\u00ae\ufe0fSet complet - Slubb\u00ae","description":"Slubb\u00ae\ufe0fSet complet, comprenant Slubb\u00ae\ufe0fmasturbateur, ainsi que Slubb\u00ae\ufe0fWomen et la machine, y compris le chargeur, un morceau de 12 Volt Li Ion batterie","robots":{"index":"index","follow":"follow","max-snippet":"max-snippet:-1","max-image-preview":"max-image-preview:large","max-video-preview":"max-video-preview:-1"},"canonical":"https:\/\/slubb.de\/fr\/produkt\/slubb%ef%b8%8fset-complet\/","og_locale":"fr_FR","og_type":"article","og_title":"Slubb\u00ae\ufe0fSet complet - Slubb\u00ae","og_description":"Slubb\u00ae\ufe0fSet complet, comprenant Slubb\u00ae\ufe0fmasturbateur, ainsi que Slubb\u00ae\ufe0fWomen et la machine, y compris le chargeur, un morceau de 12 Volt Li Ion batterie","og_url":"https:\/\/slubb.de\/fr\/produkt\/slubb%ef%b8%8fset-complet\/","og_site_name":"Slubb\u00ae","article_modified_time":"2025-01-29T07:19:37+00:00","og_image":[{"width":900,"height":600,"url":"https:\/\/slubb.de\/wp-content\/uploads\/2023\/03\/Slubb-Komplett-Set-1-1.png","type":"image\/png"}],"twitter_card":"summary_large_image","twitter_misc":{"Dur\u00e9e de lecture estim\u00e9e":"1 minute"},"schema":{"@context":"https:\/\/schema.org","@graph":[{"@type":"WebPage","@id":"https:\/\/slubb.de\/fr\/produkt\/slubb%ef%b8%8fset-complet\/","url":"https:\/\/slubb.de\/fr\/produkt\/slubb%ef%b8%8fset-complet\/","name":"Slubb\u00ae\ufe0fSet complet - Slubb\u00ae","isPartOf":{"@id":"https:\/\/slubb.de\/fr\/#website"},"primaryImageOfPage":{"@id":"https:\/\/slubb.de\/fr\/produkt\/slubb%ef%b8%8fset-complet\/#primaryimage"},"image":{"@id":"https:\/\/slubb.de\/fr\/produkt\/slubb%ef%b8%8fset-complet\/#primaryimage"},"thumbnailUrl":"https:\/\/slubb.de\/wp-content\/uploads\/2023\/03\/Slubb-Komplett-Set-1-1.png","datePublished":"2023-03-10T09:31:43+00:00","dateModified":"2025-01-29T07:19:37+00:00","description":"Slubb\u00ae\ufe0fSet complet, comprenant Slubb\u00ae\ufe0fmasturbateur, ainsi que Slubb\u00ae\ufe0fWomen et la machine, y compris le chargeur, un morceau de 12 Volt Li Ion batterie","breadcrumb":{"@id":"https:\/\/slubb.de\/fr\/produkt\/slubb%ef%b8%8fset-complet\/#breadcrumb"},"inLanguage":"fr-FR","potentialAction":[{"@type":"ReadAction","target":["https:\/\/slubb.de\/fr\/produkt\/slubb%ef%b8%8fset-complet\/"]}]},{"@type":"ImageObject","inLanguage":"fr-FR","@id":"https:\/\/slubb.de\/fr\/produkt\/slubb%ef%b8%8fset-complet\/#primaryimage","url":"https:\/\/slubb.de\/wp-content\/uploads\/2023\/03\/Slubb-Komplett-Set-1-1.png","contentUrl":"https:\/\/slubb.de\/wp-content\/uploads\/2023\/03\/Slubb-Komplett-Set-1-1.png","width":900,"height":600,"caption":"Slubb Set complet 1"},{"@type":"BreadcrumbList","@id":"https:\/\/slubb.de\/fr\/produkt\/slubb%ef%b8%8fset-complet\/#breadcrumb","itemListElement":[{"@type":"ListItem","position":1,"name":"Startseite","item":"https:\/\/slubb.de\/fr\/page-daccueil\/"},{"@type":"ListItem","position":2,"name":"Boutique","item":"https:\/\/slubb.de\/fr\/boutique\/"},{"@type":"ListItem","position":3,"name":"Slubb\u00ae\ufe0fSet complet"}]},{"@type":"WebSite","@id":"https:\/\/slubb.de\/fr\/#website","url":"https:\/\/slubb.de\/fr\/","name":"Slubb\u00ae","description":"","publisher":{"@id":"https:\/\/slubb.de\/fr\/#organization"},"potentialAction":[{"@type":"SearchAction","target":{"@type":"EntryPoint","urlTemplate":"https:\/\/slubb.de\/fr\/?s={search_term_string}"},"query-input":{"@type":"PropertyValueSpecification","valueRequired":true,"valueName":"search_term_string"}}],"inLanguage":"fr-FR"},{"@type":"Organization","@id":"https:\/\/slubb.de\/fr\/#organization","name":"Slubb\u00ae","url":"https:\/\/slubb.de\/fr\/","logo":{"@type":"ImageObject","inLanguage":"fr-FR","@id":"https:\/\/slubb.de\/fr\/#\/schema\/logo\/image\/","url":"https:\/\/slubb.de\/wp-content\/uploads\/2024\/12\/cropped-Slubb-Logo-Black.png","contentUrl":"https:\/\/slubb.de\/wp-content\/uploads\/2024\/12\/cropped-Slubb-Logo-Black.png","width":500,"height":205,"caption":"Slubb\u00ae"},"image":{"@id":"https:\/\/slubb.de\/fr\/#\/schema\/logo\/image\/"}}]}},"jetpack_sharing_enabled":true,"_links":{"self":[{"href":"https:\/\/slubb.de\/fr\/wp-json\/wp\/v2\/product\/10791","targetHints":{"allow":["GET"]}}],"collection":[{"href":"https:\/\/slubb.de\/fr\/wp-json\/wp\/v2\/product"}],"about":[{"href":"https:\/\/slubb.de\/fr\/wp-json\/wp\/v2\/types\/product"}],"wp:featuredmedia":[{"embeddable":true,"href":"https:\/\/slubb.de\/fr\/wp-json\/wp\/v2\/media\/10750"}],"wp:attachment":[{"href":"https:\/\/slubb.de\/fr\/wp-json\/wp\/v2\/media?parent=10791"}],"wp:term":[{"taxonomy":"product_brand","embeddable":true,"href":"https:\/\/slubb.de\/fr\/wp-json\/wp\/v2\/product_brand?post=10791"},{"taxonomy":"product_cat","embeddable":true,"href":"https:\/\/slubb.de\/fr\/wp-json\/wp\/v2\/product_cat?post=10791"},{"taxonomy":"product_tag","embeddable":true,"href":"https:\/\/slubb.de\/fr\/wp-json\/wp\/v2\/product_tag?post=10791"}],"curies":[{"name":"wp","href":"https:\/\/api.w.org\/{rel}","templated":true}]}}