{"id":10794,"date":"2023-03-10T09:33:19","date_gmt":"2023-03-10T08:33:19","guid":{"rendered":"https:\/\/slubb.de\/produkt\/slubb%ef%b8%8fwomen-recharge\/"},"modified":"2025-01-29T08:20:31","modified_gmt":"2025-01-29T07:20:31","slug":"slubb%ef%b8%8fwomen-recharge","status":"publish","type":"product","link":"https:\/\/slubb.de\/fr\/produkt\/slubb%ef%b8%8fwomen-recharge\/","title":{"rendered":"Slubb\u00ae\ufe0fWomen Recharge"},"content":{"rendered":"\t\t<div data-elementor-type=\"product-post\" data-elementor-id=\"10794\" class=\"elementor elementor-10794 elementor-9605\" data-elementor-post-type=\"product\">\n\t\t\t\t\t\t<section class=\"elementor-section elementor-top-section elementor-element elementor-element-42cf7f09 elementor-section-boxed elementor-section-height-default elementor-section-height-default\" data-id=\"42cf7f09\" data-element_type=\"section\" data-e-type=\"section\">\n\t\t\t\t\t\t<div class=\"elementor-container elementor-column-gap-default\">\n\t\t\t\t\t<div class=\"elementor-column elementor-col-100 elementor-top-column elementor-element elementor-element-7f2089ec\" data-id=\"7f2089ec\" data-element_type=\"column\" data-e-type=\"column\">\n\t\t\t<div class=\"elementor-widget-wrap elementor-element-populated\">\n\t\t\t\t\t\t<div class=\"elementor-element elementor-element-4f662835 elementor-widget elementor-widget-text-editor\" data-id=\"4f662835\" data-element_type=\"widget\" data-e-type=\"widget\" data-widget_type=\"text-editor.default\">\n\t\t\t\t<div class=\"elementor-widget-container\">\n\t\t\t\t\t\t\t\t\t<p>Slubb\u00ae\ufe0fWomen Accessoire en solo. Compos\u00e9 d&rsquo;un couvre-t\u00eate amovible en mousse EVA, envelopp\u00e9 de silicone pour un nettoyage en douceur et d&rsquo;un porte-outil pour l&rsquo;adaptation \u00e0 la machine.<br \/>63,90\u20ac brut, frais de livraison comme pour le Slubb solo <\/p>\n\t\t\t\t\t\t\t\t<\/div>\n\t\t\t\t<\/div>\n\t\t\t\t<section class=\"elementor-section elementor-inner-section elementor-element elementor-element-73daaf8 elementor-section-boxed elementor-section-height-default elementor-section-height-default\" data-id=\"73daaf8\" data-element_type=\"section\" data-e-type=\"section\">\n\t\t\t\t\t\t<div class=\"elementor-container elementor-column-gap-default\">\n\t\t\t\t\t<div class=\"elementor-column elementor-col-50 elementor-inner-column elementor-element elementor-element-f716e1a\" data-id=\"f716e1a\" data-element_type=\"column\" data-e-type=\"column\">\n\t\t\t<div class=\"elementor-widget-wrap elementor-element-populated\">\n\t\t\t\t\t\t<div class=\"elementor-element elementor-element-efa2ae4 elementor-widget elementor-widget-image\" data-id=\"efa2ae4\" data-element_type=\"widget\" data-e-type=\"widget\" data-widget_type=\"image.default\">\n\t\t\t\t<div class=\"elementor-widget-container\">\n\t\t\t\t\t\t\t\t\t\t\t\t\t\t\t<img fetchpriority=\"high\" decoding=\"async\" width=\"800\" height=\"533\" src=\"https:\/\/slubb.de\/wp-content\/uploads\/2023\/03\/Slubb-Women-Aufsatz-6.jpg\" class=\"attachment-large size-large wp-image-10564\" alt=\"\" srcset=\"https:\/\/slubb.de\/wp-content\/uploads\/2023\/03\/Slubb-Women-Aufsatz-6.jpg 900w, https:\/\/slubb.de\/wp-content\/uploads\/2023\/03\/Slubb-Women-Aufsatz-6-300x200.jpg 300w, https:\/\/slubb.de\/wp-content\/uploads\/2023\/03\/Slubb-Women-Aufsatz-6-768x512.jpg 768w, https:\/\/slubb.de\/wp-content\/uploads\/2023\/03\/Slubb-Women-Aufsatz-6-600x400.jpg 600w\" sizes=\"(max-width: 800px) 100vw, 800px\" \/>\t\t\t\t\t\t\t\t\t\t\t\t\t\t\t<\/div>\n\t\t\t\t<\/div>\n\t\t\t\t\t<\/div>\n\t\t<\/div>\n\t\t\t\t<div class=\"elementor-column elementor-col-50 elementor-inner-column elementor-element elementor-element-b7e8110\" data-id=\"b7e8110\" data-element_type=\"column\" data-e-type=\"column\">\n\t\t\t<div class=\"elementor-widget-wrap elementor-element-populated\">\n\t\t\t\t\t\t<div class=\"elementor-element elementor-element-3f73078 elementor-widget elementor-widget-text-editor\" data-id=\"3f73078\" data-element_type=\"widget\" data-e-type=\"widget\" data-widget_type=\"text-editor.default\">\n\t\t\t\t<div class=\"elementor-widget-container\">\n\t\t\t\t\t\t\t\t\t<p>Bien s\u00fbr, tout le monde conna\u00eet les jolies choses qui ne font que bourdonner. Le Slubb\u00ae\ufe0fWomen est le tueur de dames par excellence. Ses vibrations, transmises directement et sans frein de la machine \u00e0 la t\u00eate, ne laissent rien \u00e0 d\u00e9sirer. D\u00e8s le premier niveau, il d\u00e9ploie toute sa puissance sans filtre. L&#8217;embout pratique en deux parties est facile \u00e0 monter et \u00e0 nettoyer, pour que rien ne s&rsquo;oppose \u00e0 la prochaine utilisation.    <\/p>\n\t\t\t\t\t\t\t\t<\/div>\n\t\t\t\t<\/div>\n\t\t\t\t\t<\/div>\n\t\t<\/div>\n\t\t\t\t\t<\/div>\n\t\t<\/section>\n\t\t\t\t\t<\/div>\n\t\t<\/div>\n\t\t\t\t\t<\/div>\n\t\t<\/section>\n\t\t\t\t<\/div>\n\t\t","protected":false},"excerpt":{"rendered":"<p>Slubb\u00ae\ufe0fWomen Accessoire en solo. Compos\u00e9 d&rsquo;un couvre-t\u00eate amovible en mousse EVA, envelopp\u00e9 de silicone pour un nettoyage en douceur et d&rsquo;un porte-outil pour l&rsquo;adaptation \u00e0 la machine.63,90\u20ac brut, frais de livraison comme pour le Slubb solo Bien s\u00fbr, tout le monde conna\u00eet les jolies choses qui ne font que bourdonner. Le Slubb\u00ae\ufe0fWomen est le tueur [&hellip;]<\/p>\n","protected":false},"featured_media":10738,"template":"","meta":{"_acf_changed":false},"product_brand":[416],"product_cat":[451],"product_tag":[],"class_list":{"0":"post-10794","1":"product","2":"type-product","3":"status-publish","4":"has-post-thumbnail","6":"product_brand-slubb","7":"product_cat-boutique","8":"product_shipping_class-slubb-seul","10":"first","11":"instock","12":"taxable","13":"shipping-taxable","14":"purchasable","15":"product-type-simple"},"acf":[],"yoast_head":"<!-- This site is optimized with the Yoast SEO plugin v27.3 - https:\/\/yoast.com\/product\/yoast-seo-wordpress\/ -->\n<title>Slubb\u00ae\ufe0fWomen Recharge - Slubb\u00ae<\/title>\n<meta name=\"description\" content=\"Slubb\u00ae\ufe0fWomen Accessoire en solo. Compos\u00e9 d&#039;un couvre-t\u00eate amovible en mousse EVA, envelopp\u00e9 de silicone pour un nettoyage en douceur et d&#039;un porte-outil\" \/>\n<meta name=\"robots\" content=\"index, follow, max-snippet:-1, max-image-preview:large, max-video-preview:-1\" \/>\n<link rel=\"canonical\" href=\"https:\/\/slubb.de\/fr\/produkt\/slubb%ef%b8%8fwomen-recharge\/\" \/>\n<meta property=\"og:locale\" content=\"fr_FR\" \/>\n<meta property=\"og:type\" content=\"article\" \/>\n<meta property=\"og:title\" content=\"Slubb\u00ae\ufe0fWomen Recharge - Slubb\u00ae\" \/>\n<meta property=\"og:description\" content=\"Slubb\u00ae\ufe0fWomen Accessoire en solo. Compos\u00e9 d&#039;un couvre-t\u00eate amovible en mousse EVA, envelopp\u00e9 de silicone pour un nettoyage en douceur et d&#039;un porte-outil\" \/>\n<meta property=\"og:url\" content=\"https:\/\/slubb.de\/fr\/produkt\/slubb%ef%b8%8fwomen-recharge\/\" \/>\n<meta property=\"og:site_name\" content=\"Slubb\u00ae\" \/>\n<meta property=\"article:modified_time\" content=\"2025-01-29T07:20:31+00:00\" \/>\n<meta property=\"og:image\" content=\"https:\/\/slubb.de\/wp-content\/uploads\/2023\/03\/masturbator-maschine-frau.jpg\" \/>\n\t<meta property=\"og:image:width\" content=\"1000\" \/>\n\t<meta property=\"og:image:height\" content=\"667\" \/>\n\t<meta property=\"og:image:type\" content=\"image\/jpeg\" \/>\n<meta name=\"twitter:card\" content=\"summary_large_image\" \/>\n<meta name=\"twitter:label1\" content=\"Dur\u00e9e de lecture estim\u00e9e\" \/>\n\t<meta name=\"twitter:data1\" content=\"1 minute\" \/>\n<script type=\"application\/ld+json\" class=\"yoast-schema-graph\">{\"@context\":\"https:\\\/\\\/schema.org\",\"@graph\":[{\"@type\":\"WebPage\",\"@id\":\"https:\\\/\\\/slubb.de\\\/fr\\\/produkt\\\/slubb%ef%b8%8fwomen-recharge\\\/\",\"url\":\"https:\\\/\\\/slubb.de\\\/fr\\\/produkt\\\/slubb%ef%b8%8fwomen-recharge\\\/\",\"name\":\"Slubb\u00ae\ufe0fWomen Recharge - Slubb\u00ae\",\"isPartOf\":{\"@id\":\"https:\\\/\\\/slubb.de\\\/fr\\\/#website\"},\"primaryImageOfPage\":{\"@id\":\"https:\\\/\\\/slubb.de\\\/fr\\\/produkt\\\/slubb%ef%b8%8fwomen-recharge\\\/#primaryimage\"},\"image\":{\"@id\":\"https:\\\/\\\/slubb.de\\\/fr\\\/produkt\\\/slubb%ef%b8%8fwomen-recharge\\\/#primaryimage\"},\"thumbnailUrl\":\"https:\\\/\\\/slubb.de\\\/wp-content\\\/uploads\\\/2023\\\/03\\\/masturbator-maschine-frau.jpg\",\"datePublished\":\"2023-03-10T08:33:19+00:00\",\"dateModified\":\"2025-01-29T07:20:31+00:00\",\"description\":\"Slubb\u00ae\ufe0fWomen Accessoire en solo. Compos\u00e9 d'un couvre-t\u00eate amovible en mousse EVA, envelopp\u00e9 de silicone pour un nettoyage en douceur et d'un porte-outil\",\"breadcrumb\":{\"@id\":\"https:\\\/\\\/slubb.de\\\/fr\\\/produkt\\\/slubb%ef%b8%8fwomen-recharge\\\/#breadcrumb\"},\"inLanguage\":\"fr-FR\",\"potentialAction\":[{\"@type\":\"ReadAction\",\"target\":[\"https:\\\/\\\/slubb.de\\\/fr\\\/produkt\\\/slubb%ef%b8%8fwomen-recharge\\\/\"]}]},{\"@type\":\"ImageObject\",\"inLanguage\":\"fr-FR\",\"@id\":\"https:\\\/\\\/slubb.de\\\/fr\\\/produkt\\\/slubb%ef%b8%8fwomen-recharge\\\/#primaryimage\",\"url\":\"https:\\\/\\\/slubb.de\\\/wp-content\\\/uploads\\\/2023\\\/03\\\/masturbator-maschine-frau.jpg\",\"contentUrl\":\"https:\\\/\\\/slubb.de\\\/wp-content\\\/uploads\\\/2023\\\/03\\\/masturbator-maschine-frau.jpg\",\"width\":1000,\"height\":667,\"caption\":\"machine \u00e0 masturber femme\"},{\"@type\":\"BreadcrumbList\",\"@id\":\"https:\\\/\\\/slubb.de\\\/fr\\\/produkt\\\/slubb%ef%b8%8fwomen-recharge\\\/#breadcrumb\",\"itemListElement\":[{\"@type\":\"ListItem\",\"position\":1,\"name\":\"Startseite\",\"item\":\"https:\\\/\\\/slubb.de\\\/fr\\\/page-daccueil\\\/\"},{\"@type\":\"ListItem\",\"position\":2,\"name\":\"Boutique\",\"item\":\"https:\\\/\\\/slubb.de\\\/fr\\\/boutique\\\/\"},{\"@type\":\"ListItem\",\"position\":3,\"name\":\"Slubb\u00ae\ufe0fWomen Recharge\"}]},{\"@type\":\"WebSite\",\"@id\":\"https:\\\/\\\/slubb.de\\\/fr\\\/#website\",\"url\":\"https:\\\/\\\/slubb.de\\\/fr\\\/\",\"name\":\"Slubb\u00ae\",\"description\":\"\",\"publisher\":{\"@id\":\"https:\\\/\\\/slubb.de\\\/fr\\\/#organization\"},\"potentialAction\":[{\"@type\":\"SearchAction\",\"target\":{\"@type\":\"EntryPoint\",\"urlTemplate\":\"https:\\\/\\\/slubb.de\\\/fr\\\/?s={search_term_string}\"},\"query-input\":{\"@type\":\"PropertyValueSpecification\",\"valueRequired\":true,\"valueName\":\"search_term_string\"}}],\"inLanguage\":\"fr-FR\"},{\"@type\":\"Organization\",\"@id\":\"https:\\\/\\\/slubb.de\\\/fr\\\/#organization\",\"name\":\"Slubb\u00ae\",\"url\":\"https:\\\/\\\/slubb.de\\\/fr\\\/\",\"logo\":{\"@type\":\"ImageObject\",\"inLanguage\":\"fr-FR\",\"@id\":\"https:\\\/\\\/slubb.de\\\/fr\\\/#\\\/schema\\\/logo\\\/image\\\/\",\"url\":\"https:\\\/\\\/slubb.de\\\/wp-content\\\/uploads\\\/2024\\\/12\\\/cropped-Slubb-Logo-Black.png\",\"contentUrl\":\"https:\\\/\\\/slubb.de\\\/wp-content\\\/uploads\\\/2024\\\/12\\\/cropped-Slubb-Logo-Black.png\",\"width\":500,\"height\":205,\"caption\":\"Slubb\u00ae\"},\"image\":{\"@id\":\"https:\\\/\\\/slubb.de\\\/fr\\\/#\\\/schema\\\/logo\\\/image\\\/\"}}]}<\/script>\n<!-- \/ Yoast SEO plugin. -->","yoast_head_json":{"title":"Slubb\u00ae\ufe0fWomen Recharge - Slubb\u00ae","description":"Slubb\u00ae\ufe0fWomen Accessoire en solo. Compos\u00e9 d'un couvre-t\u00eate amovible en mousse EVA, envelopp\u00e9 de silicone pour un nettoyage en douceur et d'un porte-outil","robots":{"index":"index","follow":"follow","max-snippet":"max-snippet:-1","max-image-preview":"max-image-preview:large","max-video-preview":"max-video-preview:-1"},"canonical":"https:\/\/slubb.de\/fr\/produkt\/slubb%ef%b8%8fwomen-recharge\/","og_locale":"fr_FR","og_type":"article","og_title":"Slubb\u00ae\ufe0fWomen Recharge - Slubb\u00ae","og_description":"Slubb\u00ae\ufe0fWomen Accessoire en solo. Compos\u00e9 d'un couvre-t\u00eate amovible en mousse EVA, envelopp\u00e9 de silicone pour un nettoyage en douceur et d'un porte-outil","og_url":"https:\/\/slubb.de\/fr\/produkt\/slubb%ef%b8%8fwomen-recharge\/","og_site_name":"Slubb\u00ae","article_modified_time":"2025-01-29T07:20:31+00:00","og_image":[{"width":1000,"height":667,"url":"https:\/\/slubb.de\/wp-content\/uploads\/2023\/03\/masturbator-maschine-frau.jpg","type":"image\/jpeg"}],"twitter_card":"summary_large_image","twitter_misc":{"Dur\u00e9e de lecture estim\u00e9e":"1 minute"},"schema":{"@context":"https:\/\/schema.org","@graph":[{"@type":"WebPage","@id":"https:\/\/slubb.de\/fr\/produkt\/slubb%ef%b8%8fwomen-recharge\/","url":"https:\/\/slubb.de\/fr\/produkt\/slubb%ef%b8%8fwomen-recharge\/","name":"Slubb\u00ae\ufe0fWomen Recharge - Slubb\u00ae","isPartOf":{"@id":"https:\/\/slubb.de\/fr\/#website"},"primaryImageOfPage":{"@id":"https:\/\/slubb.de\/fr\/produkt\/slubb%ef%b8%8fwomen-recharge\/#primaryimage"},"image":{"@id":"https:\/\/slubb.de\/fr\/produkt\/slubb%ef%b8%8fwomen-recharge\/#primaryimage"},"thumbnailUrl":"https:\/\/slubb.de\/wp-content\/uploads\/2023\/03\/masturbator-maschine-frau.jpg","datePublished":"2023-03-10T08:33:19+00:00","dateModified":"2025-01-29T07:20:31+00:00","description":"Slubb\u00ae\ufe0fWomen Accessoire en solo. Compos\u00e9 d'un couvre-t\u00eate amovible en mousse EVA, envelopp\u00e9 de silicone pour un nettoyage en douceur et d'un porte-outil","breadcrumb":{"@id":"https:\/\/slubb.de\/fr\/produkt\/slubb%ef%b8%8fwomen-recharge\/#breadcrumb"},"inLanguage":"fr-FR","potentialAction":[{"@type":"ReadAction","target":["https:\/\/slubb.de\/fr\/produkt\/slubb%ef%b8%8fwomen-recharge\/"]}]},{"@type":"ImageObject","inLanguage":"fr-FR","@id":"https:\/\/slubb.de\/fr\/produkt\/slubb%ef%b8%8fwomen-recharge\/#primaryimage","url":"https:\/\/slubb.de\/wp-content\/uploads\/2023\/03\/masturbator-maschine-frau.jpg","contentUrl":"https:\/\/slubb.de\/wp-content\/uploads\/2023\/03\/masturbator-maschine-frau.jpg","width":1000,"height":667,"caption":"machine \u00e0 masturber femme"},{"@type":"BreadcrumbList","@id":"https:\/\/slubb.de\/fr\/produkt\/slubb%ef%b8%8fwomen-recharge\/#breadcrumb","itemListElement":[{"@type":"ListItem","position":1,"name":"Startseite","item":"https:\/\/slubb.de\/fr\/page-daccueil\/"},{"@type":"ListItem","position":2,"name":"Boutique","item":"https:\/\/slubb.de\/fr\/boutique\/"},{"@type":"ListItem","position":3,"name":"Slubb\u00ae\ufe0fWomen Recharge"}]},{"@type":"WebSite","@id":"https:\/\/slubb.de\/fr\/#website","url":"https:\/\/slubb.de\/fr\/","name":"Slubb\u00ae","description":"","publisher":{"@id":"https:\/\/slubb.de\/fr\/#organization"},"potentialAction":[{"@type":"SearchAction","target":{"@type":"EntryPoint","urlTemplate":"https:\/\/slubb.de\/fr\/?s={search_term_string}"},"query-input":{"@type":"PropertyValueSpecification","valueRequired":true,"valueName":"search_term_string"}}],"inLanguage":"fr-FR"},{"@type":"Organization","@id":"https:\/\/slubb.de\/fr\/#organization","name":"Slubb\u00ae","url":"https:\/\/slubb.de\/fr\/","logo":{"@type":"ImageObject","inLanguage":"fr-FR","@id":"https:\/\/slubb.de\/fr\/#\/schema\/logo\/image\/","url":"https:\/\/slubb.de\/wp-content\/uploads\/2024\/12\/cropped-Slubb-Logo-Black.png","contentUrl":"https:\/\/slubb.de\/wp-content\/uploads\/2024\/12\/cropped-Slubb-Logo-Black.png","width":500,"height":205,"caption":"Slubb\u00ae"},"image":{"@id":"https:\/\/slubb.de\/fr\/#\/schema\/logo\/image\/"}}]}},"jetpack_sharing_enabled":true,"_links":{"self":[{"href":"https:\/\/slubb.de\/fr\/wp-json\/wp\/v2\/product\/10794","targetHints":{"allow":["GET"]}}],"collection":[{"href":"https:\/\/slubb.de\/fr\/wp-json\/wp\/v2\/product"}],"about":[{"href":"https:\/\/slubb.de\/fr\/wp-json\/wp\/v2\/types\/product"}],"wp:featuredmedia":[{"embeddable":true,"href":"https:\/\/slubb.de\/fr\/wp-json\/wp\/v2\/media\/10738"}],"wp:attachment":[{"href":"https:\/\/slubb.de\/fr\/wp-json\/wp\/v2\/media?parent=10794"}],"wp:term":[{"taxonomy":"product_brand","embeddable":true,"href":"https:\/\/slubb.de\/fr\/wp-json\/wp\/v2\/product_brand?post=10794"},{"taxonomy":"product_cat","embeddable":true,"href":"https:\/\/slubb.de\/fr\/wp-json\/wp\/v2\/product_cat?post=10794"},{"taxonomy":"product_tag","embeddable":true,"href":"https:\/\/slubb.de\/fr\/wp-json\/wp\/v2\/product_tag?post=10794"}],"curies":[{"name":"wp","href":"https:\/\/api.w.org\/{rel}","templated":true}]}}