{"id":10797,"date":"2021-01-25T14:36:18","date_gmt":"2021-01-25T13:36:18","guid":{"rendered":"https:\/\/slubb.de\/produkt\/slubb-masturbateur\/"},"modified":"2025-01-29T08:20:49","modified_gmt":"2025-01-29T07:20:49","slug":"slubb-masturbateur","status":"publish","type":"product","link":"https:\/\/slubb.de\/fr\/produkt\/slubb-masturbateur\/","title":{"rendered":"Slubb Masturbateur"},"content":{"rendered":"<p>Si vous avez d\u00e9j\u00e0 un outil multifonctionnel, vous pouvez v\u00e9rifier s&rsquo;il est compatible avec notre accessoire brevet\u00e9 Slubb\u00ae\ufe0f. Si vous n&rsquo;\u00eates pas s\u00fbr que votre machine soit adapt\u00e9e, envoyez-nous votre mod\u00e8le par e-mail et nous serons heureux de vous aider. <strong>Donn\u00e9es techniques :<\/strong><br \/>\nLongueur min : 365 mm \/ Largeur min : 40 mm<br \/>\nMat\u00e9riel : caoutchouc SBR\/ PA66 Ultamid A3K<br \/>\nCouleur : noir<br \/>\nPoids : 75 g Livraison : Slubb Masturbateur, sans machine. Couleur noire. <\/p>\n<p><a href=\"https:\/\/slubb.de\/wp-content\/uploads\/2022\/12\/Bedienungsanleitung-Slubb-Masturbator-X3.pdf\" target=\"_blank\" rel=\"noopener\"><u>Mode d&#8217;emploi<\/u><\/a><\/p>\n","protected":false},"excerpt":{"rendered":"<p>Si vous avez d\u00e9j\u00e0 un outil multifonctionnel, vous pouvez v\u00e9rifier s&rsquo;il est compatible avec notre accessoire brevet\u00e9 Slubb\u00ae\ufe0f. Si vous n&rsquo;\u00eates pas s\u00fbr que votre machine soit adapt\u00e9e, envoyez-nous votre mod\u00e8le par e-mail et nous serons heureux de vous aider. Donn\u00e9es techniques : Longueur min : 365 mm \/ Largeur min : 40 mm Mat\u00e9riel [&hellip;]<\/p>\n","protected":false},"featured_media":10726,"template":"","meta":{"_acf_changed":false},"product_brand":[416],"product_cat":[451],"product_tag":[464,496,528,475,507,486,518,465,497,529,476,508,455,487,519,466,498,530,477,509,456,488,520,467,499,531,478,510,457,489,521,468,500,532,479,511,458,490,522,469,501,533,480,512,459,491,523,470,502,481,513,460,492,524,471,503,482,514,461,493,525,472,504,483,515,462,494,526,473,505,484,516,463,495,527,474,506,485,517],"class_list":{"0":"post-10797","1":"product","2":"type-product","3":"status-publish","4":"has-post-thumbnail","6":"product_brand-slubb","7":"product_cat-boutique","8":"product_tag-vibromasseur-pour-homme","9":"product_tag-mastubartors","10":"product_tag-slubb-fr-2","11":"product_tag-masturbateur-pour-hommes-fr","12":"product_tag-masturbateur-pour-petit-penis","13":"product_tag-mastrubrator-fr-2","14":"product_tag-masturbateur-relax","15":"product_tag-male-mastrubator-fr-2","16":"product_tag-masturbateur-pour-homme-fr","17":"product_tag-electro-masturbateur","18":"product_tag-mastrubateurs","19":"product_tag-maturbatoren-fr-2","20":"product_tag-masturbateur-electrique","21":"product_tag-masturbateur-automatique-de-haut-en-bas","22":"product_tag-masturbateurs-electriques","23":"product_tag-masturbateur-pour-hommes","24":"product_tag-matrubator-fr-2","25":"product_tag-porte-mastor","26":"product_tag-masturbatoe-fr-2","27":"product_tag-masturbateur-automatique","28":"product_tag-mastrobators","29":"product_tag-masturbation","30":"product_tag-mastobator-fr-2","31":"product_tag-aide-a-la-masturbation-homme","32":"product_tag-masturbateurs-automatiques-fr","33":"product_tag-mastubrator-fr-2","34":"product_tag-masturbateurs-en-test","35":"product_tag-masturbateur-pour-homme-fr-2","36":"product_tag-masturbateur","37":"product_tag-masturbateur-force","38":"product_tag-masturbateurs-hommes","39":"product_tag-masturbateurs-fr","40":"product_tag-vibrateur-pour-homme-fr","41":"product_tag-masturbateur-relax-fr","42":"product_tag-machine-a-branler","43":"product_tag-mastubator-men-fr-2","44":"product_tag-masturbateur-lui-meme","45":"product_tag-masturbateur-homme-discret","46":"product_tag-masturbateur-homme","47":"product_tag-vibrateur-homme","48":"product_tag-mastubator-fr-2","49":"product_tag-vibromasseur-pour-homme-fr-2","50":"product_tag-masturbateurs-pour-hommes-fr","51":"product_tag-masturbateur-pour-hommes-fr-3","52":"product_tag-vibrateur-pour-homme","53":"product_tag-mastubartor-fr-2","54":"product_tag-jouets-sexuels-pour-hommes","55":"product_tag-male-mastubator-fr-2","56":"product_tag-masturbateur-pour-lui","57":"product_tag-masturbateurs-pour-hommes-fr-2","58":"product_tag-masturbateurs-pas-chers-fr","59":"product_tag-masturbateurs-pas-chers","60":"product_tag-masturbateur-electrique-fr","61":"product_tag-masturbateurs-electriques-fr","62":"product_tag-mastrubator-man-fr-2","63":"product_tag-matubator-fr-2","64":"product_tag-masturbateur-fr","65":"product_tag-bondage-fr-2","66":"product_tag-mastrubator-fr-2","67":"product_tag-appareils-de-masturbation","68":"product_tag-mastobators","69":"product_tag-aides-a-la-masturbation-pour-hommes","70":"product_tag-maaturbator-automatique","71":"product_tag-boutique-de-masturbateurs","72":"product_tag-mastobartor-fr-2","73":"product_tag-masturbateurs","74":"product_tag-masturbateurs-automatiques","75":"product_tag-mastubatur-fr-2","76":"product_tag-masturbateurs-pour-hommes","77":"product_tag-masturbateur-pour-hommes-fr-2","78":"product_tag-machines-a-branler","79":"product_tag-masturbateurs-pour-hommes-fr-4","80":"product_tag-montrer-le-masturbateur","81":"product_tag-masturbateurs-pour-hommes-fr-3","82":"product_tag-masturbateur-homme-fr","83":"product_tag-vibromasseur-pour-homme-fr","84":"product_tag-masturbateur-electrique-pour-hommes","85":"product_tag-masturbateur-pour-homme","86":"product_tag-acheter-un-masturbateur","87":"product_shipping_class-slubb-seul","89":"first","90":"instock","91":"taxable","92":"shipping-taxable","93":"purchasable","94":"product-type-simple"},"acf":[],"yoast_head":"<!-- This site is optimized with the Yoast SEO plugin v27.4 - https:\/\/yoast.com\/product\/yoast-seo-wordpress\/ -->\n<title>Slubb Masturbateur - Slubb\u00ae<\/title>\n<meta name=\"description\" content=\"Si vous avez d\u00e9j\u00e0 un outil multifonctionnel, vous pouvez v\u00e9rifier s&#039;il est compatible avec notre accessoire brevet\u00e9 Slubb\u00ae\ufe0f. Si vous n&#039;\u00eates pas s\u00fbr que\" \/>\n<meta name=\"robots\" content=\"index, follow, max-snippet:-1, max-image-preview:large, max-video-preview:-1\" \/>\n<link rel=\"canonical\" href=\"https:\/\/slubb.de\/fr\/produkt\/slubb-masturbateur\/\" \/>\n<meta property=\"og:locale\" content=\"fr_FR\" \/>\n<meta property=\"og:type\" content=\"article\" \/>\n<meta property=\"og:title\" content=\"Slubb Masturbateur - Slubb\u00ae\" \/>\n<meta property=\"og:description\" content=\"Si vous avez d\u00e9j\u00e0 un outil multifonctionnel, vous pouvez v\u00e9rifier s&#039;il est compatible avec notre accessoire brevet\u00e9 Slubb\u00ae\ufe0f. Si vous n&#039;\u00eates pas s\u00fbr que\" \/>\n<meta property=\"og:url\" content=\"https:\/\/slubb.de\/fr\/produkt\/slubb-masturbateur\/\" \/>\n<meta property=\"og:site_name\" content=\"Slubb\u00ae\" \/>\n<meta property=\"article:modified_time\" content=\"2025-01-29T07:20:49+00:00\" \/>\n<meta property=\"og:image\" content=\"https:\/\/slubb.de\/wp-content\/uploads\/2021\/01\/slubb-masturbator.jpeg\" \/>\n\t<meta property=\"og:image:width\" content=\"1000\" \/>\n\t<meta property=\"og:image:height\" content=\"667\" \/>\n\t<meta property=\"og:image:type\" content=\"image\/jpeg\" \/>\n<meta name=\"twitter:card\" content=\"summary_large_image\" \/>\n<script type=\"application\/ld+json\" class=\"yoast-schema-graph\">{\"@context\":\"https:\\\/\\\/schema.org\",\"@graph\":[{\"@type\":\"WebPage\",\"@id\":\"https:\\\/\\\/slubb.de\\\/fr\\\/produkt\\\/slubb-masturbateur\\\/\",\"url\":\"https:\\\/\\\/slubb.de\\\/fr\\\/produkt\\\/slubb-masturbateur\\\/\",\"name\":\"Slubb Masturbateur - Slubb\u00ae\",\"isPartOf\":{\"@id\":\"https:\\\/\\\/slubb.de\\\/fr\\\/#website\"},\"primaryImageOfPage\":{\"@id\":\"https:\\\/\\\/slubb.de\\\/fr\\\/produkt\\\/slubb-masturbateur\\\/#primaryimage\"},\"image\":{\"@id\":\"https:\\\/\\\/slubb.de\\\/fr\\\/produkt\\\/slubb-masturbateur\\\/#primaryimage\"},\"thumbnailUrl\":\"https:\\\/\\\/slubb.de\\\/wp-content\\\/uploads\\\/2021\\\/01\\\/slubb-masturbator.jpeg\",\"datePublished\":\"2021-01-25T13:36:18+00:00\",\"dateModified\":\"2025-01-29T07:20:49+00:00\",\"description\":\"Si vous avez d\u00e9j\u00e0 un outil multifonctionnel, vous pouvez v\u00e9rifier s'il est compatible avec notre accessoire brevet\u00e9 Slubb\u00ae\ufe0f. Si vous n'\u00eates pas s\u00fbr que\",\"breadcrumb\":{\"@id\":\"https:\\\/\\\/slubb.de\\\/fr\\\/produkt\\\/slubb-masturbateur\\\/#breadcrumb\"},\"inLanguage\":\"fr-FR\",\"potentialAction\":[{\"@type\":\"ReadAction\",\"target\":[\"https:\\\/\\\/slubb.de\\\/fr\\\/produkt\\\/slubb-masturbateur\\\/\"]}]},{\"@type\":\"ImageObject\",\"inLanguage\":\"fr-FR\",\"@id\":\"https:\\\/\\\/slubb.de\\\/fr\\\/produkt\\\/slubb-masturbateur\\\/#primaryimage\",\"url\":\"https:\\\/\\\/slubb.de\\\/wp-content\\\/uploads\\\/2021\\\/01\\\/slubb-masturbator.jpeg\",\"contentUrl\":\"https:\\\/\\\/slubb.de\\\/wp-content\\\/uploads\\\/2021\\\/01\\\/slubb-masturbator.jpeg\",\"width\":1000,\"height\":667,\"caption\":\"slubb masturbateur\"},{\"@type\":\"BreadcrumbList\",\"@id\":\"https:\\\/\\\/slubb.de\\\/fr\\\/produkt\\\/slubb-masturbateur\\\/#breadcrumb\",\"itemListElement\":[{\"@type\":\"ListItem\",\"position\":1,\"name\":\"Startseite\",\"item\":\"https:\\\/\\\/slubb.de\\\/fr\\\/page-daccueil\\\/\"},{\"@type\":\"ListItem\",\"position\":2,\"name\":\"Boutique\",\"item\":\"https:\\\/\\\/slubb.de\\\/fr\\\/boutique\\\/\"},{\"@type\":\"ListItem\",\"position\":3,\"name\":\"Slubb Masturbateur\"}]},{\"@type\":\"WebSite\",\"@id\":\"https:\\\/\\\/slubb.de\\\/fr\\\/#website\",\"url\":\"https:\\\/\\\/slubb.de\\\/fr\\\/\",\"name\":\"Slubb\u00ae\",\"description\":\"\",\"publisher\":{\"@id\":\"https:\\\/\\\/slubb.de\\\/fr\\\/#organization\"},\"potentialAction\":[{\"@type\":\"SearchAction\",\"target\":{\"@type\":\"EntryPoint\",\"urlTemplate\":\"https:\\\/\\\/slubb.de\\\/fr\\\/?s={search_term_string}\"},\"query-input\":{\"@type\":\"PropertyValueSpecification\",\"valueRequired\":true,\"valueName\":\"search_term_string\"}}],\"inLanguage\":\"fr-FR\"},{\"@type\":\"Organization\",\"@id\":\"https:\\\/\\\/slubb.de\\\/fr\\\/#organization\",\"name\":\"Slubb\u00ae\",\"url\":\"https:\\\/\\\/slubb.de\\\/fr\\\/\",\"logo\":{\"@type\":\"ImageObject\",\"inLanguage\":\"fr-FR\",\"@id\":\"https:\\\/\\\/slubb.de\\\/fr\\\/#\\\/schema\\\/logo\\\/image\\\/\",\"url\":\"https:\\\/\\\/slubb.de\\\/wp-content\\\/uploads\\\/2024\\\/12\\\/cropped-Slubb-Logo-Black.png\",\"contentUrl\":\"https:\\\/\\\/slubb.de\\\/wp-content\\\/uploads\\\/2024\\\/12\\\/cropped-Slubb-Logo-Black.png\",\"width\":500,\"height\":205,\"caption\":\"Slubb\u00ae\"},\"image\":{\"@id\":\"https:\\\/\\\/slubb.de\\\/fr\\\/#\\\/schema\\\/logo\\\/image\\\/\"}}]}<\/script>\n<!-- \/ Yoast SEO plugin. -->","yoast_head_json":{"title":"Slubb Masturbateur - Slubb\u00ae","description":"Si vous avez d\u00e9j\u00e0 un outil multifonctionnel, vous pouvez v\u00e9rifier s'il est compatible avec notre accessoire brevet\u00e9 Slubb\u00ae\ufe0f. Si vous n'\u00eates pas s\u00fbr que","robots":{"index":"index","follow":"follow","max-snippet":"max-snippet:-1","max-image-preview":"max-image-preview:large","max-video-preview":"max-video-preview:-1"},"canonical":"https:\/\/slubb.de\/fr\/produkt\/slubb-masturbateur\/","og_locale":"fr_FR","og_type":"article","og_title":"Slubb Masturbateur - Slubb\u00ae","og_description":"Si vous avez d\u00e9j\u00e0 un outil multifonctionnel, vous pouvez v\u00e9rifier s'il est compatible avec notre accessoire brevet\u00e9 Slubb\u00ae\ufe0f. Si vous n'\u00eates pas s\u00fbr que","og_url":"https:\/\/slubb.de\/fr\/produkt\/slubb-masturbateur\/","og_site_name":"Slubb\u00ae","article_modified_time":"2025-01-29T07:20:49+00:00","og_image":[{"width":1000,"height":667,"url":"https:\/\/slubb.de\/wp-content\/uploads\/2021\/01\/slubb-masturbator.jpeg","type":"image\/jpeg"}],"twitter_card":"summary_large_image","schema":{"@context":"https:\/\/schema.org","@graph":[{"@type":"WebPage","@id":"https:\/\/slubb.de\/fr\/produkt\/slubb-masturbateur\/","url":"https:\/\/slubb.de\/fr\/produkt\/slubb-masturbateur\/","name":"Slubb Masturbateur - Slubb\u00ae","isPartOf":{"@id":"https:\/\/slubb.de\/fr\/#website"},"primaryImageOfPage":{"@id":"https:\/\/slubb.de\/fr\/produkt\/slubb-masturbateur\/#primaryimage"},"image":{"@id":"https:\/\/slubb.de\/fr\/produkt\/slubb-masturbateur\/#primaryimage"},"thumbnailUrl":"https:\/\/slubb.de\/wp-content\/uploads\/2021\/01\/slubb-masturbator.jpeg","datePublished":"2021-01-25T13:36:18+00:00","dateModified":"2025-01-29T07:20:49+00:00","description":"Si vous avez d\u00e9j\u00e0 un outil multifonctionnel, vous pouvez v\u00e9rifier s'il est compatible avec notre accessoire brevet\u00e9 Slubb\u00ae\ufe0f. Si vous n'\u00eates pas s\u00fbr que","breadcrumb":{"@id":"https:\/\/slubb.de\/fr\/produkt\/slubb-masturbateur\/#breadcrumb"},"inLanguage":"fr-FR","potentialAction":[{"@type":"ReadAction","target":["https:\/\/slubb.de\/fr\/produkt\/slubb-masturbateur\/"]}]},{"@type":"ImageObject","inLanguage":"fr-FR","@id":"https:\/\/slubb.de\/fr\/produkt\/slubb-masturbateur\/#primaryimage","url":"https:\/\/slubb.de\/wp-content\/uploads\/2021\/01\/slubb-masturbator.jpeg","contentUrl":"https:\/\/slubb.de\/wp-content\/uploads\/2021\/01\/slubb-masturbator.jpeg","width":1000,"height":667,"caption":"slubb masturbateur"},{"@type":"BreadcrumbList","@id":"https:\/\/slubb.de\/fr\/produkt\/slubb-masturbateur\/#breadcrumb","itemListElement":[{"@type":"ListItem","position":1,"name":"Startseite","item":"https:\/\/slubb.de\/fr\/page-daccueil\/"},{"@type":"ListItem","position":2,"name":"Boutique","item":"https:\/\/slubb.de\/fr\/boutique\/"},{"@type":"ListItem","position":3,"name":"Slubb Masturbateur"}]},{"@type":"WebSite","@id":"https:\/\/slubb.de\/fr\/#website","url":"https:\/\/slubb.de\/fr\/","name":"Slubb\u00ae","description":"","publisher":{"@id":"https:\/\/slubb.de\/fr\/#organization"},"potentialAction":[{"@type":"SearchAction","target":{"@type":"EntryPoint","urlTemplate":"https:\/\/slubb.de\/fr\/?s={search_term_string}"},"query-input":{"@type":"PropertyValueSpecification","valueRequired":true,"valueName":"search_term_string"}}],"inLanguage":"fr-FR"},{"@type":"Organization","@id":"https:\/\/slubb.de\/fr\/#organization","name":"Slubb\u00ae","url":"https:\/\/slubb.de\/fr\/","logo":{"@type":"ImageObject","inLanguage":"fr-FR","@id":"https:\/\/slubb.de\/fr\/#\/schema\/logo\/image\/","url":"https:\/\/slubb.de\/wp-content\/uploads\/2024\/12\/cropped-Slubb-Logo-Black.png","contentUrl":"https:\/\/slubb.de\/wp-content\/uploads\/2024\/12\/cropped-Slubb-Logo-Black.png","width":500,"height":205,"caption":"Slubb\u00ae"},"image":{"@id":"https:\/\/slubb.de\/fr\/#\/schema\/logo\/image\/"}}]}},"jetpack_sharing_enabled":true,"_links":{"self":[{"href":"https:\/\/slubb.de\/fr\/wp-json\/wp\/v2\/product\/10797","targetHints":{"allow":["GET"]}}],"collection":[{"href":"https:\/\/slubb.de\/fr\/wp-json\/wp\/v2\/product"}],"about":[{"href":"https:\/\/slubb.de\/fr\/wp-json\/wp\/v2\/types\/product"}],"wp:featuredmedia":[{"embeddable":true,"href":"https:\/\/slubb.de\/fr\/wp-json\/wp\/v2\/media\/10726"}],"wp:attachment":[{"href":"https:\/\/slubb.de\/fr\/wp-json\/wp\/v2\/media?parent=10797"}],"wp:term":[{"taxonomy":"product_brand","embeddable":true,"href":"https:\/\/slubb.de\/fr\/wp-json\/wp\/v2\/product_brand?post=10797"},{"taxonomy":"product_cat","embeddable":true,"href":"https:\/\/slubb.de\/fr\/wp-json\/wp\/v2\/product_cat?post=10797"},{"taxonomy":"product_tag","embeddable":true,"href":"https:\/\/slubb.de\/fr\/wp-json\/wp\/v2\/product_tag?post=10797"}],"curies":[{"name":"wp","href":"https:\/\/api.w.org\/{rel}","templated":true}]}}